{"id":8007,"date":"2025-05-13T15:18:37","date_gmt":"2025-05-13T15:18:37","guid":{"rendered":"https:\/\/pinedesign.nl\/product\/couchtisch-harmonie\/"},"modified":"2025-05-13T15:18:37","modified_gmt":"2025-05-13T15:18:37","slug":"couchtisch-harmonie","status":"publish","type":"product","link":"https:\/\/pinedesign.nl\/de\/product\/couchtisch-harmonie\/","title":{"rendered":"Couchtisch Harmonie"},"content":{"rendered":"<h3 class=\"\" data-start=\"148\" data-end=\"184\">Couchtisch Harmonie \u2013 Eleonora<\/h3>\n<p class=\"\" data-start=\"185\" data-end=\"227\"><strong data-start=\"185\" data-end=\"227\">Ruhe, Balance und ein stilvolles Statement<\/strong><\/p>\n<p class=\"\" data-start=\"229\" data-end=\"484\">Der Name ist Programm: <strong data-start=\"250\" data-end=\"262\">Harmonie<\/strong> bringt alles ins Gleichgewicht. Dieser Couchtisch von <strong data-start=\"310\" data-end=\"322\">Eleonora<\/strong> kombiniert sanfte Formen mit einer soliden Ausstrahlung. Mit seinen abgerundeten Ecken und robusten Beinen vereint dieser Tisch m\u00fchelos Kraft und Raffinesse.  <\/p>\n<p class=\"\" data-start=\"486\" data-end=\"788\">Erh\u00e4ltlich in zwei wundersch\u00f6nen Ausf\u00fchrungen \u2013 <strong data-start=\"532\" data-end=\"549\">Eiche natur<\/strong> und <strong data-start=\"553\" data-end=\"568\">Eiche braun<\/strong> \u2013 ist Harmonie die ideale Erg\u00e4nzung f\u00fcr jedes Interieur, von modern bis organisch oder Japandi. Die Ma\u00dfe von <strong data-start=\"677\" data-end=\"696\">80 x 80 x 30 cm<\/strong> machen ihn kompakt und dennoch auff\u00e4llig, perfekt f\u00fcr die Sitzecke, in der Design und Komfort verschmelzen. <\/p>\n<p class=\"\" data-start=\"859\" data-end=\"945\">Komm in unserem Showroom vorbei und erlebe selbst die Kraft der Einfachheit. Harmonie wartet auf dich. <\/p>\n","protected":false},"excerpt":{"rendered":"<h3 class=\"\" data-start=\"148\" data-end=\"184\">Couchtisch Harmonie \u2013 Eleonora<\/h3>\n<p class=\"\" data-start=\"185\" data-end=\"227\"><strong data-start=\"185\" data-end=\"227\">Ruhe, Balance und ein stilvolles Statement<\/strong><\/p>\n<p class=\"\" data-start=\"229\" data-end=\"484\">Der Name ist Programm: <strong data-start=\"250\" data-end=\"262\">Harmonie<\/strong> bringt alles ins Gleichgewicht. Dieser Couchtisch von <strong data-start=\"310\" data-end=\"322\">Eleonora<\/strong> kombiniert sanfte Formen mit einer soliden Ausstrahlung. Mit seinen abgerundeten Ecken und robusten Beinen vereint dieser Tisch m\u00fchelos Kraft und Raffinesse.  <\/p>\n<p class=\"\" data-start=\"486\" data-end=\"788\">Erh\u00e4ltlich in zwei wundersch\u00f6nen Ausf\u00fchrungen \u2013 <strong data-start=\"532\" data-end=\"549\">Eiche natur<\/strong> und <strong data-start=\"553\" data-end=\"568\">Eiche braun<\/strong> \u2013 ist Harmonie die ideale Erg\u00e4nzung f\u00fcr jedes Interieur, von modern bis organisch oder Japandi. Die Ma\u00dfe von <strong data-start=\"677\" data-end=\"696\">80 x 80 x 30 cm<\/strong> machen ihn kompakt und dennoch auff\u00e4llig, perfekt f\u00fcr die Sitzecke, in der Design und Komfort verschmelzen. <\/p>\n<p class=\"\" data-start=\"859\" data-end=\"945\">Komm in unserem Showroom vorbei und erlebe selbst die Kraft der Einfachheit. Harmonie wartet auf dich. <\/p>\n","protected":false},"featured_media":6368,"template":"","meta":{"_joinchat":[]},"product_brand":[],"product_cat":[135,151,136,121],"product_tag":[],"class_list":{"0":"post-8007","1":"product","2":"type-product","3":"status-publish","4":"has-post-thumbnail","6":"product_cat-couchtische","7":"product_cat-eleonora","8":"product_cat-marken","9":"product_cat-tische","11":"first","12":"instock","13":"shipping-taxable","14":"product-type-simple"},"_links":{"self":[{"href":"https:\/\/pinedesign.nl\/de\/wp-json\/wp\/v2\/product\/8007","targetHints":{"allow":["GET"]}}],"collection":[{"href":"https:\/\/pinedesign.nl\/de\/wp-json\/wp\/v2\/product"}],"about":[{"href":"https:\/\/pinedesign.nl\/de\/wp-json\/wp\/v2\/types\/product"}],"wp:featuredmedia":[{"embeddable":true,"href":"https:\/\/pinedesign.nl\/de\/wp-json\/wp\/v2\/media\/6368"}],"wp:attachment":[{"href":"https:\/\/pinedesign.nl\/de\/wp-json\/wp\/v2\/media?parent=8007"}],"wp:term":[{"taxonomy":"product_brand","embeddable":true,"href":"https:\/\/pinedesign.nl\/de\/wp-json\/wp\/v2\/product_brand?post=8007"},{"taxonomy":"product_cat","embeddable":true,"href":"https:\/\/pinedesign.nl\/de\/wp-json\/wp\/v2\/product_cat?post=8007"},{"taxonomy":"product_tag","embeddable":true,"href":"https:\/\/pinedesign.nl\/de\/wp-json\/wp\/v2\/product_tag?post=8007"}],"curies":[{"name":"wp","href":"https:\/\/api.w.org\/{rel}","templated":true}]}}