{"id":8006,"date":"2025-05-30T11:09:17","date_gmt":"2025-05-30T11:09:17","guid":{"rendered":"https:\/\/pinedesign.nl\/product\/esszimmerstuhl-actu\/"},"modified":"2025-05-30T11:09:17","modified_gmt":"2025-05-30T11:09:17","slug":"esszimmerstuhl-actu","status":"publish","type":"product","link":"https:\/\/pinedesign.nl\/de\/product\/esszimmerstuhl-actu\/","title":{"rendered":"Esszimmerstuhl Actu"},"content":{"rendered":"<h3 data-start=\"113\" data-end=\"176\">Esszimmerstuhl Actu \u2013 Elegant, luftig und ganz nach Wunsch<\/h3>\n<p data-start=\"178\" data-end=\"435\">Der <strong data-start=\"181\" data-end=\"203\">Esszimmerstuhl Actu<\/strong> von <strong data-start=\"208\" data-end=\"221\">HE Design<\/strong> ist ein stilvoller Blickfang mit einem <strong data-start=\"259\" data-end=\"277\">luftigen Design<\/strong> und einer <strong data-start=\"285\" data-end=\"318\">bequemen, hohen R\u00fcckenlehne<\/strong>. Perfekt f\u00fcr lange Abende am Tisch \u2013 ob beim Dinner mit Freunden oder einem entspannten Fr\u00fchst\u00fcck in aller Ruhe. <\/p>\n<p data-start=\"437\" data-end=\"730\">Actu ist <strong data-start=\"458\" data-end=\"488\">mit oder ohne Armlehnen<\/strong> erh\u00e4ltlich, sodass du genau w\u00e4hlen kannst, was am besten zu deinem Tisch und deinen Sitzvorlieben passt. Zudem l\u00e4sst sich der Stuhl mit einer gro\u00dfen Auswahl an <strong data-start=\"642\" data-end=\"668\">Stoffen und Lederarten<\/strong> sowie <strong data-start=\"673\" data-end=\"688\">Beinfarben<\/strong> von dezent bis auff\u00e4llig vollst\u00e4ndig personalisieren. <\/p>\n<p data-start=\"732\" data-end=\"840\">Ob du es modern, klassisch-warm oder etwas dazwischen magst \u2013 <strong data-start=\"801\" data-end=\"840\">der Actu passt sich deinem Stil an.<\/strong><\/p>\n<p data-start=\"842\" data-end=\"1033\">Und nat\u00fcrlich: Einen Stuhl muss man sp\u00fcren.<br data-start=\"882\" data-end=\"885\"><strong data-start=\"885\" data-end=\"956\">Komm in unserem Gesch\u00e4ft vorbei und erlebe den Sitzkomfort des Actu selbst.<\/strong> Wir helfen dir gerne bei der Gestaltung deiner idealen Ausf\u00fchrung.<\/p>\n","protected":false},"excerpt":{"rendered":"<h3 data-start=\"113\" data-end=\"176\">Esszimmerstuhl Actu \u2013 Elegant, luftig und ganz nach Wunsch<\/h3>\n<p data-start=\"178\" data-end=\"435\">Der <strong data-start=\"181\" data-end=\"203\">Esszimmerstuhl Actu<\/strong> von <strong data-start=\"208\" data-end=\"221\">HE Design<\/strong> ist ein stilvoller Blickfang mit einem <strong data-start=\"259\" data-end=\"277\">luftigen Design<\/strong> und einer <strong data-start=\"285\" data-end=\"318\">bequemen, hohen R\u00fcckenlehne<\/strong>. Perfekt f\u00fcr lange Abende am Tisch \u2013 ob beim Dinner mit Freunden oder einem entspannten Fr\u00fchst\u00fcck in aller Ruhe. <\/p>\n<p data-start=\"437\" data-end=\"730\">Actu ist <strong data-start=\"458\" data-end=\"488\">mit oder ohne Armlehnen<\/strong> erh\u00e4ltlich, sodass du genau w\u00e4hlen kannst, was am besten zu deinem Tisch und deinen Sitzvorlieben passt. Zudem l\u00e4sst sich der Stuhl mit einer gro\u00dfen Auswahl an <strong data-start=\"642\" data-end=\"668\">Stoffen und Lederarten<\/strong> sowie <strong data-start=\"673\" data-end=\"688\">Beinfarben<\/strong> von dezent bis auff\u00e4llig vollst\u00e4ndig personalisieren. <\/p>\n<p data-start=\"732\" data-end=\"840\">Ob du es modern, klassisch-warm oder etwas dazwischen magst \u2013 <strong data-start=\"801\" data-end=\"840\">der Actu passt sich deinem Stil an.<\/strong><\/p>\n<p data-start=\"842\" data-end=\"1033\">Und nat\u00fcrlich: Einen Stuhl muss man sp\u00fcren.<br data-start=\"882\" data-end=\"885\"><strong data-start=\"885\" data-end=\"956\">Komm in unserem Gesch\u00e4ft vorbei und erlebe den Sitzkomfort des Actu selbst.<\/strong> Wir helfen dir gerne bei der Gestaltung deiner idealen Ausf\u00fchrung.<\/p>\n","protected":false},"featured_media":6408,"template":"","meta":{"_joinchat":[]},"product_brand":[],"product_cat":[128,143,136,124],"product_tag":[],"class_list":{"0":"post-8006","1":"product","2":"type-product","3":"status-publish","4":"has-post-thumbnail","6":"product_cat-esszimmerstuhle","7":"product_cat-he-design","8":"product_cat-marken","9":"product_cat-sitzmobel","11":"first","12":"instock","13":"shipping-taxable","14":"product-type-simple"},"_links":{"self":[{"href":"https:\/\/pinedesign.nl\/de\/wp-json\/wp\/v2\/product\/8006","targetHints":{"allow":["GET"]}}],"collection":[{"href":"https:\/\/pinedesign.nl\/de\/wp-json\/wp\/v2\/product"}],"about":[{"href":"https:\/\/pinedesign.nl\/de\/wp-json\/wp\/v2\/types\/product"}],"wp:featuredmedia":[{"embeddable":true,"href":"https:\/\/pinedesign.nl\/de\/wp-json\/wp\/v2\/media\/6408"}],"wp:attachment":[{"href":"https:\/\/pinedesign.nl\/de\/wp-json\/wp\/v2\/media?parent=8006"}],"wp:term":[{"taxonomy":"product_brand","embeddable":true,"href":"https:\/\/pinedesign.nl\/de\/wp-json\/wp\/v2\/product_brand?post=8006"},{"taxonomy":"product_cat","embeddable":true,"href":"https:\/\/pinedesign.nl\/de\/wp-json\/wp\/v2\/product_cat?post=8006"},{"taxonomy":"product_tag","embeddable":true,"href":"https:\/\/pinedesign.nl\/de\/wp-json\/wp\/v2\/product_tag?post=8006"}],"curies":[{"name":"wp","href":"https:\/\/api.w.org\/{rel}","templated":true}]}}