{"id":7998,"date":"2025-05-13T15:11:18","date_gmt":"2025-05-13T15:11:18","guid":{"rendered":"https:\/\/pinedesign.nl\/product\/wandregal-renee\/"},"modified":"2025-05-13T15:11:18","modified_gmt":"2025-05-13T15:11:18","slug":"wandregal-renee","status":"publish","type":"product","link":"https:\/\/pinedesign.nl\/de\/product\/wandregal-renee\/","title":{"rendered":"Wandregal Renee"},"content":{"rendered":"<h3 class=\"\" data-start=\"169\" data-end=\"200\">Wandregal Renee \u2013 Eleonora<\/h3>\n<p class=\"\" data-start=\"201\" data-end=\"248\"><strong data-start=\"201\" data-end=\"248\">Stilvoll verstauen mit nat\u00fcrlichem Touch<\/strong><\/p>\n<p class=\"\" data-start=\"250\" data-end=\"553\">Das <strong data-start=\"253\" data-end=\"271\">Wandregal Renee<\/strong> von Eleonora ist der Inbegriff subtiler Eleganz. Gefertigt aus wundersch\u00f6nem hellem Eichenholz strahlt dieses Regal Ruhe, W\u00e4rme und Klasse aus. Die spielerische, asymmetrische Einteilung verleiht dem Ganzen einen modernen Twist, w\u00e4hrend die nat\u00fcrlichen Materialien f\u00fcr eine zeitlose Ausstrahlung sorgen.  <\/p>\n<p class=\"\" data-start=\"555\" data-end=\"790\">Mit einem Format von <strong data-start=\"575\" data-end=\"595\">160 x 70 x 30 cm<\/strong> passt Renee perfekt in einen schmalen Flur sowie in ein stilvolles Wohnzimmer oder an den Arbeitsplatz. Kombiniere es mit B\u00fcchern, Vasen, Pflanzen oder deiner Lieblingsdeko: Dieses Regal macht jedes Teil zum Prunkst\u00fcck. <\/p>\n<p class=\"\" data-start=\"792\" data-end=\"893\"><strong data-start=\"792\" data-end=\"893\">Funktional und dekorativ \u2013 ein echter Blickfang, der die Atmosph\u00e4re in deinem Zuhause auf ein neues Level hebt.<\/strong><\/p>\n<p class=\"\" data-start=\"895\" data-end=\"1041\">Komm vorbei, bewundere es in unserem Gesch\u00e4ft und sp\u00fcre die Qualit\u00e4t hautnah. Wetten, dass du sofort Ideen bekommst, wo es bei dir zu Hause h\u00e4ngen darf? <\/p>\n","protected":false},"excerpt":{"rendered":"<h3 class=\"\" data-start=\"169\" data-end=\"200\">Wandregal Renee \u2013 Eleonora<\/h3>\n<p class=\"\" data-start=\"201\" data-end=\"248\"><strong data-start=\"201\" data-end=\"248\">Stilvoll verstauen mit nat\u00fcrlichem Touch<\/strong><\/p>\n<p class=\"\" data-start=\"250\" data-end=\"553\">Das <strong data-start=\"253\" data-end=\"271\">Wandregal Renee<\/strong> von Eleonora ist der Inbegriff subtiler Eleganz. Gefertigt aus wundersch\u00f6nem hellem Eichenholz strahlt dieses Regal Ruhe, W\u00e4rme und Klasse aus. Die spielerische, asymmetrische Einteilung verleiht dem Ganzen einen modernen Twist, w\u00e4hrend die nat\u00fcrlichen Materialien f\u00fcr eine zeitlose Ausstrahlung sorgen.  <\/p>\n<p class=\"\" data-start=\"555\" data-end=\"790\">Mit einem Format von <strong data-start=\"575\" data-end=\"595\">160 x 70 x 30 cm<\/strong> passt Renee perfekt in einen schmalen Flur sowie in ein stilvolles Wohnzimmer oder an den Arbeitsplatz. Kombiniere es mit B\u00fcchern, Vasen, Pflanzen oder deiner Lieblingsdeko: Dieses Regal macht jedes Teil zum Prunkst\u00fcck. <\/p>\n<p class=\"\" data-start=\"792\" data-end=\"893\"><strong data-start=\"792\" data-end=\"893\">Funktional und dekorativ \u2013 ein echter Blickfang, der die Atmosph\u00e4re in deinem Zuhause auf ein neues Level hebt.<\/strong><\/p>\n<p class=\"\" data-start=\"895\" data-end=\"1041\">Komm vorbei, bewundere es in unserem Gesch\u00e4ft und sp\u00fcre die Qualit\u00e4t hautnah. Wetten, dass du sofort Ideen bekommst, wo es bei dir zu Hause h\u00e4ngen darf? <\/p>\n","protected":false},"featured_media":6363,"template":"","meta":{"_joinchat":[]},"product_brand":[],"product_cat":[151,136,115,131],"product_tag":[],"class_list":{"0":"post-7998","1":"product","2":"type-product","3":"status-publish","4":"has-post-thumbnail","6":"product_cat-eleonora","7":"product_cat-marken","8":"product_cat-schranke","9":"product_cat-wandschranke","11":"first","12":"instock","13":"shipping-taxable","14":"product-type-simple"},"_links":{"self":[{"href":"https:\/\/pinedesign.nl\/de\/wp-json\/wp\/v2\/product\/7998","targetHints":{"allow":["GET"]}}],"collection":[{"href":"https:\/\/pinedesign.nl\/de\/wp-json\/wp\/v2\/product"}],"about":[{"href":"https:\/\/pinedesign.nl\/de\/wp-json\/wp\/v2\/types\/product"}],"wp:featuredmedia":[{"embeddable":true,"href":"https:\/\/pinedesign.nl\/de\/wp-json\/wp\/v2\/media\/6363"}],"wp:attachment":[{"href":"https:\/\/pinedesign.nl\/de\/wp-json\/wp\/v2\/media?parent=7998"}],"wp:term":[{"taxonomy":"product_brand","embeddable":true,"href":"https:\/\/pinedesign.nl\/de\/wp-json\/wp\/v2\/product_brand?post=7998"},{"taxonomy":"product_cat","embeddable":true,"href":"https:\/\/pinedesign.nl\/de\/wp-json\/wp\/v2\/product_cat?post=7998"},{"taxonomy":"product_tag","embeddable":true,"href":"https:\/\/pinedesign.nl\/de\/wp-json\/wp\/v2\/product_tag?post=7998"}],"curies":[{"name":"wp","href":"https:\/\/api.w.org\/{rel}","templated":true}]}}