{"id":7989,"date":"2025-05-13T15:00:06","date_gmt":"2025-05-13T15:00:06","guid":{"rendered":"https:\/\/pinedesign.nl\/product\/sessel-hug\/"},"modified":"2025-05-13T15:00:06","modified_gmt":"2025-05-13T15:00:06","slug":"sessel-hug","status":"publish","type":"product","link":"https:\/\/pinedesign.nl\/de\/product\/sessel-hug\/","title":{"rendered":"Sessel Hug"},"content":{"rendered":"<h3 class=\"\" data-start=\"161\" data-end=\"188\">Sessel Hug \u2013 By Boo<\/h3>\n<p class=\"\" data-start=\"189\" data-end=\"247\"><strong data-start=\"189\" data-end=\"247\">Ansehen und verlieben. Hinsetzen und nie wieder aufstehen. <\/strong><\/p>\n<p class=\"\" data-start=\"249\" data-end=\"479\">Der Name ist Programm: <strong data-start=\"270\" data-end=\"277\">Hug<\/strong> ist der Sessel, der dich umarmt. Weich, rund und unwiderstehlich gem\u00fctlich. Dieser Eyecatcher von <strong data-start=\"365\" data-end=\"375\">By Boo<\/strong> hat einen extrem hohen Kuschelfaktor \u2013 als w\u00e4re er extra daf\u00fcr gemacht, den Tag ausklingen zu lassen.  <\/p>\n<p class=\"\" data-start=\"481\" data-end=\"755\">Erh\u00e4ltlich in zwei stilvollen Farben \u2013 <strong data-start=\"523\" data-end=\"532\">Beige<\/strong> und <strong data-start=\"536\" data-end=\"545\">Taupe<\/strong> \u2013 f\u00fcgt sich Hug m\u00fchelos in jedes Interieur ein. Er strahlt W\u00e4rme und Ruhe aus, ist aber gleichzeitig ein Statement-Piece, das sofort die Blicke auf sich zieht. Schon der Anblick ist ein Genuss&#8230; aber warte erst mal, bis du darin sitzt.  <\/p>\n<p class=\"\" data-start=\"757\" data-end=\"829\"><strong data-start=\"757\" data-end=\"829\">Einmal hingesetzt und du sinkst tief ein. Entspannung auf h\u00f6chstem Niveau. <\/strong><\/p>\n<p class=\"\" data-start=\"831\" data-end=\"946\">Willst du es selbst erleben? Komm in unserem Laden vorbei und probier den Hug aus. Wetten, dass du nie wieder etwas anderes willst?  <\/p>\n","protected":false},"excerpt":{"rendered":"<h3 class=\"\" data-start=\"161\" data-end=\"188\">Sessel Hug \u2013 By Boo<\/h3>\n<p class=\"\" data-start=\"189\" data-end=\"247\"><strong data-start=\"189\" data-end=\"247\">Ansehen und verlieben. Hinsetzen und nie wieder aufstehen. <\/strong><\/p>\n<p class=\"\" data-start=\"249\" data-end=\"479\">Der Name ist Programm: <strong data-start=\"270\" data-end=\"277\">Hug<\/strong> ist der Sessel, der dich umarmt. Weich, rund und unwiderstehlich gem\u00fctlich. Dieser Eyecatcher von <strong data-start=\"365\" data-end=\"375\">By Boo<\/strong> hat einen extrem hohen Kuschelfaktor \u2013 als w\u00e4re er extra daf\u00fcr gemacht, den Tag ausklingen zu lassen.  <\/p>\n<p class=\"\" data-start=\"481\" data-end=\"755\">Erh\u00e4ltlich in zwei stilvollen Farben \u2013 <strong data-start=\"523\" data-end=\"532\">Beige<\/strong> und <strong data-start=\"536\" data-end=\"545\">Taupe<\/strong> \u2013 f\u00fcgt sich Hug m\u00fchelos in jedes Interieur ein. Er strahlt W\u00e4rme und Ruhe aus, ist aber gleichzeitig ein Statement-Piece, das sofort die Blicke auf sich zieht. Schon der Anblick ist ein Genuss&#8230; aber warte erst mal, bis du darin sitzt.  <\/p>\n<p class=\"\" data-start=\"757\" data-end=\"829\"><strong data-start=\"757\" data-end=\"829\">Einmal hingesetzt und du sinkst tief ein. Entspannung auf h\u00f6chstem Niveau. <\/strong><\/p>\n<p class=\"\" data-start=\"831\" data-end=\"946\">Willst du es selbst erleben? Komm in unserem Laden vorbei und probier den Hug aus. Wetten, dass du nie wieder etwas anderes willst?  <\/p>\n","protected":false},"featured_media":6359,"template":"","meta":{"_joinchat":[]},"product_brand":[],"product_cat":[153,136,130,124],"product_tag":[],"class_list":{"0":"post-7989","1":"product","2":"type-product","3":"status-publish","4":"has-post-thumbnail","6":"product_cat-by-boo","7":"product_cat-marken","8":"product_cat-sessel","9":"product_cat-sitzmobel","11":"first","12":"instock","13":"shipping-taxable","14":"product-type-simple"},"_links":{"self":[{"href":"https:\/\/pinedesign.nl\/de\/wp-json\/wp\/v2\/product\/7989","targetHints":{"allow":["GET"]}}],"collection":[{"href":"https:\/\/pinedesign.nl\/de\/wp-json\/wp\/v2\/product"}],"about":[{"href":"https:\/\/pinedesign.nl\/de\/wp-json\/wp\/v2\/types\/product"}],"wp:featuredmedia":[{"embeddable":true,"href":"https:\/\/pinedesign.nl\/de\/wp-json\/wp\/v2\/media\/6359"}],"wp:attachment":[{"href":"https:\/\/pinedesign.nl\/de\/wp-json\/wp\/v2\/media?parent=7989"}],"wp:term":[{"taxonomy":"product_brand","embeddable":true,"href":"https:\/\/pinedesign.nl\/de\/wp-json\/wp\/v2\/product_brand?post=7989"},{"taxonomy":"product_cat","embeddable":true,"href":"https:\/\/pinedesign.nl\/de\/wp-json\/wp\/v2\/product_cat?post=7989"},{"taxonomy":"product_tag","embeddable":true,"href":"https:\/\/pinedesign.nl\/de\/wp-json\/wp\/v2\/product_tag?post=7989"}],"curies":[{"name":"wp","href":"https:\/\/api.w.org\/{rel}","templated":true}]}}