{"id":7988,"date":"2025-05-16T11:33:02","date_gmt":"2025-05-16T11:33:02","guid":{"rendered":"https:\/\/pinedesign.nl\/product\/couchtisch-mayson\/"},"modified":"2025-05-16T11:33:02","modified_gmt":"2025-05-16T11:33:02","slug":"couchtisch-mayson","status":"publish","type":"product","link":"https:\/\/pinedesign.nl\/de\/product\/couchtisch-mayson\/","title":{"rendered":"Couchtisch Mayson"},"content":{"rendered":"<h3 class=\"\" data-start=\"177\" data-end=\"228\"><strong data-start=\"181\" data-end=\"228\">Couchtisch Mayson \u2013 rund, robust und stilvoll<\/strong><\/h3>\n<p class=\"\" data-start=\"230\" data-end=\"477\">Ein Statement in deinem Wohnzimmer? Das gelingt dir m\u00fchelos mit dem <strong data-start=\"287\" data-end=\"321\">Couchtisch Mayson von Eleonora<\/strong>. Dieser runde Eyecatcher kombiniert moderne Eleganz mit einem robusten Touch und ist in zwei raffinierten Farben erh\u00e4ltlich: <strong data-start=\"444\" data-end=\"458\">Warmbeige<\/strong> und <strong data-start=\"462\" data-end=\"475\">Tiefrot<\/strong>.  <\/p>\n<p class=\"\" data-start=\"479\" data-end=\"771\">W\u00e4hle aus zwei Gr\u00f6\u00dfen \u2013 <strong data-start=\"504\" data-end=\"521\">\u00f8 120 x H 25 cm<\/strong> oder <strong data-start=\"525\" data-end=\"541\">\u00f8 90 x H 35 cm<\/strong> \u2013 und spiele mit H\u00f6hen und Formen. Kombiniere sie als stilvolles Set f\u00fcr einen Layering-Effekt oder lass einen Tisch solo strahlen. Dank des einzigartigen Designs passt Mayson perfekt in minimalistische sowie charaktervolle Interieurs.  <\/p>\n<p class=\"\" data-start=\"773\" data-end=\"909\">\ud83d\udd38 <strong data-start=\"776\" data-end=\"808\">In zwei Farben erh\u00e4ltlich<\/strong><br data-start=\"808\" data-end=\"811\">\ud83d\udd38 <strong data-start=\"814\" data-end=\"852\">Zwei Gr\u00f6\u00dfen, perfekt einzeln oder als Duo<\/strong><br data-start=\"852\" data-end=\"855\">\ud83d\udd38 <strong data-start=\"858\" data-end=\"909\">Runde Formen f\u00fcr einen sanften, einladenden Look<\/strong><\/p>\n<p class=\"\" data-start=\"911\" data-end=\"1012\">Neugierig, wie Mayson dein Interieur vervollst\u00e4ndigt?<br data-start=\"961\" data-end=\"964\"><strong data-start=\"964\" data-end=\"1012\">Komm in unserem Gesch\u00e4ft vorbei und erlebe es selbst!<\/strong><\/p>\n","protected":false},"excerpt":{"rendered":"<h3 class=\"\" data-start=\"177\" data-end=\"228\"><strong data-start=\"181\" data-end=\"228\">Couchtisch Mayson \u2013 rund, robust und stilvoll<\/strong><\/h3>\n<p class=\"\" data-start=\"230\" data-end=\"477\">Ein Statement in deinem Wohnzimmer? Das gelingt dir m\u00fchelos mit dem <strong data-start=\"287\" data-end=\"321\">Couchtisch Mayson von Eleonora<\/strong>. Dieser runde Eyecatcher kombiniert moderne Eleganz mit einem robusten Touch und ist in zwei raffinierten Farben erh\u00e4ltlich: <strong data-start=\"444\" data-end=\"458\">Warmbeige<\/strong> und <strong data-start=\"462\" data-end=\"475\">Tiefrot<\/strong>.  <\/p>\n<p class=\"\" data-start=\"479\" data-end=\"771\">W\u00e4hle aus zwei Gr\u00f6\u00dfen \u2013 <strong data-start=\"504\" data-end=\"521\">\u00f8 120 x H 25 cm<\/strong> oder <strong data-start=\"525\" data-end=\"541\">\u00f8 90 x H 35 cm<\/strong> \u2013 und spiele mit H\u00f6hen und Formen. Kombiniere sie als stilvolles Set f\u00fcr einen Layering-Effekt oder lass einen Tisch solo strahlen. Dank des einzigartigen Designs passt Mayson perfekt in minimalistische sowie charaktervolle Interieurs.  <\/p>\n<p class=\"\" data-start=\"773\" data-end=\"909\">\ud83d\udd38 <strong data-start=\"776\" data-end=\"808\">In zwei Farben erh\u00e4ltlich<\/strong><br data-start=\"808\" data-end=\"811\">\ud83d\udd38 <strong data-start=\"814\" data-end=\"852\">Zwei Gr\u00f6\u00dfen, perfekt einzeln oder als Duo<\/strong><br data-start=\"852\" data-end=\"855\">\ud83d\udd38 <strong data-start=\"858\" data-end=\"909\">Runde Formen f\u00fcr einen sanften, einladenden Look<\/strong><\/p>\n<p class=\"\" data-start=\"911\" data-end=\"1012\">Neugierig, wie Mayson dein Interieur vervollst\u00e4ndigt?<br data-start=\"961\" data-end=\"964\"><strong data-start=\"964\" data-end=\"1012\">Komm in unserem Gesch\u00e4ft vorbei und erlebe es selbst!<\/strong><\/p>\n","protected":false},"featured_media":6381,"template":"","meta":{"_joinchat":[]},"product_brand":[],"product_cat":[135,151,136,121],"product_tag":[],"class_list":{"0":"post-7988","1":"product","2":"type-product","3":"status-publish","4":"has-post-thumbnail","6":"product_cat-couchtische","7":"product_cat-eleonora","8":"product_cat-marken","9":"product_cat-tische","11":"first","12":"instock","13":"shipping-taxable","14":"product-type-simple"},"_links":{"self":[{"href":"https:\/\/pinedesign.nl\/de\/wp-json\/wp\/v2\/product\/7988","targetHints":{"allow":["GET"]}}],"collection":[{"href":"https:\/\/pinedesign.nl\/de\/wp-json\/wp\/v2\/product"}],"about":[{"href":"https:\/\/pinedesign.nl\/de\/wp-json\/wp\/v2\/types\/product"}],"wp:featuredmedia":[{"embeddable":true,"href":"https:\/\/pinedesign.nl\/de\/wp-json\/wp\/v2\/media\/6381"}],"wp:attachment":[{"href":"https:\/\/pinedesign.nl\/de\/wp-json\/wp\/v2\/media?parent=7988"}],"wp:term":[{"taxonomy":"product_brand","embeddable":true,"href":"https:\/\/pinedesign.nl\/de\/wp-json\/wp\/v2\/product_brand?post=7988"},{"taxonomy":"product_cat","embeddable":true,"href":"https:\/\/pinedesign.nl\/de\/wp-json\/wp\/v2\/product_cat?post=7988"},{"taxonomy":"product_tag","embeddable":true,"href":"https:\/\/pinedesign.nl\/de\/wp-json\/wp\/v2\/product_tag?post=7988"}],"curies":[{"name":"wp","href":"https:\/\/api.w.org\/{rel}","templated":true}]}}