{"id":7980,"date":"2025-05-09T14:51:38","date_gmt":"2025-05-09T14:51:38","guid":{"rendered":"https:\/\/pinedesign.nl\/product\/sofa-alba\/"},"modified":"2025-05-09T14:51:38","modified_gmt":"2025-05-09T14:51:38","slug":"sofa-alba","status":"publish","type":"product","link":"https:\/\/pinedesign.nl\/de\/product\/sofa-alba\/","title":{"rendered":"Sofa Alba"},"content":{"rendered":"<p class=\"\" data-start=\"184\" data-end=\"256\"><strong data-start=\"184\" data-end=\"256\">Entdecke das Alba von Cartel Living<\/strong><\/p>\n<p class=\"\" data-start=\"258\" data-end=\"593\">Lerne <strong data-start=\"274\" data-end=\"282\">Alba<\/strong> kennen, das stilvolle und vielseitige Sofa von <strong data-start=\"322\" data-end=\"339\">Cartel Living<\/strong>. Dieses gro\u00dfz\u00fcgige Modulsofa passt sich ganz deinen Wohnw\u00fcnschen an. Erh\u00e4ltlich in <strong data-start=\"428\" data-end=\"452\">verschiedenen Konfigurationen<\/strong> und einer gro\u00dfen Auswahl an <strong data-start=\"476\" data-end=\"487\">Stoffen<\/strong>, von warm und weich bis hin zu schlicht und modern \u2013 es gibt immer eine Ausf\u00fchrung, die perfekt zu deiner Einrichtung passt.  <\/p>\n<p class=\"\" data-start=\"595\" data-end=\"872\">Doch was das Alba wirklich besonders macht, ist der <strong data-start=\"641\" data-end=\"669\">unvergleichliche Sitzkomfort<\/strong>. Komm in unserem Gesch\u00e4ft vorbei und erlebe selbst, wie herrlich du in diesem Meisterwerk aus Komfort und Design versinkst. Lass dich zu den vielen M\u00f6glichkeiten beraten und stelle gemeinsam mit uns dein ideales Sofa zusammen.  <\/p>\n<p class=\"\" data-start=\"874\" data-end=\"941\"><strong data-start=\"874\" data-end=\"941\">Erlebe es selbst \u2013 dein neuer Lieblingsplatz wartet auf dich!<\/strong><\/p>\n","protected":false},"excerpt":{"rendered":"<p class=\"\" data-start=\"184\" data-end=\"256\"><strong data-start=\"184\" data-end=\"256\">Entdecke das Alba von Cartel Living<\/strong><\/p>\n<p class=\"\" data-start=\"258\" data-end=\"593\">Lerne <strong data-start=\"274\" data-end=\"282\">Alba<\/strong> kennen, das stilvolle und vielseitige Sofa von <strong data-start=\"322\" data-end=\"339\">Cartel Living<\/strong>. Dieses gro\u00dfz\u00fcgige Modulsofa passt sich ganz deinen Wohnw\u00fcnschen an. Erh\u00e4ltlich in <strong data-start=\"428\" data-end=\"452\">verschiedenen Konfigurationen<\/strong> und einer gro\u00dfen Auswahl an <strong data-start=\"476\" data-end=\"487\">Stoffen<\/strong>, von warm und weich bis hin zu schlicht und modern \u2013 es gibt immer eine Ausf\u00fchrung, die perfekt zu deiner Einrichtung passt.  <\/p>\n<p class=\"\" data-start=\"595\" data-end=\"872\">Doch was das Alba wirklich besonders macht, ist der <strong data-start=\"641\" data-end=\"669\">unvergleichliche Sitzkomfort<\/strong>. Komm in unserem Gesch\u00e4ft vorbei und erlebe selbst, wie herrlich du in diesem Meisterwerk aus Komfort und Design versinkst. Lass dich zu den vielen M\u00f6glichkeiten beraten und stelle gemeinsam mit uns dein ideales Sofa zusammen.  <\/p>\n<p class=\"\" data-start=\"874\" data-end=\"941\"><strong data-start=\"874\" data-end=\"941\">Erlebe es selbst \u2013 dein neuer Lieblingsplatz wartet auf dich!<\/strong><\/p>\n","protected":false},"featured_media":6353,"template":"","meta":{"_joinchat":[]},"product_brand":[],"product_cat":[133,136,124,125],"product_tag":[],"class_list":{"0":"post-7980","1":"product","2":"type-product","3":"status-publish","4":"has-post-thumbnail","6":"product_cat-cartel-living","7":"product_cat-marken","8":"product_cat-sitzmobel","9":"product_cat-sofa","11":"first","12":"instock","13":"shipping-taxable","14":"product-type-simple"},"_links":{"self":[{"href":"https:\/\/pinedesign.nl\/de\/wp-json\/wp\/v2\/product\/7980","targetHints":{"allow":["GET"]}}],"collection":[{"href":"https:\/\/pinedesign.nl\/de\/wp-json\/wp\/v2\/product"}],"about":[{"href":"https:\/\/pinedesign.nl\/de\/wp-json\/wp\/v2\/types\/product"}],"wp:featuredmedia":[{"embeddable":true,"href":"https:\/\/pinedesign.nl\/de\/wp-json\/wp\/v2\/media\/6353"}],"wp:attachment":[{"href":"https:\/\/pinedesign.nl\/de\/wp-json\/wp\/v2\/media?parent=7980"}],"wp:term":[{"taxonomy":"product_brand","embeddable":true,"href":"https:\/\/pinedesign.nl\/de\/wp-json\/wp\/v2\/product_brand?post=7980"},{"taxonomy":"product_cat","embeddable":true,"href":"https:\/\/pinedesign.nl\/de\/wp-json\/wp\/v2\/product_cat?post=7980"},{"taxonomy":"product_tag","embeddable":true,"href":"https:\/\/pinedesign.nl\/de\/wp-json\/wp\/v2\/product_tag?post=7980"}],"curies":[{"name":"wp","href":"https:\/\/api.w.org\/{rel}","templated":true}]}}