{"id":7976,"date":"2025-04-22T12:44:12","date_gmt":"2025-04-22T12:44:12","guid":{"rendered":"https:\/\/pinedesign.nl\/product\/sofa-braxton\/"},"modified":"2025-04-22T12:44:12","modified_gmt":"2025-04-22T12:44:12","slug":"sofa-braxton","status":"publish","type":"product","link":"https:\/\/pinedesign.nl\/de\/product\/sofa-braxton\/","title":{"rendered":"Sofa Braxton"},"content":{"rendered":"<h3 class=\"\" data-start=\"321\" data-end=\"386\">Braxton \u2013 Zeitloses Design und luftige Eleganz von Het Anker<\/h3>\n<p class=\"\" data-start=\"388\" data-end=\"683\">Lerne das <strong data-start=\"407\" data-end=\"437\">Braxton Sofa von Het Anker<\/strong> kennen \u2013 eine stilvolle Kombination aus klarem Design, hochwertigen Materialien und hohem Sitzkomfort. Dieses <strong data-start=\"538\" data-end=\"553\">Design-Sofa<\/strong> ist in einer gro\u00dfen Auswahl an luxuri\u00f6sen Lederarten und edlen Stoffen erh\u00e4ltlich, mit denen du dein perfektes Sofa zusammenstellst. <\/p>\n<p class=\"\" data-start=\"685\" data-end=\"1006\"><strong data-start=\"685\" data-end=\"723\">Leder oder Stoff? Du hast die Wahl<\/strong><br data-start=\"723\" data-end=\"726\">Ob du den robusten Look von Leder oder die warme Weichheit von Stoff bevorzugst \u2013 das <strong data-start=\"812\" data-end=\"823\">Braxton<\/strong> ist in zahlreichen Farben und Materialien lieferbar. Von rustikalem Vintage-Leder bis hin zu elegantem Boucl\u00e9 oder weichem Samt: Dieses <strong data-start=\"940\" data-end=\"967\">Stoff- und Ledersofa<\/strong> passt sich ganz deinem Geschmack an. <\/p>\n<p class=\"\" data-start=\"1008\" data-end=\"1338\"><strong data-start=\"1008\" data-end=\"1049\">Fest gepolstert, luftig und stilvoll<\/strong><br data-start=\"1049\" data-end=\"1052\">Das <strong data-start=\"1055\" data-end=\"1071\">Braxton Sofa<\/strong> ist geradlinig und <strong data-start=\"1084\" data-end=\"1104\">fest gepolstert<\/strong> f\u00fcr einen raffinierten, modernen Look. Dank der <strong data-start=\"1150\" data-end=\"1164\">hohen F\u00fc\u00dfe<\/strong> wirkt das Sofa luftig und ger\u00e4umig \u2013 ideal f\u00fcr kleine und gro\u00dfe Wohnr\u00e4ume. Die elegant geformten <strong data-start=\"1277\" data-end=\"1293\">Armlehnen<\/strong> verleihen dem Sofa eine subtile Klasse.  <\/p>\n<p class=\"\" data-start=\"1340\" data-end=\"1390\"><strong data-start=\"1340\" data-end=\"1388\">Warum das Braxton von Het Anker w\u00e4hlen?<\/strong><\/p>\n<ul data-start=\"1391\" data-end=\"1582\">\n<li class=\"\" data-start=\"1391\" data-end=\"1420\">\n<p class=\"\" data-start=\"1393\" data-end=\"1420\">In Stoff und Leder lieferbar<\/p>\n<\/li>\n<li class=\"\" data-start=\"1421\" data-end=\"1454\">\n<p class=\"\" data-start=\"1423\" data-end=\"1454\">Geradliniges, fest gepolstertes Design<\/p>\n<\/li>\n<li class=\"\" data-start=\"1455\" data-end=\"1507\">\n<p class=\"\" data-start=\"1457\" data-end=\"1507\">Sofa auf hohen F\u00fc\u00dfen f\u00fcr eine luftige Optik<\/p>\n<\/li>\n<li class=\"\" data-start=\"1545\" data-end=\"1582\">\n<p class=\"\" data-start=\"1547\" data-end=\"1582\">Zeitloses Design mit modernem Komfort<\/p>\n<\/li>\n<\/ul>\n<p class=\"\" data-start=\"1584\" data-end=\"1858\"><strong data-start=\"1584\" data-end=\"1635\">Besuche unser Gesch\u00e4ft und stelle dein Braxton zusammen<\/strong><br data-start=\"1635\" data-end=\"1638\">M\u00f6chtest du die Optik und den Sitzkomfort des <strong data-start=\"1690\" data-end=\"1720\">Braxton Sofas von Het Anker<\/strong> selbst erleben? Komm in unserem Gesch\u00e4ft vorbei, entdecke alle Stoff- und Lederoptionen und lass dich zur idealen Ausf\u00fchrung f\u00fcr dein Interieur beraten. <\/p>\n","protected":false},"excerpt":{"rendered":"<h3 class=\"\" data-start=\"321\" data-end=\"386\">Braxton \u2013 Zeitloses Design und luftige Eleganz von Het Anker<\/h3>\n<p class=\"\" data-start=\"388\" data-end=\"683\">Lerne das <strong data-start=\"407\" data-end=\"437\">Braxton Sofa von Het Anker<\/strong> kennen \u2013 eine stilvolle Kombination aus klarem Design, hochwertigen Materialien und hohem Sitzkomfort. Dieses <strong data-start=\"538\" data-end=\"553\">Design-Sofa<\/strong> ist in einer gro\u00dfen Auswahl an luxuri\u00f6sen Lederarten und edlen Stoffen erh\u00e4ltlich, mit denen du dein perfektes Sofa zusammenstellst. <\/p>\n<p class=\"\" data-start=\"685\" data-end=\"1006\"><strong data-start=\"685\" data-end=\"723\">Leder oder Stoff? Du hast die Wahl<\/strong><br data-start=\"723\" data-end=\"726\">Ob du den robusten Look von Leder oder die warme Weichheit von Stoff bevorzugst \u2013 das <strong data-start=\"812\" data-end=\"823\">Braxton<\/strong> ist in zahlreichen Farben und Materialien lieferbar. Von rustikalem Vintage-Leder bis hin zu elegantem Boucl\u00e9 oder weichem Samt: Dieses <strong data-start=\"940\" data-end=\"967\">Stoff- und Ledersofa<\/strong> passt sich ganz deinem Geschmack an. <\/p>\n<p class=\"\" data-start=\"1008\" data-end=\"1338\"><strong data-start=\"1008\" data-end=\"1049\">Fest gepolstert, luftig und stilvoll<\/strong><br data-start=\"1049\" data-end=\"1052\">Das <strong data-start=\"1055\" data-end=\"1071\">Braxton Sofa<\/strong> ist geradlinig und <strong data-start=\"1084\" data-end=\"1104\">fest gepolstert<\/strong> f\u00fcr einen raffinierten, modernen Look. Dank der <strong data-start=\"1150\" data-end=\"1164\">hohen F\u00fc\u00dfe<\/strong> wirkt das Sofa luftig und ger\u00e4umig \u2013 ideal f\u00fcr kleine und gro\u00dfe Wohnr\u00e4ume. Die elegant geformten <strong data-start=\"1277\" data-end=\"1293\">Armlehnen<\/strong> verleihen dem Sofa eine subtile Klasse.  <\/p>\n<p class=\"\" data-start=\"1340\" data-end=\"1390\"><strong data-start=\"1340\" data-end=\"1388\">Warum das Braxton von Het Anker w\u00e4hlen?<\/strong><\/p>\n<ul data-start=\"1391\" data-end=\"1582\">\n<li class=\"\" data-start=\"1391\" data-end=\"1420\">\n<p class=\"\" data-start=\"1393\" data-end=\"1420\">In Stoff und Leder lieferbar<\/p>\n<\/li>\n<li class=\"\" data-start=\"1421\" data-end=\"1454\">\n<p class=\"\" data-start=\"1423\" data-end=\"1454\">Geradliniges, fest gepolstertes Design<\/p>\n<\/li>\n<li class=\"\" data-start=\"1455\" data-end=\"1507\">\n<p class=\"\" data-start=\"1457\" data-end=\"1507\">Sofa auf hohen F\u00fc\u00dfen f\u00fcr eine luftige Optik<\/p>\n<\/li>\n<li class=\"\" data-start=\"1545\" data-end=\"1582\">\n<p class=\"\" data-start=\"1547\" data-end=\"1582\">Zeitloses Design mit modernem Komfort<\/p>\n<\/li>\n<\/ul>\n<p class=\"\" data-start=\"1584\" data-end=\"1858\"><strong data-start=\"1584\" data-end=\"1635\">Besuche unser Gesch\u00e4ft und stelle dein Braxton zusammen<\/strong><br data-start=\"1635\" data-end=\"1638\">M\u00f6chtest du die Optik und den Sitzkomfort des <strong data-start=\"1690\" data-end=\"1720\">Braxton Sofas von Het Anker<\/strong> selbst erleben? Komm in unserem Gesch\u00e4ft vorbei, entdecke alle Stoff- und Lederoptionen und lass dich zur idealen Ausf\u00fchrung f\u00fcr dein Interieur beraten. <\/p>\n","protected":false},"featured_media":6303,"template":"","meta":{"_joinchat":[]},"product_brand":[],"product_cat":[142,136,124,125,134],"product_tag":[],"class_list":{"0":"post-7976","1":"product","2":"type-product","3":"status-publish","4":"has-post-thumbnail","6":"product_cat-het-anker","7":"product_cat-marken","8":"product_cat-sitzmobel","9":"product_cat-sofa","10":"product_cat-sofas","12":"first","13":"instock","14":"shipping-taxable","15":"product-type-simple"},"_links":{"self":[{"href":"https:\/\/pinedesign.nl\/de\/wp-json\/wp\/v2\/product\/7976","targetHints":{"allow":["GET"]}}],"collection":[{"href":"https:\/\/pinedesign.nl\/de\/wp-json\/wp\/v2\/product"}],"about":[{"href":"https:\/\/pinedesign.nl\/de\/wp-json\/wp\/v2\/types\/product"}],"wp:featuredmedia":[{"embeddable":true,"href":"https:\/\/pinedesign.nl\/de\/wp-json\/wp\/v2\/media\/6303"}],"wp:attachment":[{"href":"https:\/\/pinedesign.nl\/de\/wp-json\/wp\/v2\/media?parent=7976"}],"wp:term":[{"taxonomy":"product_brand","embeddable":true,"href":"https:\/\/pinedesign.nl\/de\/wp-json\/wp\/v2\/product_brand?post=7976"},{"taxonomy":"product_cat","embeddable":true,"href":"https:\/\/pinedesign.nl\/de\/wp-json\/wp\/v2\/product_cat?post=7976"},{"taxonomy":"product_tag","embeddable":true,"href":"https:\/\/pinedesign.nl\/de\/wp-json\/wp\/v2\/product_tag?post=7976"}],"curies":[{"name":"wp","href":"https:\/\/api.w.org\/{rel}","templated":true}]}}