{"id":7964,"date":"2025-04-22T12:32:25","date_gmt":"2025-04-22T12:32:25","guid":{"rendered":"https:\/\/pinedesign.nl\/product\/sofa-medusa\/"},"modified":"2025-04-22T12:32:25","modified_gmt":"2025-04-22T12:32:25","slug":"sofa-medusa","status":"publish","type":"product","link":"https:\/\/pinedesign.nl\/de\/product\/sofa-medusa\/","title":{"rendered":"Sofa Medusa"},"content":{"rendered":"<h3 class=\"\" data-start=\"260\" data-end=\"316\">Medusa \u2013 Design-Lounge-Sofa nach Ma\u00df von Passe Partout<\/h3>\n<p class=\"\" data-start=\"318\" data-end=\"703\">Entdecke das <strong data-start=\"328\" data-end=\"361\">Medusa Sofa von Passe Partout<\/strong> \u2013 ein stilvolles und komfortables <strong data-start=\"395\" data-end=\"410\">Design-Sofa<\/strong>, das sich deinem Interieur und deinen W\u00fcnschen anpasst. Ob du ein <strong data-start=\"494\" data-end=\"516\">gro\u00dfz\u00fcgiges U-Sofa<\/strong>, ein elegantes <strong data-start=\"531\" data-end=\"543\">Ecksofa<\/strong> oder ein einzelnes <strong data-start=\"556\" data-end=\"570\">Liegeelement<\/strong> suchst, Medusa bietet alles. Dieses <strong data-start=\"604\" data-end=\"622\">modulare Sofa<\/strong> ist in verschiedenen Konfigurationen und einer gro\u00dfen Auswahl an hochwertigen Stoffen erh\u00e4ltlich.  <\/p>\n<p class=\"\" data-start=\"705\" data-end=\"1073\"><strong data-start=\"705\" data-end=\"761\">Vielseitiges Sofa mit endlosen M\u00f6glichkeiten<\/strong><br data-start=\"761\" data-end=\"764\">Das Medusa ist ein wundersch\u00f6nes <strong data-start=\"791\" data-end=\"807\">Sofa<\/strong>, das du ganz nach deinem Geschmack zusammenstellen kannst. W\u00e4hle aus unz\u00e4hligen Farben und Strukturen, von sanften Naturt\u00f6nen bis hin zu satten, auff\u00e4lligen Farben. Ob modern, l\u00e4ndlich oder zeitgen\u00f6ssisch \u2013 mit Medusa gestaltest du m\u00fchelos deine ideale Sitzecke.  <\/p>\n<p class=\"\" data-start=\"1075\" data-end=\"1437\"><strong data-start=\"1075\" data-end=\"1109\">Einzigartiger Komfort, stilvolles Design<\/strong><br data-start=\"1109\" data-end=\"1112\">Das Medusa Sofa besticht durch ein markantes Design: Es ist bodentief, mit komfortablen <strong data-start=\"1211\" data-end=\"1229\">R\u00fcckenkissen<\/strong> ausgestattet und kann f\u00fcr einen verspielten Effekt mit einer weichen <strong data-start=\"1271\" data-end=\"1285\">Rundecke<\/strong> ausgef\u00fchrt werden. Dieses <strong data-start=\"1315\" data-end=\"1329\">Lounge-Sofa<\/strong> ist zum Entspannen gemacht \u2013 dank der tiefen Sitzfl\u00e4che und der weichen Polsterung m\u00f6chtest du eigentlich nie wieder aufstehen. <\/p>\n<p class=\"\" data-start=\"1439\" data-end=\"1492\"><strong data-start=\"1439\" data-end=\"1490\">Warum das Medusa von Passe Partout w\u00e4hlen?<\/strong><\/p>\n<ul data-start=\"1493\" data-end=\"1700\">\n<li class=\"\" data-start=\"1493\" data-end=\"1550\">\n<p class=\"\" data-start=\"1495\" data-end=\"1550\">Vollst\u00e4ndig konfigurierbar<\/p>\n<\/li>\n<li class=\"\" data-start=\"1551\" data-end=\"1594\">\n<p class=\"\" data-start=\"1553\" data-end=\"1594\">In verschiedenen Stoffen und Farben erh\u00e4ltlich<\/p>\n<\/li>\n<li class=\"\" data-start=\"1595\" data-end=\"1621\">\n<p class=\"\" data-start=\"1597\" data-end=\"1621\">Herrlicher Lounge-Komfort<\/p>\n<\/li>\n<li class=\"\" data-start=\"1622\" data-end=\"1666\">\n<p class=\"\" data-start=\"1624\" data-end=\"1666\">R\u00fcckenkissen und bodentiefes Design<\/p>\n<\/li>\n<li class=\"\" data-start=\"1667\" data-end=\"1700\">\n<p class=\"\" data-start=\"1669\" data-end=\"1700\">Auch mit Rundecke erh\u00e4ltlich<\/p>\n<\/li>\n<\/ul>\n<p class=\"\" data-start=\"1702\" data-end=\"1967\"><strong data-start=\"1702\" data-end=\"1738\">Komm zum Probesitzen in unser Gesch\u00e4ft<\/strong><br data-start=\"1738\" data-end=\"1741\">Erlebe den Komfort und Luxus des <strong data-start=\"1783\" data-end=\"1816\">Medusa Sofas von Passe Partout<\/strong> selbst. Besuche uns im Gesch\u00e4ft und lass dich von den vielen Konfigurationen und Stoffen inspirieren. Wir helfen dir gerne dabei, dein ideales Sofa zusammenzustellen.  <\/p>\n","protected":false},"excerpt":{"rendered":"<h3 class=\"\" data-start=\"260\" data-end=\"316\">Medusa \u2013 Design-Lounge-Sofa nach Ma\u00df von Passe Partout<\/h3>\n<p class=\"\" data-start=\"318\" data-end=\"703\">Entdecke das <strong data-start=\"328\" data-end=\"361\">Medusa Sofa von Passe Partout<\/strong> \u2013 ein stilvolles und komfortables <strong data-start=\"395\" data-end=\"410\">Design-Sofa<\/strong>, das sich deinem Interieur und deinen W\u00fcnschen anpasst. Ob du ein <strong data-start=\"494\" data-end=\"516\">gro\u00dfz\u00fcgiges U-Sofa<\/strong>, ein elegantes <strong data-start=\"531\" data-end=\"543\">Ecksofa<\/strong> oder ein einzelnes <strong data-start=\"556\" data-end=\"570\">Liegeelement<\/strong> suchst, Medusa bietet alles. Dieses <strong data-start=\"604\" data-end=\"622\">modulare Sofa<\/strong> ist in verschiedenen Konfigurationen und einer gro\u00dfen Auswahl an hochwertigen Stoffen erh\u00e4ltlich.  <\/p>\n<p class=\"\" data-start=\"705\" data-end=\"1073\"><strong data-start=\"705\" data-end=\"761\">Vielseitiges Sofa mit endlosen M\u00f6glichkeiten<\/strong><br data-start=\"761\" data-end=\"764\">Das Medusa ist ein wundersch\u00f6nes <strong data-start=\"791\" data-end=\"807\">Sofa<\/strong>, das du ganz nach deinem Geschmack zusammenstellen kannst. W\u00e4hle aus unz\u00e4hligen Farben und Strukturen, von sanften Naturt\u00f6nen bis hin zu satten, auff\u00e4lligen Farben. Ob modern, l\u00e4ndlich oder zeitgen\u00f6ssisch \u2013 mit Medusa gestaltest du m\u00fchelos deine ideale Sitzecke.  <\/p>\n<p class=\"\" data-start=\"1075\" data-end=\"1437\"><strong data-start=\"1075\" data-end=\"1109\">Einzigartiger Komfort, stilvolles Design<\/strong><br data-start=\"1109\" data-end=\"1112\">Das Medusa Sofa besticht durch ein markantes Design: Es ist bodentief, mit komfortablen <strong data-start=\"1211\" data-end=\"1229\">R\u00fcckenkissen<\/strong> ausgestattet und kann f\u00fcr einen verspielten Effekt mit einer weichen <strong data-start=\"1271\" data-end=\"1285\">Rundecke<\/strong> ausgef\u00fchrt werden. Dieses <strong data-start=\"1315\" data-end=\"1329\">Lounge-Sofa<\/strong> ist zum Entspannen gemacht \u2013 dank der tiefen Sitzfl\u00e4che und der weichen Polsterung m\u00f6chtest du eigentlich nie wieder aufstehen. <\/p>\n<p class=\"\" data-start=\"1439\" data-end=\"1492\"><strong data-start=\"1439\" data-end=\"1490\">Warum das Medusa von Passe Partout w\u00e4hlen?<\/strong><\/p>\n<ul data-start=\"1493\" data-end=\"1700\">\n<li class=\"\" data-start=\"1493\" data-end=\"1550\">\n<p class=\"\" data-start=\"1495\" data-end=\"1550\">Vollst\u00e4ndig konfigurierbar<\/p>\n<\/li>\n<li class=\"\" data-start=\"1551\" data-end=\"1594\">\n<p class=\"\" data-start=\"1553\" data-end=\"1594\">In verschiedenen Stoffen und Farben erh\u00e4ltlich<\/p>\n<\/li>\n<li class=\"\" data-start=\"1595\" data-end=\"1621\">\n<p class=\"\" data-start=\"1597\" data-end=\"1621\">Herrlicher Lounge-Komfort<\/p>\n<\/li>\n<li class=\"\" data-start=\"1622\" data-end=\"1666\">\n<p class=\"\" data-start=\"1624\" data-end=\"1666\">R\u00fcckenkissen und bodentiefes Design<\/p>\n<\/li>\n<li class=\"\" data-start=\"1667\" data-end=\"1700\">\n<p class=\"\" data-start=\"1669\" data-end=\"1700\">Auch mit Rundecke erh\u00e4ltlich<\/p>\n<\/li>\n<\/ul>\n<p class=\"\" data-start=\"1702\" data-end=\"1967\"><strong data-start=\"1702\" data-end=\"1738\">Komm zum Probesitzen in unser Gesch\u00e4ft<\/strong><br data-start=\"1738\" data-end=\"1741\">Erlebe den Komfort und Luxus des <strong data-start=\"1783\" data-end=\"1816\">Medusa Sofas von Passe Partout<\/strong> selbst. Besuche uns im Gesch\u00e4ft und lass dich von den vielen Konfigurationen und Stoffen inspirieren. Wir helfen dir gerne dabei, dein ideales Sofa zusammenzustellen.  <\/p>\n","protected":false},"featured_media":6295,"template":"","meta":{"_joinchat":[]},"product_brand":[],"product_cat":[136,152,124,125,134],"product_tag":[],"class_list":{"0":"post-7964","1":"product","2":"type-product","3":"status-publish","4":"has-post-thumbnail","6":"product_cat-marken","7":"product_cat-passe-partout","8":"product_cat-sitzmobel","9":"product_cat-sofa","10":"product_cat-sofas","12":"first","13":"instock","14":"shipping-taxable","15":"product-type-simple"},"_links":{"self":[{"href":"https:\/\/pinedesign.nl\/de\/wp-json\/wp\/v2\/product\/7964","targetHints":{"allow":["GET"]}}],"collection":[{"href":"https:\/\/pinedesign.nl\/de\/wp-json\/wp\/v2\/product"}],"about":[{"href":"https:\/\/pinedesign.nl\/de\/wp-json\/wp\/v2\/types\/product"}],"wp:featuredmedia":[{"embeddable":true,"href":"https:\/\/pinedesign.nl\/de\/wp-json\/wp\/v2\/media\/6295"}],"wp:attachment":[{"href":"https:\/\/pinedesign.nl\/de\/wp-json\/wp\/v2\/media?parent=7964"}],"wp:term":[{"taxonomy":"product_brand","embeddable":true,"href":"https:\/\/pinedesign.nl\/de\/wp-json\/wp\/v2\/product_brand?post=7964"},{"taxonomy":"product_cat","embeddable":true,"href":"https:\/\/pinedesign.nl\/de\/wp-json\/wp\/v2\/product_cat?post=7964"},{"taxonomy":"product_tag","embeddable":true,"href":"https:\/\/pinedesign.nl\/de\/wp-json\/wp\/v2\/product_tag?post=7964"}],"curies":[{"name":"wp","href":"https:\/\/api.w.org\/{rel}","templated":true}]}}