{"id":7944,"date":"2025-03-28T10:57:13","date_gmt":"2025-03-28T10:57:13","guid":{"rendered":"https:\/\/pinedesign.nl\/product\/sessel-balou\/"},"modified":"2025-03-28T10:57:13","modified_gmt":"2025-03-28T10:57:13","slug":"sessel-balou","status":"publish","type":"product","link":"https:\/\/pinedesign.nl\/de\/product\/sessel-balou\/","title":{"rendered":"Sessel Balou"},"content":{"rendered":"<p class=\"\" data-start=\"52\" data-end=\"227\">Entdecke den <strong data-start=\"62\" data-end=\"85\">Drehsessel Balou<\/strong> von <strong data-start=\"90\" data-end=\"100\">By Boo<\/strong> \u2013 eine perfekte Mischung aus Komfort und Stil! Mit seinen weichen, runden Formen und der <strong data-start=\"175\" data-end=\"196\">360\u00b0-Drehfunktion<\/strong> bietet Balou ultimativen Sitzkomfort. <\/p>\n<p class=\"\" data-start=\"229\" data-end=\"482\">Erh\u00e4ltlich in drei wundersch\u00f6nen Farben \u2013 <strong data-start=\"270\" data-end=\"300\">Beige, Taupe und Terracotta<\/strong> \u2013 passt dieser Sessel m\u00fchelos in jedes Interieur. Ob du dich f\u00fcr einen warmen, nat\u00fcrlichen Look oder einen modernen Touch entscheidest, Balou ist immer eine stimmungsvolle Erg\u00e4nzung f\u00fcr deinen Wohnraum. <\/p>\n<p class=\"\" data-start=\"484\" data-end=\"558\">Neugierig, wie Balou sitzt? <strong data-start=\"508\" data-end=\"536\">Komm in unserem Gesch\u00e4ft vorbei<\/strong> und probiere ihn selbst aus!<\/p>\n","protected":false},"excerpt":{"rendered":"<p class=\"\" data-start=\"52\" data-end=\"227\">Entdecke den <strong data-start=\"62\" data-end=\"85\">Drehsessel Balou<\/strong> von <strong data-start=\"90\" data-end=\"100\">By Boo<\/strong> \u2013 eine perfekte Mischung aus Komfort und Stil! Mit seinen weichen, runden Formen und der <strong data-start=\"175\" data-end=\"196\">360\u00b0-Drehfunktion<\/strong> bietet Balou ultimativen Sitzkomfort. <\/p>\n<p class=\"\" data-start=\"229\" data-end=\"482\">Erh\u00e4ltlich in drei wundersch\u00f6nen Farben \u2013 <strong data-start=\"270\" data-end=\"300\">Beige, Taupe und Terracotta<\/strong> \u2013 passt dieser Sessel m\u00fchelos in jedes Interieur. Ob du dich f\u00fcr einen warmen, nat\u00fcrlichen Look oder einen modernen Touch entscheidest, Balou ist immer eine stimmungsvolle Erg\u00e4nzung f\u00fcr deinen Wohnraum. <\/p>\n<p class=\"\" data-start=\"484\" data-end=\"558\">Neugierig, wie Balou sitzt? <strong data-start=\"508\" data-end=\"536\">Komm in unserem Gesch\u00e4ft vorbei<\/strong> und probiere ihn selbst aus!<\/p>\n","protected":false},"featured_media":6203,"template":"","meta":{"_joinchat":[]},"product_brand":[],"product_cat":[153,136,130,124],"product_tag":[],"class_list":{"0":"post-7944","1":"product","2":"type-product","3":"status-publish","4":"has-post-thumbnail","6":"product_cat-by-boo","7":"product_cat-marken","8":"product_cat-sessel","9":"product_cat-sitzmobel","11":"first","12":"instock","13":"shipping-taxable","14":"product-type-simple"},"_links":{"self":[{"href":"https:\/\/pinedesign.nl\/de\/wp-json\/wp\/v2\/product\/7944","targetHints":{"allow":["GET"]}}],"collection":[{"href":"https:\/\/pinedesign.nl\/de\/wp-json\/wp\/v2\/product"}],"about":[{"href":"https:\/\/pinedesign.nl\/de\/wp-json\/wp\/v2\/types\/product"}],"wp:featuredmedia":[{"embeddable":true,"href":"https:\/\/pinedesign.nl\/de\/wp-json\/wp\/v2\/media\/6203"}],"wp:attachment":[{"href":"https:\/\/pinedesign.nl\/de\/wp-json\/wp\/v2\/media?parent=7944"}],"wp:term":[{"taxonomy":"product_brand","embeddable":true,"href":"https:\/\/pinedesign.nl\/de\/wp-json\/wp\/v2\/product_brand?post=7944"},{"taxonomy":"product_cat","embeddable":true,"href":"https:\/\/pinedesign.nl\/de\/wp-json\/wp\/v2\/product_cat?post=7944"},{"taxonomy":"product_tag","embeddable":true,"href":"https:\/\/pinedesign.nl\/de\/wp-json\/wp\/v2\/product_tag?post=7944"}],"curies":[{"name":"wp","href":"https:\/\/api.w.org\/{rel}","templated":true}]}}