{"id":7943,"date":"2025-03-28T10:35:00","date_gmt":"2025-03-28T10:35:00","guid":{"rendered":"https:\/\/pinedesign.nl\/product\/beistelltisch-fenix\/"},"modified":"2025-03-28T10:35:00","modified_gmt":"2025-03-28T10:35:00","slug":"beistelltisch-fenix","status":"publish","type":"product","link":"https:\/\/pinedesign.nl\/de\/product\/beistelltisch-fenix\/","title":{"rendered":"Beistelltisch Fenix"},"content":{"rendered":"<p class=\"\" data-start=\"46\" data-end=\"341\">Der <strong data-start=\"49\" data-end=\"68\">Beistelltisch Fenix<\/strong> von <strong data-start=\"73\" data-end=\"83\">By Boo<\/strong> ist die perfekte Mischung aus Funktionalit\u00e4t und Design. Dank des cleveren Formats <strong data-start=\"161\" data-end=\"178\">(40x30x55 cm)<\/strong> schiebst du diesen Tisch einfach \u00fcber dein Sofa \u2013 ideal f\u00fcr deinen Laptop, eine Tasse Kaffee oder ein gutes Buch. Aber auch frei im Raum ist Fenix ein echter Blickfang!  <\/p>\n<p class=\"\" data-start=\"343\" data-end=\"523\">Gefertigt aus <strong data-start=\"355\" data-end=\"377\">nachhaltigem Mangoholz<\/strong>, strahlt dieser Tisch W\u00e4rme und Charakter aus. Ob du nun Komfort suchst oder eine stilvolle Erg\u00e4nzung f\u00fcr dein Wohnzimmer \u2013 Fenix passt perfekt. <\/p>\n<p class=\"\" data-start=\"525\" data-end=\"588\">Neugierig? <strong data-start=\"539\" data-end=\"567\">Komm in unserem Gesch\u00e4ft vorbei<\/strong> und entdecke ihn selbst!<\/p>\n","protected":false},"excerpt":{"rendered":"<p class=\"\" data-start=\"46\" data-end=\"341\">Der <strong data-start=\"49\" data-end=\"68\">Beistelltisch Fenix<\/strong> von <strong data-start=\"73\" data-end=\"83\">By Boo<\/strong> ist die perfekte Mischung aus Funktionalit\u00e4t und Design. Dank des cleveren Formats <strong data-start=\"161\" data-end=\"178\">(40x30x55 cm)<\/strong> schiebst du diesen Tisch einfach \u00fcber dein Sofa \u2013 ideal f\u00fcr deinen Laptop, eine Tasse Kaffee oder ein gutes Buch. Aber auch frei im Raum ist Fenix ein echter Blickfang!  <\/p>\n<p class=\"\" data-start=\"343\" data-end=\"523\">Gefertigt aus <strong data-start=\"355\" data-end=\"377\">nachhaltigem Mangoholz<\/strong>, strahlt dieser Tisch W\u00e4rme und Charakter aus. Ob du nun Komfort suchst oder eine stilvolle Erg\u00e4nzung f\u00fcr dein Wohnzimmer \u2013 Fenix passt perfekt. <\/p>\n<p class=\"\" data-start=\"525\" data-end=\"588\">Neugierig? <strong data-start=\"539\" data-end=\"567\">Komm in unserem Gesch\u00e4ft vorbei<\/strong> und entdecke ihn selbst!<\/p>\n","protected":false},"featured_media":6186,"template":"","meta":{"_joinchat":[]},"product_brand":[],"product_cat":[126,153,136,121],"product_tag":[],"class_list":{"0":"post-7943","1":"product","2":"type-product","3":"status-publish","4":"has-post-thumbnail","6":"product_cat-beistelltische","7":"product_cat-by-boo","8":"product_cat-marken","9":"product_cat-tische","11":"first","12":"instock","13":"shipping-taxable","14":"product-type-simple"},"_links":{"self":[{"href":"https:\/\/pinedesign.nl\/de\/wp-json\/wp\/v2\/product\/7943","targetHints":{"allow":["GET"]}}],"collection":[{"href":"https:\/\/pinedesign.nl\/de\/wp-json\/wp\/v2\/product"}],"about":[{"href":"https:\/\/pinedesign.nl\/de\/wp-json\/wp\/v2\/types\/product"}],"wp:featuredmedia":[{"embeddable":true,"href":"https:\/\/pinedesign.nl\/de\/wp-json\/wp\/v2\/media\/6186"}],"wp:attachment":[{"href":"https:\/\/pinedesign.nl\/de\/wp-json\/wp\/v2\/media?parent=7943"}],"wp:term":[{"taxonomy":"product_brand","embeddable":true,"href":"https:\/\/pinedesign.nl\/de\/wp-json\/wp\/v2\/product_brand?post=7943"},{"taxonomy":"product_cat","embeddable":true,"href":"https:\/\/pinedesign.nl\/de\/wp-json\/wp\/v2\/product_cat?post=7943"},{"taxonomy":"product_tag","embeddable":true,"href":"https:\/\/pinedesign.nl\/de\/wp-json\/wp\/v2\/product_tag?post=7943"}],"curies":[{"name":"wp","href":"https:\/\/api.w.org\/{rel}","templated":true}]}}