{"id":7936,"date":"2025-03-28T10:50:52","date_gmt":"2025-03-28T10:50:52","guid":{"rendered":"https:\/\/pinedesign.nl\/product\/couchtisch-shadow\/"},"modified":"2025-03-28T10:50:52","modified_gmt":"2025-03-28T10:50:52","slug":"couchtisch-shadow","status":"publish","type":"product","link":"https:\/\/pinedesign.nl\/de\/product\/couchtisch-shadow\/","title":{"rendered":"Couchtisch Shadow"},"content":{"rendered":"<p class=\"\" data-start=\"50\" data-end=\"358\">Der <strong data-start=\"53\" data-end=\"74\">Couchtisch Shadow<\/strong> von <strong data-start=\"79\" data-end=\"89\">By Boo<\/strong> ist ein echter Blickfang. Komplett aus <strong data-start=\"136\" data-end=\"144\">Glas<\/strong> gefertigt, vom Fu\u00df bis zur Platte, strahlt dieser Tisch eine raffinierte und moderne Eleganz aus. Dank der <strong data-start=\"235\" data-end=\"251\">runden Formen<\/strong> und des warmen <strong data-start=\"264\" data-end=\"279\">Brauntons<\/strong> hat Shadow eine luftige und gro\u00dfz\u00fcgige Ausstrahlung, perfekt f\u00fcr jedes Interieur.  <\/p>\n<p class=\"\" data-start=\"360\" data-end=\"509\">Mit einer Abmessung von <strong data-start=\"381\" data-end=\"397\">120x60x38 cm<\/strong> bietet dieser Tisch ausreichend Platz, ohne massiv zu wirken. Ein zeitloses Design, das sowohl dezent als auch schick ist! <\/p>\n<p class=\"\" data-start=\"511\" data-end=\"596\">Neugierig auf Shadow? <strong data-start=\"533\" data-end=\"561\">Komm in unserem Gesch\u00e4ft vorbei<\/strong> und erlebe den Luxus von Glas selbst!<\/p>\n","protected":false},"excerpt":{"rendered":"<p class=\"\" data-start=\"50\" data-end=\"358\">Der <strong data-start=\"53\" data-end=\"74\">Couchtisch Shadow<\/strong> von <strong data-start=\"79\" data-end=\"89\">By Boo<\/strong> ist ein echter Blickfang. Komplett aus <strong data-start=\"136\" data-end=\"144\">Glas<\/strong> gefertigt, vom Fu\u00df bis zur Platte, strahlt dieser Tisch eine raffinierte und moderne Eleganz aus. Dank der <strong data-start=\"235\" data-end=\"251\">runden Formen<\/strong> und des warmen <strong data-start=\"264\" data-end=\"279\">Brauntons<\/strong> hat Shadow eine luftige und gro\u00dfz\u00fcgige Ausstrahlung, perfekt f\u00fcr jedes Interieur.  <\/p>\n<p class=\"\" data-start=\"360\" data-end=\"509\">Mit einer Abmessung von <strong data-start=\"381\" data-end=\"397\">120x60x38 cm<\/strong> bietet dieser Tisch ausreichend Platz, ohne massiv zu wirken. Ein zeitloses Design, das sowohl dezent als auch schick ist! <\/p>\n<p class=\"\" data-start=\"511\" data-end=\"596\">Neugierig auf Shadow? <strong data-start=\"533\" data-end=\"561\">Komm in unserem Gesch\u00e4ft vorbei<\/strong> und erlebe den Luxus von Glas selbst!<\/p>\n","protected":false},"featured_media":6199,"template":"","meta":{"_joinchat":[]},"product_brand":[],"product_cat":[153,135,136,121],"product_tag":[],"class_list":{"0":"post-7936","1":"product","2":"type-product","3":"status-publish","4":"has-post-thumbnail","6":"product_cat-by-boo","7":"product_cat-couchtische","8":"product_cat-marken","9":"product_cat-tische","11":"first","12":"instock","13":"shipping-taxable","14":"product-type-simple"},"_links":{"self":[{"href":"https:\/\/pinedesign.nl\/de\/wp-json\/wp\/v2\/product\/7936","targetHints":{"allow":["GET"]}}],"collection":[{"href":"https:\/\/pinedesign.nl\/de\/wp-json\/wp\/v2\/product"}],"about":[{"href":"https:\/\/pinedesign.nl\/de\/wp-json\/wp\/v2\/types\/product"}],"wp:featuredmedia":[{"embeddable":true,"href":"https:\/\/pinedesign.nl\/de\/wp-json\/wp\/v2\/media\/6199"}],"wp:attachment":[{"href":"https:\/\/pinedesign.nl\/de\/wp-json\/wp\/v2\/media?parent=7936"}],"wp:term":[{"taxonomy":"product_brand","embeddable":true,"href":"https:\/\/pinedesign.nl\/de\/wp-json\/wp\/v2\/product_brand?post=7936"},{"taxonomy":"product_cat","embeddable":true,"href":"https:\/\/pinedesign.nl\/de\/wp-json\/wp\/v2\/product_cat?post=7936"},{"taxonomy":"product_tag","embeddable":true,"href":"https:\/\/pinedesign.nl\/de\/wp-json\/wp\/v2\/product_tag?post=7936"}],"curies":[{"name":"wp","href":"https:\/\/api.w.org\/{rel}","templated":true}]}}