{"id":7935,"date":"2025-03-28T10:30:05","date_gmt":"2025-03-28T10:30:05","guid":{"rendered":"https:\/\/pinedesign.nl\/product\/couchtisch-elora\/"},"modified":"2025-03-28T10:30:05","modified_gmt":"2025-03-28T10:30:05","slug":"couchtisch-elora","status":"publish","type":"product","link":"https:\/\/pinedesign.nl\/de\/product\/couchtisch-elora\/","title":{"rendered":"Couchtisch Elora"},"content":{"rendered":"<p class=\"\" data-start=\"94\" data-end=\"458\">Entdecke den <strong data-start=\"110\" data-end=\"130\">Couchtisch Elora<\/strong> von <strong data-start=\"135\" data-end=\"145\">By Boo<\/strong> \u2013 eine wundersch\u00f6ne Erg\u00e4nzung f\u00fcr jedes Interieur. Dieser gro\u00dfz\u00fcgige Tisch von <strong data-start=\"214\" data-end=\"230\">130x60x40 cm<\/strong> aus <strong data-start=\"244\" data-end=\"269\">hochwertigem Mangoholz<\/strong> kombiniert Robustheit mit einem luftigen Design. Dank der <strong data-start=\"329\" data-end=\"349\">offenen Konstruktion<\/strong> wirkt der Tisch ger\u00e4umig, w\u00e4hrend die <strong data-start=\"387\" data-end=\"403\">runden Formen<\/strong> f\u00fcr eine verspielte und freundliche Ausstrahlung sorgen.  <\/p>\n<p class=\"\" data-start=\"460\" data-end=\"574\">Neugierig, wie Elora in dein Interieur passt? <strong data-start=\"503\" data-end=\"531\">Komm in unserem Laden vorbei<\/strong> und bewundere diesen Eyecatcher live!<\/p>\n","protected":false},"excerpt":{"rendered":"<p class=\"\" data-start=\"94\" data-end=\"458\">Entdecke den <strong data-start=\"110\" data-end=\"130\">Couchtisch Elora<\/strong> von <strong data-start=\"135\" data-end=\"145\">By Boo<\/strong> \u2013 eine wundersch\u00f6ne Erg\u00e4nzung f\u00fcr jedes Interieur. Dieser gro\u00dfz\u00fcgige Tisch von <strong data-start=\"214\" data-end=\"230\">130x60x40 cm<\/strong> aus <strong data-start=\"244\" data-end=\"269\">hochwertigem Mangoholz<\/strong> kombiniert Robustheit mit einem luftigen Design. Dank der <strong data-start=\"329\" data-end=\"349\">offenen Konstruktion<\/strong> wirkt der Tisch ger\u00e4umig, w\u00e4hrend die <strong data-start=\"387\" data-end=\"403\">runden Formen<\/strong> f\u00fcr eine verspielte und freundliche Ausstrahlung sorgen.  <\/p>\n<p class=\"\" data-start=\"460\" data-end=\"574\">Neugierig, wie Elora in dein Interieur passt? <strong data-start=\"503\" data-end=\"531\">Komm in unserem Laden vorbei<\/strong> und bewundere diesen Eyecatcher live!<\/p>\n","protected":false},"featured_media":6183,"template":"","meta":{"_joinchat":[]},"product_brand":[],"product_cat":[153,135,136,121],"product_tag":[],"class_list":{"0":"post-7935","1":"product","2":"type-product","3":"status-publish","4":"has-post-thumbnail","6":"product_cat-by-boo","7":"product_cat-couchtische","8":"product_cat-marken","9":"product_cat-tische","11":"first","12":"instock","13":"shipping-taxable","14":"product-type-simple"},"_links":{"self":[{"href":"https:\/\/pinedesign.nl\/de\/wp-json\/wp\/v2\/product\/7935","targetHints":{"allow":["GET"]}}],"collection":[{"href":"https:\/\/pinedesign.nl\/de\/wp-json\/wp\/v2\/product"}],"about":[{"href":"https:\/\/pinedesign.nl\/de\/wp-json\/wp\/v2\/types\/product"}],"wp:featuredmedia":[{"embeddable":true,"href":"https:\/\/pinedesign.nl\/de\/wp-json\/wp\/v2\/media\/6183"}],"wp:attachment":[{"href":"https:\/\/pinedesign.nl\/de\/wp-json\/wp\/v2\/media?parent=7935"}],"wp:term":[{"taxonomy":"product_brand","embeddable":true,"href":"https:\/\/pinedesign.nl\/de\/wp-json\/wp\/v2\/product_brand?post=7935"},{"taxonomy":"product_cat","embeddable":true,"href":"https:\/\/pinedesign.nl\/de\/wp-json\/wp\/v2\/product_cat?post=7935"},{"taxonomy":"product_tag","embeddable":true,"href":"https:\/\/pinedesign.nl\/de\/wp-json\/wp\/v2\/product_tag?post=7935"}],"curies":[{"name":"wp","href":"https:\/\/api.w.org\/{rel}","templated":true}]}}