{"id":7926,"date":"2025-02-27T11:17:16","date_gmt":"2025-02-27T11:17:16","guid":{"rendered":"https:\/\/pinedesign.nl\/product\/beistelltisch-bobbie\/"},"modified":"2025-02-27T11:17:16","modified_gmt":"2025-02-27T11:17:16","slug":"beistelltisch-bobbie","status":"publish","type":"product","link":"https:\/\/pinedesign.nl\/de\/product\/beistelltisch-bobbie\/","title":{"rendered":"Beistelltisch Bobbie"},"content":{"rendered":"<p data-start=\"0\" data-end=\"56\"><strong data-start=\"0\" data-end=\"54\">Beistelltisch Bobbie \u2013 kompakt, stilvoll und zeitlos<\/strong><\/p>\n<p data-start=\"58\" data-end=\"495\">Der <strong data-start=\"61\" data-end=\"83\">Beistelltisch Bobbie<\/strong> von <strong data-start=\"88\" data-end=\"100\">Eleonora<\/strong> ist die perfekte Mischung aus Eleganz und Verspieltheit. Mit seiner organischen Form und dem warmen, lackierten Walnuss-Finish bringt er sofort Atmosph\u00e4re in dein Interieur. Die flie\u00dfenden Linien verleihen dem Tisch eine luxuri\u00f6se Ausstrahlung, w\u00e4hrend das kompakte Format von <strong data-start=\"362\" data-end=\"377\">45x45x30 cm<\/strong> ihn ideal als praktischen Beisteller neben deinem Sofa, Sessel oder als dekorativen Tisch in einer Zimmerecke macht.  <\/p>\n<p data-start=\"497\" data-end=\"833\" data-is-last-node=\"\" data-is-only-node=\"\">Ob du ihn solo nutzt oder mit dem gr\u00f6\u00dferen <strong data-start=\"553\" data-end=\"574\">Couchtisch Bobbie<\/strong> kombinierst \u2013 dieser Beistelltisch verleiht deinem Interieur auf subtile Weise Stil und Funktionalit\u00e4t. Die nat\u00fcrliche Ausstrahlung und zeitlose Form machen ihn vielseitig und perfekt kombinierbar mit verschiedenen Wohnstilen. Ein kleines Design-Statement mit gro\u00dfer Wirkung!  <\/p>\n","protected":false},"excerpt":{"rendered":"<p data-start=\"0\" data-end=\"56\"><strong data-start=\"0\" data-end=\"54\">Beistelltisch Bobbie \u2013 kompakt, stilvoll und zeitlos<\/strong><\/p>\n<p data-start=\"58\" data-end=\"495\">Der <strong data-start=\"61\" data-end=\"83\">Beistelltisch Bobbie<\/strong> von <strong data-start=\"88\" data-end=\"100\">Eleonora<\/strong> ist die perfekte Mischung aus Eleganz und Verspieltheit. Mit seiner organischen Form und dem warmen, lackierten Walnuss-Finish bringt er sofort Atmosph\u00e4re in dein Interieur. Die flie\u00dfenden Linien verleihen dem Tisch eine luxuri\u00f6se Ausstrahlung, w\u00e4hrend das kompakte Format von <strong data-start=\"362\" data-end=\"377\">45x45x30 cm<\/strong> ihn ideal als praktischen Beisteller neben deinem Sofa, Sessel oder als dekorativen Tisch in einer Zimmerecke macht.  <\/p>\n<p data-start=\"497\" data-end=\"833\" data-is-last-node=\"\" data-is-only-node=\"\">Ob du ihn solo nutzt oder mit dem gr\u00f6\u00dferen <strong data-start=\"553\" data-end=\"574\">Couchtisch Bobbie<\/strong> kombinierst \u2013 dieser Beistelltisch verleiht deinem Interieur auf subtile Weise Stil und Funktionalit\u00e4t. Die nat\u00fcrliche Ausstrahlung und zeitlose Form machen ihn vielseitig und perfekt kombinierbar mit verschiedenen Wohnstilen. Ein kleines Design-Statement mit gro\u00dfer Wirkung!  <\/p>\n","protected":false},"featured_media":6057,"template":"","meta":{"_joinchat":[]},"product_brand":[],"product_cat":[126,151,136,121],"product_tag":[],"class_list":{"0":"post-7926","1":"product","2":"type-product","3":"status-publish","4":"has-post-thumbnail","6":"product_cat-beistelltische","7":"product_cat-eleonora","8":"product_cat-marken","9":"product_cat-tische","11":"first","12":"instock","13":"shipping-taxable","14":"product-type-simple"},"_links":{"self":[{"href":"https:\/\/pinedesign.nl\/de\/wp-json\/wp\/v2\/product\/7926","targetHints":{"allow":["GET"]}}],"collection":[{"href":"https:\/\/pinedesign.nl\/de\/wp-json\/wp\/v2\/product"}],"about":[{"href":"https:\/\/pinedesign.nl\/de\/wp-json\/wp\/v2\/types\/product"}],"wp:featuredmedia":[{"embeddable":true,"href":"https:\/\/pinedesign.nl\/de\/wp-json\/wp\/v2\/media\/6057"}],"wp:attachment":[{"href":"https:\/\/pinedesign.nl\/de\/wp-json\/wp\/v2\/media?parent=7926"}],"wp:term":[{"taxonomy":"product_brand","embeddable":true,"href":"https:\/\/pinedesign.nl\/de\/wp-json\/wp\/v2\/product_brand?post=7926"},{"taxonomy":"product_cat","embeddable":true,"href":"https:\/\/pinedesign.nl\/de\/wp-json\/wp\/v2\/product_cat?post=7926"},{"taxonomy":"product_tag","embeddable":true,"href":"https:\/\/pinedesign.nl\/de\/wp-json\/wp\/v2\/product_tag?post=7926"}],"curies":[{"name":"wp","href":"https:\/\/api.w.org\/{rel}","templated":true}]}}