{"id":7925,"date":"2025-03-22T13:41:30","date_gmt":"2025-03-22T13:41:30","guid":{"rendered":"https:\/\/pinedesign.nl\/product\/sofa-saki\/"},"modified":"2025-03-22T13:41:30","modified_gmt":"2025-03-22T13:41:30","slug":"sofa-saki","status":"publish","type":"product","link":"https:\/\/pinedesign.nl\/de\/product\/sofa-saki\/","title":{"rendered":"Sofa Saki"},"content":{"rendered":"<p class=\"\" data-start=\"137\" data-end=\"442\">Das <strong data-start=\"140\" data-end=\"148\">Saki<\/strong> von <strong data-start=\"153\" data-end=\"170\">Passe Partout<\/strong> ist das Sofa f\u00fcr alle, die Komfort, Stil und Flexibilit\u00e4t suchen. Dieses modulare Modell bietet endlose M\u00f6glichkeiten, um deine perfekte Konfiguration zu erstellen. Ob du dich f\u00fcr ein kompaktes Ecksofa oder ein gro\u00dfz\u00fcgiges Loungesofa entscheidest, mit dem Saki stellst du dir deine ideale Kombination selbst zusammen.  <\/p>\n<p class=\"\" data-start=\"444\" data-end=\"940\">\u2714 <strong data-start=\"446\" data-end=\"470\">Endlos kombinieren<\/strong> \u2013 W\u00e4hle aus verschiedenen Elementen f\u00fcr eine Konfiguration, die zu deiner Einrichtung passt.<br data-start=\"554\" data-end=\"557\">\u2714 <strong data-start=\"559\" data-end=\"585\">Hochwertiger Sitzkomfort<\/strong> \u2013 Genie\u00dfe ein herrlich bequemes Sitzerlebnis.<br data-start=\"637\" data-end=\"640\">\u2714 <strong data-start=\"642\" data-end=\"662\">Fest gepolstert<\/strong> \u2013 Ein klares und luxuri\u00f6ses Finish ohne lose Kissen.<br data-start=\"716\" data-end=\"719\">\u2714 <strong data-start=\"721\" data-end=\"747\">Stilvolle Ausstrahlung<\/strong> \u2013 Das Sofa reicht elegant bis zum Boden, was f\u00fcr ein zeitloses Design sorgt.<br data-start=\"826\" data-end=\"829\">\u2714 <strong data-start=\"831\" data-end=\"850\">Gro\u00dfe Stoffauswahl<\/strong> \u2013 Erh\u00e4ltlich in einer breiten Palette hochwertiger Stoffe, passend zu jedem Wohnstil.<\/p>\n<p class=\"\" data-start=\"942\" data-end=\"1084\">Entdecke die M\u00f6glichkeiten und stelle dein ideales <strong data-start=\"986\" data-end=\"994\">Saki<\/strong> Sofa zusammen! Besuche uns in unserem Showroom oder kontaktiere uns f\u00fcr weitere Informationen. <\/p>\n","protected":false},"excerpt":{"rendered":"<h3 class=\"\" data-start=\"86\" data-end=\"135\"><strong data-start=\"90\" data-end=\"133\">Sofa Saki<\/strong><\/h3>\n<p class=\"\" data-start=\"137\" data-end=\"442\">Das <strong data-start=\"140\" data-end=\"148\">Saki<\/strong> von <strong data-start=\"153\" data-end=\"170\">Passe Partout<\/strong> ist das Sofa f\u00fcr alle, die Komfort, Stil und Flexibilit\u00e4t suchen. Dieses modulare Modell bietet endlose M\u00f6glichkeiten, um deine perfekte Konfiguration zu erstellen. Ob du dich f\u00fcr ein kompaktes Ecksofa oder ein gro\u00dfz\u00fcgigies Loungesofa entscheidest, mit dem Saki stellst du dir deine ideale Kombination selbst zusammen.  <\/p>\n<p class=\"\" data-start=\"444\" data-end=\"940\">\u2714 <strong data-start=\"446\" data-end=\"470\">Endlos kombinieren<\/strong> \u2013 W\u00e4hle aus verschiedenen Elementen f\u00fcr eine Konfiguration, die zu deiner Einrichtung passt.<br data-start=\"554\" data-end=\"557\">\u2714 <strong data-start=\"559\" data-end=\"585\">Hochwertiger Sitzkomfort<\/strong> \u2013 Genie\u00dfe ein herrlich bequemes Sitzerlebnis.<br data-start=\"637\" data-end=\"640\">\u2714 <strong data-start=\"642\" data-end=\"662\">Fest gepolstert<\/strong> \u2013 Ein klares und luxuri\u00f6ses Finish ohne lose Kissen.<br data-start=\"716\" data-end=\"719\">\u2714 <strong data-start=\"721\" data-end=\"747\">Stilvolle Ausstrahlung<\/strong> \u2013 Das Sofa reicht elegant bis zum Boden, was f\u00fcr ein zeitloses Design sorgt.<br data-start=\"826\" data-end=\"829\">\u2714 <strong data-start=\"831\" data-end=\"850\">Gro\u00dfe Stoffauswahl<\/strong> \u2013 Erh\u00e4ltlich in einer breiten Palette hochwertiger Stoffe, passend zu jedem Wohnstil.<\/p>\n<p class=\"\" data-start=\"942\" data-end=\"1084\">Entdecke die M\u00f6glichkeiten und stelle dein ideales <strong data-start=\"986\" data-end=\"994\">Saki<\/strong> Sofa zusammen! Besuche uns in unserem Showroom oder kontaktiere uns f\u00fcr weitere Informationen. <\/p>\n","protected":false},"featured_media":6174,"template":"","meta":{"_joinchat":[]},"product_brand":[],"product_cat":[136,152,124,125,134],"product_tag":[],"class_list":{"0":"post-7925","1":"product","2":"type-product","3":"status-publish","4":"has-post-thumbnail","6":"product_cat-marken","7":"product_cat-passe-partout","8":"product_cat-sitzmobel","9":"product_cat-sofa","10":"product_cat-sofas","12":"first","13":"instock","14":"shipping-taxable","15":"product-type-simple"},"_links":{"self":[{"href":"https:\/\/pinedesign.nl\/de\/wp-json\/wp\/v2\/product\/7925","targetHints":{"allow":["GET"]}}],"collection":[{"href":"https:\/\/pinedesign.nl\/de\/wp-json\/wp\/v2\/product"}],"about":[{"href":"https:\/\/pinedesign.nl\/de\/wp-json\/wp\/v2\/types\/product"}],"wp:featuredmedia":[{"embeddable":true,"href":"https:\/\/pinedesign.nl\/de\/wp-json\/wp\/v2\/media\/6174"}],"wp:attachment":[{"href":"https:\/\/pinedesign.nl\/de\/wp-json\/wp\/v2\/media?parent=7925"}],"wp:term":[{"taxonomy":"product_brand","embeddable":true,"href":"https:\/\/pinedesign.nl\/de\/wp-json\/wp\/v2\/product_brand?post=7925"},{"taxonomy":"product_cat","embeddable":true,"href":"https:\/\/pinedesign.nl\/de\/wp-json\/wp\/v2\/product_cat?post=7925"},{"taxonomy":"product_tag","embeddable":true,"href":"https:\/\/pinedesign.nl\/de\/wp-json\/wp\/v2\/product_tag?post=7925"}],"curies":[{"name":"wp","href":"https:\/\/api.w.org\/{rel}","templated":true}]}}