{"id":7915,"date":"2025-02-27T11:10:47","date_gmt":"2025-02-27T11:10:47","guid":{"rendered":"https:\/\/pinedesign.nl\/product\/couchtisch-bobbie\/"},"modified":"2025-02-27T11:10:47","modified_gmt":"2025-02-27T11:10:47","slug":"couchtisch-bobbie","status":"publish","type":"product","link":"https:\/\/pinedesign.nl\/de\/product\/couchtisch-bobbie\/","title":{"rendered":"Couchtisch Bobbie"},"content":{"rendered":"<p data-start=\"0\" data-end=\"68\"><strong data-start=\"0\" data-end=\"66\">Couchtisch Bobbie \u2013 Nat\u00fcrliches Design mit luxuri\u00f6ser Ausstrahlung<\/strong><\/p>\n<p data-start=\"70\" data-end=\"574\">Der <strong data-start=\"73\" data-end=\"94\">Couchtisch Bobbie<\/strong> von <strong data-start=\"99\" data-end=\"111\">Eleonora<\/strong> ist ein echter Blickfang in deinem Interieur. Mit seiner organischen Form und dem warmen, lackierten Walnuss-Finish strahlt er Stil und Eleganz aus. Die weichen, flie\u00dfenden Linien verleihen dem Tisch eine nat\u00fcrliche und spielerische Optik. Dank des gro\u00dfz\u00fcgigen Formats von <strong data-start=\"430\" data-end=\"447\">150x110x25 cm<\/strong> bietet er ausreichend Platz, um deine sch\u00f6nsten Accessoires, Bildb\u00e4nde und eine Tasse Kaffee stilvoll zu pr\u00e4sentieren.   <\/p>\n<p data-start=\"576\" data-end=\"996\" data-is-last-node=\"\" data-is-only-node=\"\">M\u00f6chtest du das Ambiente vervollst\u00e4ndigen? Kombiniere Bobbie mit dem passenden <strong data-start=\"644\" data-end=\"666\">Beistelltisch Bobbie<\/strong> f\u00fcr ein harmonisches und dynamisches Ganzes. Ob du ein modernes Interieur bevorzugst oder eher zu einem nat\u00fcrlichen und warmen Stil neigst \u2013 dieser Couchtisch f\u00fcgt sich m\u00fchelos in verschiedene Wohnstile ein. Mit Bobbie holst du dir nicht nur Funktionalit\u00e4t ins Haus, sondern auch ein Designst\u00fcck, das deinem Wohnzimmer sofort Atmosph\u00e4re und Charakter verleiht.   <\/p>\n","protected":false},"excerpt":{"rendered":"<p data-start=\"0\" data-end=\"68\"><strong data-start=\"0\" data-end=\"66\">Couchtisch Bobbie \u2013 Nat\u00fcrliches Design mit luxuri\u00f6ser Ausstrahlung<\/strong><\/p>\n<p data-start=\"70\" data-end=\"574\">Der <strong data-start=\"73\" data-end=\"94\">Couchtisch Bobbie<\/strong> von <strong data-start=\"99\" data-end=\"111\">Eleonora<\/strong> ist ein echter Blickfang in deinem Interieur. Mit seiner organischen Form und dem warmen, lackierten Walnuss-Finish strahlt er Stil und Eleganz aus. Die weichen, flie\u00dfenden Linien verleihen dem Tisch eine nat\u00fcrliche und spielerische Optik. Dank des gro\u00dfz\u00fcgigen Formats von <strong data-start=\"430\" data-end=\"447\">150x110x25 cm<\/strong> bietet er ausreichend Platz, um deine sch\u00f6nsten Accessoires, Bildb\u00e4nde und eine Tasse Kaffee stilvoll zu pr\u00e4sentieren.   <\/p>\n<p data-start=\"576\" data-end=\"996\" data-is-last-node=\"\" data-is-only-node=\"\">M\u00f6chtest du das Ambiente vervollst\u00e4ndigen? Kombiniere Bobbie mit dem passenden <strong data-start=\"644\" data-end=\"666\">Beistelltisch Bobbie<\/strong> f\u00fcr ein harmonisches und dynamisches Ganzes. Ob du ein modernes Interieur bevorzugst oder eher zu einem nat\u00fcrlichen und warmen Stil neigst \u2013 dieser Couchtisch f\u00fcgt sich m\u00fchelos in verschiedene Wohnstile ein. Mit Bobbie holst du dir nicht nur Funktionalit\u00e4t ins Haus, sondern auch ein Designst\u00fcck, das deinem Wohnzimmer sofort Atmosph\u00e4re und Charakter verleiht.   <\/p>\n","protected":false},"featured_media":6052,"template":"","meta":{"_joinchat":[]},"product_brand":[],"product_cat":[135,151,121],"product_tag":[],"class_list":{"0":"post-7915","1":"product","2":"type-product","3":"status-publish","4":"has-post-thumbnail","6":"product_cat-couchtische","7":"product_cat-eleonora","8":"product_cat-tische","10":"first","11":"instock","12":"shipping-taxable","13":"product-type-simple"},"_links":{"self":[{"href":"https:\/\/pinedesign.nl\/de\/wp-json\/wp\/v2\/product\/7915","targetHints":{"allow":["GET"]}}],"collection":[{"href":"https:\/\/pinedesign.nl\/de\/wp-json\/wp\/v2\/product"}],"about":[{"href":"https:\/\/pinedesign.nl\/de\/wp-json\/wp\/v2\/types\/product"}],"wp:featuredmedia":[{"embeddable":true,"href":"https:\/\/pinedesign.nl\/de\/wp-json\/wp\/v2\/media\/6052"}],"wp:attachment":[{"href":"https:\/\/pinedesign.nl\/de\/wp-json\/wp\/v2\/media?parent=7915"}],"wp:term":[{"taxonomy":"product_brand","embeddable":true,"href":"https:\/\/pinedesign.nl\/de\/wp-json\/wp\/v2\/product_brand?post=7915"},{"taxonomy":"product_cat","embeddable":true,"href":"https:\/\/pinedesign.nl\/de\/wp-json\/wp\/v2\/product_cat?post=7915"},{"taxonomy":"product_tag","embeddable":true,"href":"https:\/\/pinedesign.nl\/de\/wp-json\/wp\/v2\/product_tag?post=7915"}],"curies":[{"name":"wp","href":"https:\/\/api.w.org\/{rel}","templated":true}]}}