{"id":7914,"date":"2025-02-27T12:20:17","date_gmt":"2025-02-27T12:20:17","guid":{"rendered":"https:\/\/pinedesign.nl\/product\/sofa-dune\/"},"modified":"2025-02-27T12:20:17","modified_gmt":"2025-02-27T12:20:17","slug":"sofa-dune","status":"publish","type":"product","link":"https:\/\/pinedesign.nl\/de\/product\/sofa-dune\/","title":{"rendered":"Sofa Dune"},"content":{"rendered":"<p data-start=\"0\" data-end=\"49\"><strong data-start=\"0\" data-end=\"47\">Sofa Dune \u2013 Elegante Formen, ultimativer Komfort<\/strong><\/p>\n<p data-start=\"51\" data-end=\"434\">Das <strong data-start=\"54\" data-end=\"67\">Sofa Dune<\/strong> von <strong data-start=\"72\" data-end=\"89\">Cartel Living<\/strong> ist die perfekte Balance zwischen Eleganz und Komfort. Mit seinen <strong data-start=\"150\" data-end=\"184\">zierlichen, luftigen Armlehnen<\/strong> und schlanken F\u00fc\u00dfen scheint das Sofa fast zu schweben, wodurch es in jedem Wohnstil eine gro\u00dfz\u00fcgige Wirkung erzielt. Die <strong data-start=\"299\" data-end=\"330\">fest gepolsterte Ausf\u00fchrung<\/strong> sorgt f\u00fcr eine klare und luxuri\u00f6se Ausstrahlung, w\u00e4hrend der Sitzkomfort zum Entspannen einl\u00e4dt.  <\/p>\n<p data-start=\"436\" data-end=\"860\">Dune l\u00e4sst sich vollst\u00e4ndig an deine W\u00fcnsche und dein Interieur anpassen. W\u00e4hle aus einer breiten Palette an <strong data-start=\"523\" data-end=\"549\">Stoffen und Lederarten<\/strong> und bestimme selbst das Format, das zu dir passt \u2013 vom <strong data-start=\"605\" data-end=\"628\">kompakten Einzelsofa<\/strong> bis hin zum <strong data-start=\"637\" data-end=\"655\">ger\u00e4umigen Ecksofa<\/strong> oder einem Modell mit <strong data-start=\"677\" data-end=\"691\">Liegeelement<\/strong> f\u00fcr extra Komfort. Ob du dich f\u00fcr ein zeitloses Design in neutralen T\u00f6nen oder eine auff\u00e4llige Farbe als Statement entscheidest, Dune passt sich m\u00fchelos deinem Wohnstil an.  <\/p>\n<p data-start=\"862\" data-end=\"989\" data-is-last-node=\"\" data-is-only-node=\"\">Ein Sofa, das nicht nur ein Augenschmaus ist, sondern auch herrlichen Sitzkomfort bietet.<\/p>\n","protected":false},"excerpt":{"rendered":"<p data-start=\"0\" data-end=\"49\"><strong data-start=\"0\" data-end=\"47\">Sofa Dune \u2013 Elegante Formen, ultimativer Komfort<\/strong><\/p>\n<p data-start=\"51\" data-end=\"434\">Das <strong data-start=\"54\" data-end=\"67\">Sofa Dune<\/strong> von <strong data-start=\"72\" data-end=\"89\">Cartel Living<\/strong> ist die perfekte Balance zwischen Eleganz und Komfort. Mit seinen <strong data-start=\"150\" data-end=\"184\">zierlichen, luftigen Armlehnen<\/strong> und schlanken F\u00fc\u00dfen scheint das Sofa fast zu schweben, wodurch es in jedem Wohnstil eine gro\u00dfz\u00fcgige Wirkung erzielt. Die <strong data-start=\"299\" data-end=\"330\">fest gepolsterte Ausf\u00fchrung<\/strong> sorgt f\u00fcr eine klare und luxuri\u00f6se Ausstrahlung, w\u00e4hrend der Sitzkomfort zum Entspannen einl\u00e4dt.  <\/p>\n<p data-start=\"436\" data-end=\"860\">Dune l\u00e4sst sich vollst\u00e4ndig an deine W\u00fcnsche und dein Interieur anpassen. W\u00e4hle aus einer breiten Palette an <strong data-start=\"523\" data-end=\"549\">Stoffen und Lederarten<\/strong> und bestimme selbst das Format, das zu dir passt \u2013 vom <strong data-start=\"605\" data-end=\"628\">kompakten Einzelsofa<\/strong> bis hin zum <strong data-start=\"637\" data-end=\"655\">ger\u00e4umigen Ecksofa<\/strong> oder einem Modell mit <strong data-start=\"677\" data-end=\"691\">Liegeelement<\/strong> f\u00fcr extra Komfort. Ob du dich f\u00fcr ein zeitloses Design in neutralen T\u00f6nen oder eine auff\u00e4llige Farbe als Statement entscheidest, Dune passt sich m\u00fchelos deinem Wohnstil an.  <\/p>\n<p data-start=\"862\" data-end=\"989\" data-is-last-node=\"\" data-is-only-node=\"\">Ein Sofa, das nicht nur ein Augenschmaus ist, sondern auch herrlichen Sitzkomfort bietet.<\/p>\n","protected":false},"featured_media":6078,"template":"","meta":{"_joinchat":[]},"product_brand":[],"product_cat":[133,136,124,125,134],"product_tag":[],"class_list":{"0":"post-7914","1":"product","2":"type-product","3":"status-publish","4":"has-post-thumbnail","6":"product_cat-cartel-living","7":"product_cat-marken","8":"product_cat-sitzmobel","9":"product_cat-sofa","10":"product_cat-sofas","12":"first","13":"instock","14":"shipping-taxable","15":"product-type-simple"},"_links":{"self":[{"href":"https:\/\/pinedesign.nl\/de\/wp-json\/wp\/v2\/product\/7914","targetHints":{"allow":["GET"]}}],"collection":[{"href":"https:\/\/pinedesign.nl\/de\/wp-json\/wp\/v2\/product"}],"about":[{"href":"https:\/\/pinedesign.nl\/de\/wp-json\/wp\/v2\/types\/product"}],"wp:featuredmedia":[{"embeddable":true,"href":"https:\/\/pinedesign.nl\/de\/wp-json\/wp\/v2\/media\/6078"}],"wp:attachment":[{"href":"https:\/\/pinedesign.nl\/de\/wp-json\/wp\/v2\/media?parent=7914"}],"wp:term":[{"taxonomy":"product_brand","embeddable":true,"href":"https:\/\/pinedesign.nl\/de\/wp-json\/wp\/v2\/product_brand?post=7914"},{"taxonomy":"product_cat","embeddable":true,"href":"https:\/\/pinedesign.nl\/de\/wp-json\/wp\/v2\/product_cat?post=7914"},{"taxonomy":"product_tag","embeddable":true,"href":"https:\/\/pinedesign.nl\/de\/wp-json\/wp\/v2\/product_tag?post=7914"}],"curies":[{"name":"wp","href":"https:\/\/api.w.org\/{rel}","templated":true}]}}