{"id":7908,"date":"2025-02-27T12:06:33","date_gmt":"2025-02-27T12:06:33","guid":{"rendered":"https:\/\/pinedesign.nl\/product\/sideboard-ottawa\/"},"modified":"2025-02-27T12:06:33","modified_gmt":"2025-02-27T12:06:33","slug":"sideboard-ottawa","status":"publish","type":"product","link":"https:\/\/pinedesign.nl\/de\/product\/sideboard-ottawa\/","title":{"rendered":"Sideboard Ottawa"},"content":{"rendered":"<p data-start=\"0\" data-end=\"52\"><strong data-start=\"0\" data-end=\"50\">Sideboard Ottawa \u2013 Robust, stilvoll und praktisch<\/strong><\/p>\n<p data-start=\"54\" data-end=\"512\">Das <strong data-start=\"58\" data-end=\"77\">Sideboard Ottawa<\/strong> von <strong data-start=\"82\" data-end=\"95\">New Routz<\/strong> ist ein echter Blickfang mit einem robusten und industriellen Look. Dieses Sideboard aus Metall kombiniert ein klares Design mit funktionalem Stauraum und passt so perfekt in ein modernes, industrielles oder zeitgem\u00e4\u00dfes Interieur. Mit <strong data-start=\"326\" data-end=\"341\">vier T\u00fcren<\/strong> und <strong data-start=\"345\" data-end=\"361\">einem offenen Fach<\/strong> bietet Ottawa reichlich Platz, um deine Sachen ordentlich zu verstauen, w\u00e4hrend deine Lieblingsaccessoires oder B\u00fccher im offenen Fach prominent zur Geltung kommen.  <\/p>\n<p data-start=\"514\" data-end=\"870\">Mit den Ma\u00dfen <strong data-start=\"535\" data-end=\"561\">H 104 x B 164 x T 43,5 cm<\/strong> hat das Sideboard ein gro\u00dfz\u00fcgiges Format, ohne zu massiv zu wirken. Dank der verschiedenen verf\u00fcgbaren Farben w\u00e4hlst du ganz einfach eine Variante, die perfekt zu deinem Einrichtungsstil passt. Ob im Wohnzimmer, Esszimmer oder Flur \u2013 das Sideboard Ottawa verleiht deinem Raum einen robusten und zeitlosen Charakter.  <\/p>\n<p data-start=\"872\" data-end=\"983\" data-is-last-node=\"\" data-is-only-node=\"\">Suchst du ein Aufbewahrungsm\u00f6bel mit Charakter? Ottawa ist der perfekte Mix aus St\u00e4rke, Eleganz und Funktionalit\u00e4t! <\/p>\n","protected":false},"excerpt":{"rendered":"<p data-start=\"0\" data-end=\"52\"><strong data-start=\"0\" data-end=\"50\">Sideboard Ottawa \u2013 Robust, stilvoll und praktisch<\/strong><\/p>\n<p data-start=\"54\" data-end=\"512\">Das <strong data-start=\"58\" data-end=\"77\">Sideboard Ottawa<\/strong> von <strong data-start=\"82\" data-end=\"95\">New Routz<\/strong> ist ein echter Blickfang mit einem robusten und industriellen Look. Dieses Sideboard aus Metall kombiniert ein klares Design mit funktionalem Stauraum und passt so perfekt in ein modernes, industrielles oder zeitgem\u00e4\u00dfes Interieur. Mit <strong data-start=\"326\" data-end=\"341\">vier T\u00fcren<\/strong> und <strong data-start=\"345\" data-end=\"361\">einem offenen Fach<\/strong> bietet Ottawa reichlich Platz, um deine Sachen ordentlich zu verstauen, w\u00e4hrend deine Lieblingsaccessoires oder B\u00fccher im offenen Fach prominent zur Geltung kommen.  <\/p>\n<p data-start=\"514\" data-end=\"870\">Mit den Ma\u00dfen <strong data-start=\"535\" data-end=\"561\">H 104 x B 164 x T 43,5 cm<\/strong> hat das Sideboard ein gro\u00dfz\u00fcgiges Format, ohne zu massiv zu wirken. Dank der verschiedenen verf\u00fcgbaren Farben w\u00e4hlst du ganz einfach eine Variante, die perfekt zu deinem Einrichtungsstil passt. Ob im Wohnzimmer, Esszimmer oder Flur \u2013 das Sideboard Ottawa verleiht deinem Raum einen robusten und zeitlosen Charakter.  <\/p>\n<p data-start=\"872\" data-end=\"983\" data-is-last-node=\"\" data-is-only-node=\"\">Suchst du ein Aufbewahrungsm\u00f6bel mit Charakter? Ottawa ist der perfekte Mix aus St\u00e4rke, Eleganz und Funktionalit\u00e4t! <\/p>\n","protected":false},"featured_media":6076,"template":"","meta":{"_joinchat":[]},"product_brand":[],"product_cat":[136,138,115,117],"product_tag":[],"class_list":{"0":"post-7908","1":"product","2":"type-product","3":"status-publish","4":"has-post-thumbnail","6":"product_cat-marken","7":"product_cat-new-routz","8":"product_cat-schranke","9":"product_cat-sideboard","11":"first","12":"instock","13":"shipping-taxable","14":"product-type-simple"},"_links":{"self":[{"href":"https:\/\/pinedesign.nl\/de\/wp-json\/wp\/v2\/product\/7908","targetHints":{"allow":["GET"]}}],"collection":[{"href":"https:\/\/pinedesign.nl\/de\/wp-json\/wp\/v2\/product"}],"about":[{"href":"https:\/\/pinedesign.nl\/de\/wp-json\/wp\/v2\/types\/product"}],"wp:featuredmedia":[{"embeddable":true,"href":"https:\/\/pinedesign.nl\/de\/wp-json\/wp\/v2\/media\/6076"}],"wp:attachment":[{"href":"https:\/\/pinedesign.nl\/de\/wp-json\/wp\/v2\/media?parent=7908"}],"wp:term":[{"taxonomy":"product_brand","embeddable":true,"href":"https:\/\/pinedesign.nl\/de\/wp-json\/wp\/v2\/product_brand?post=7908"},{"taxonomy":"product_cat","embeddable":true,"href":"https:\/\/pinedesign.nl\/de\/wp-json\/wp\/v2\/product_cat?post=7908"},{"taxonomy":"product_tag","embeddable":true,"href":"https:\/\/pinedesign.nl\/de\/wp-json\/wp\/v2\/product_tag?post=7908"}],"curies":[{"name":"wp","href":"https:\/\/api.w.org\/{rel}","templated":true}]}}