{"id":7898,"date":"2025-02-08T10:49:09","date_gmt":"2025-02-08T10:49:09","guid":{"rendered":"https:\/\/pinedesign.nl\/product\/esszimmerstuhl-lio-ohne-armlehnen\/"},"modified":"2025-02-08T10:49:09","modified_gmt":"2025-02-08T10:49:09","slug":"esszimmerstuhl-lio-ohne-armlehnen","status":"publish","type":"product","link":"https:\/\/pinedesign.nl\/de\/product\/esszimmerstuhl-lio-ohne-armlehnen\/","title":{"rendered":"Esszimmerstuhl Lio ohne Armlehnen"},"content":{"rendered":"<h3><strong>Esszimmerstuhl Lio \u2013 stilvoll, komfortabel und drehbar<\/strong><\/h3>\n<p>Der <strong>Esszimmerstuhl Lio von Haveco<\/strong> ist die perfekte Kombination aus Stil, Komfort und Funktionalit\u00e4t. Mit seinem <strong>schlanken, eleganten Bein<\/strong> und der <strong>hohen R\u00fcckenlehne<\/strong> bietet dieser Stuhl nicht nur eine luxuri\u00f6se Ausstrahlung, sondern auch optimale Unterst\u00fctzung f\u00fcr langanhaltenden Sitzkomfort. Dank der <strong>drehbaren Sitzfl\u00e4che<\/strong> genie\u00dft du zus\u00e4tzliche Bewegungsfreiheit, was das Aufstehen und Heranschieben an den Tisch noch einfacher macht.  <\/p>\n<p>Lio ist <strong>mit oder ohne Armlehnen<\/strong> erh\u00e4ltlich, sodass du selbst entscheidest, welche Ausf\u00fchrung am besten zu deiner Einrichtung und deinen W\u00fcnschen passt. Ob du einen modernen, cleanen Look liebst oder eine warme, gem\u00fctliche Atmosph\u00e4re schaffen m\u00f6chtest \u2013 dieser Stuhl passt sich m\u00fchelos an. <\/p>\n<p>Zudem ist der Lio Esszimmerstuhl in einer <strong>breiten Palette an Stoff- und Lederarten<\/strong> lieferbar. Von luxuri\u00f6sem Leder bis hin zu weichen und langlebigen Stoffen \u2013 die M\u00f6glichkeiten sind endlos. W\u00e4hle eine Farbe und ein Material, das perfekt zu deinem Essbereich passt, und schaffe einen stilvollen und einladenden Raum.  <\/p>\n<p>M\u00f6chtest du den <strong>Sitzkomfort selbst erleben<\/strong> und alle Optionen entdecken? <strong>Komm in unserem Gesch\u00e4ft vorbei<\/strong> und lass dich inspirieren!<\/p>\n","protected":false},"excerpt":{"rendered":"<h3><strong>Esszimmerstuhl Lio \u2013 stilvoll, komfortabel und drehbar<\/strong><\/h3>\n<p>Der <strong>Esszimmerstuhl Lio von Haveco<\/strong> ist die perfekte Kombination aus Stil, Komfort und Funktionalit\u00e4t. Mit seinem <strong>schlanken, eleganten Bein<\/strong> und der <strong>hohen R\u00fcckenlehne<\/strong> bietet dieser Stuhl nicht nur eine luxuri\u00f6se Ausstrahlung, sondern auch optimale Unterst\u00fctzung f\u00fcr langanhaltenden Sitzkomfort. Dank der <strong>drehbaren Sitzfl\u00e4che<\/strong> genie\u00dft du zus\u00e4tzliche Bewegungsfreiheit, was das Aufstehen und Heranschieben an den Tisch noch einfacher macht.  <\/p>\n<p>Lio ist <strong>mit oder ohne Armlehnen<\/strong> erh\u00e4ltlich, sodass du selbst entscheidest, welche Ausf\u00fchrung am besten zu deiner Einrichtung und deinen W\u00fcnschen passt. Ob du einen modernen, cleanen Look liebst oder eine warme, gem\u00fctliche Atmosph\u00e4re schaffen m\u00f6chtest \u2013 dieser Stuhl passt sich m\u00fchelos an. <\/p>\n<p>Zudem ist der Lio Esszimmerstuhl in einer <strong>breiten Palette an Stoff- und Lederarten<\/strong> lieferbar. Von luxuri\u00f6sem Leder bis hin zu weichen und langlebigen Stoffen \u2013 die M\u00f6glichkeiten sind endlos. W\u00e4hle eine Farbe und ein Material, das perfekt zu deinem Essbereich passt, und schaffe einen stilvollen und einladenden Raum.  <\/p>\n<p>M\u00f6chtest du den <strong>Sitzkomfort selbst erleben<\/strong> und alle Optionen entdecken? <strong>Komm in unserem Gesch\u00e4ft vorbei<\/strong> und lass dich inspirieren!<\/p>\n","protected":false},"featured_media":5934,"template":"","meta":{"_joinchat":[]},"product_brand":[],"product_cat":[128,139,136,124],"product_tag":[],"class_list":{"0":"post-7898","1":"product","2":"type-product","3":"status-publish","4":"has-post-thumbnail","6":"product_cat-esszimmerstuhle","7":"product_cat-haveco","8":"product_cat-marken","9":"product_cat-sitzmobel","11":"first","12":"instock","13":"shipping-taxable","14":"product-type-simple"},"_links":{"self":[{"href":"https:\/\/pinedesign.nl\/de\/wp-json\/wp\/v2\/product\/7898","targetHints":{"allow":["GET"]}}],"collection":[{"href":"https:\/\/pinedesign.nl\/de\/wp-json\/wp\/v2\/product"}],"about":[{"href":"https:\/\/pinedesign.nl\/de\/wp-json\/wp\/v2\/types\/product"}],"wp:featuredmedia":[{"embeddable":true,"href":"https:\/\/pinedesign.nl\/de\/wp-json\/wp\/v2\/media\/5934"}],"wp:attachment":[{"href":"https:\/\/pinedesign.nl\/de\/wp-json\/wp\/v2\/media?parent=7898"}],"wp:term":[{"taxonomy":"product_brand","embeddable":true,"href":"https:\/\/pinedesign.nl\/de\/wp-json\/wp\/v2\/product_brand?post=7898"},{"taxonomy":"product_cat","embeddable":true,"href":"https:\/\/pinedesign.nl\/de\/wp-json\/wp\/v2\/product_cat?post=7898"},{"taxonomy":"product_tag","embeddable":true,"href":"https:\/\/pinedesign.nl\/de\/wp-json\/wp\/v2\/product_tag?post=7898"}],"curies":[{"name":"wp","href":"https:\/\/api.w.org\/{rel}","templated":true}]}}