{"id":7897,"date":"2025-02-27T11:58:25","date_gmt":"2025-02-27T11:58:25","guid":{"rendered":"https:\/\/pinedesign.nl\/product\/tv-moebel-helsinki\/"},"modified":"2025-02-27T11:58:25","modified_gmt":"2025-02-27T11:58:25","slug":"tv-moebel-helsinki","status":"publish","type":"product","link":"https:\/\/pinedesign.nl\/de\/product\/tv-moebel-helsinki\/","title":{"rendered":"TV-M\u00f6bel Helsinki"},"content":{"rendered":"<div class=\"flex max-w-full flex-col flex-grow\">\n<div class=\"min-h-8 text-message relative flex w-full flex-col items-end gap-2 whitespace-normal break-words text-start [.text-message+&amp;]:mt-5\" dir=\"auto\" data-message-author-role=\"assistant\" data-message-id=\"c3d3dc92-c574-4f4a-b6cf-7021fde176ea\" data-message-model-slug=\"gpt-4o\">\n<div class=\"flex w-full flex-col gap-1 empty:hidden first:pt-[3px]\">\n<div class=\"markdown prose w-full break-words dark:prose-invert dark\">\n<p data-start=\"0\" data-end=\"65\"><strong data-start=\"0\" data-end=\"63\">TV-M\u00f6bel Helsinki \u2013 Schlichtes Design mit warmer Ausstrahlung<\/strong><\/p>\n<p data-start=\"67\" data-end=\"458\">Das <strong data-start=\"71\" data-end=\"93\">TV-M\u00f6bel Helsinki<\/strong> von <strong data-start=\"98\" data-end=\"110\">Eleonora<\/strong> kombiniert Stil und Funktionalit\u00e4t in einem zeitlosen Design. Mit seinen klaren Linien und warmen Holzt\u00f6nen passt dieses M\u00f6belst\u00fcck perfekt in moderne sowie gem\u00fctliche Einrichtungen. Die <strong data-start=\"286\" data-end=\"301\">offenen F\u00e4cher<\/strong> bieten Platz f\u00fcr deine Mediabox oder Lieblingsaccessoires, w\u00e4hrend die <strong data-start=\"370\" data-end=\"382\">T\u00fcren<\/strong> f\u00fcr zus\u00e4tzlichen Stauraum sorgen, um Dinge ordentlich au\u00dfer Sichtweite aufzubewahren.  <\/p>\n<p data-start=\"460\" data-end=\"665\">Dieses TV-M\u00f6bel ist in <strong data-start=\"493\" data-end=\"507\">zwei Gr\u00f6\u00dfen<\/strong> erh\u00e4ltlich:<br data-start=\"508\" data-end=\"511\"><strong data-start=\"514\" data-end=\"530\">160x42x45 cm<\/strong> \u2013 mit <strong data-start=\"537\" data-end=\"572\" data-is-only-node=\"\">zwei T\u00fcren und zwei offenen F\u00e4chern<\/strong> (wie auf dem Foto abgebildet)<br data-start=\"599\" data-end=\"602\"><strong data-start=\"605\" data-end=\"621\">200x42x45 cm<\/strong> \u2013 mit <strong data-start=\"628\" data-end=\"663\">drei T\u00fcren und zwei offenen F\u00e4chern<\/strong><\/p>\n<p data-start=\"667\" data-end=\"970\">Zudem ist Helsinki in <strong data-start=\"702\" data-end=\"728\">vier wundersch\u00f6nen Farben<\/strong> lieferbar \u2013 Dunkelbraun, Braun, Natur und Taupe \u2013 sodass du immer eine Variante findest, die perfekt zu deiner Einrichtung passt. Ob du dich f\u00fcr die kompakte oder die gr\u00f6\u00dfere Version entscheidest, dieses M\u00f6belst\u00fcck verleiht deinem Wohnzimmer ein stilvolles und beruhigendes Element. <\/p>\n<\/div>\n<\/div>\n<\/div>\n<\/div>\n","protected":false},"excerpt":{"rendered":"<p data-start=\"0\" data-end=\"65\"><strong data-start=\"0\" data-end=\"63\">TV-M\u00f6bel Helsinki \u2013 Schlichtes Design mit warmer Ausstrahlung<\/strong><\/p>\n<p data-start=\"67\" data-end=\"458\">Das <strong data-start=\"71\" data-end=\"93\">TV-M\u00f6bel Helsinki<\/strong> von <strong data-start=\"98\" data-end=\"110\">Eleonora<\/strong> kombiniert Stil und Funktionalit\u00e4t in einem zeitlosen Design. Mit seinen klaren Linien und warmen Holzt\u00f6nen passt dieses M\u00f6belst\u00fcck perfekt in moderne sowie gem\u00fctliche Einrichtungen. Die <strong data-start=\"286\" data-end=\"301\">offenen F\u00e4cher<\/strong> bieten Platz f\u00fcr deine Mediabox oder Lieblingsaccessoires, w\u00e4hrend die <strong data-start=\"370\" data-end=\"382\">T\u00fcren<\/strong> f\u00fcr zus\u00e4tzlichen Stauraum sorgen, um Dinge ordentlich au\u00dfer Sichtweite aufzubewahren.  <\/p>\n<p data-start=\"460\" data-end=\"665\">Dieses TV-M\u00f6bel ist in <strong data-start=\"493\" data-end=\"507\">zwei Gr\u00f6\u00dfen<\/strong> erh\u00e4ltlich:<br data-start=\"508\" data-end=\"511\"><strong data-start=\"514\" data-end=\"530\">160x42x45 cm<\/strong> \u2013 mit <strong data-start=\"537\" data-end=\"572\" data-is-only-node=\"\">zwei T\u00fcren und zwei offenen F\u00e4chern<\/strong> (wie auf dem Foto abgebildet)<br data-start=\"599\" data-end=\"602\"><strong data-start=\"605\" data-end=\"621\">200x42x45 cm<\/strong> \u2013 mit <strong data-start=\"628\" data-end=\"663\">drei T\u00fcren und zwei offenen F\u00e4chern<\/strong><\/p>\n<p data-start=\"667\" data-end=\"970\">Zudem ist Helsinki in <strong data-start=\"702\" data-end=\"728\">vier wundersch\u00f6nen Farben<\/strong> lieferbar \u2013 Dunkelbraun, Braun, Natur und Taupe \u2013 sodass du immer eine Variante findest, die perfekt zu deiner Einrichtung passt. Ob du dich f\u00fcr die kompakte oder die gr\u00f6\u00dfere Version entscheidest, dieses M\u00f6belst\u00fcck verleiht deinem Wohnzimmer ein stilvolles und beruhigendes Element. <\/p>\n","protected":false},"featured_media":6069,"template":"","meta":{"_joinchat":[]},"product_brand":[],"product_cat":[151,136,115,120],"product_tag":[],"class_list":{"0":"post-7897","1":"product","2":"type-product","3":"status-publish","4":"has-post-thumbnail","6":"product_cat-eleonora","7":"product_cat-marken","8":"product_cat-schranke","9":"product_cat-tv-mobel","11":"first","12":"instock","13":"shipping-taxable","14":"product-type-simple"},"_links":{"self":[{"href":"https:\/\/pinedesign.nl\/de\/wp-json\/wp\/v2\/product\/7897","targetHints":{"allow":["GET"]}}],"collection":[{"href":"https:\/\/pinedesign.nl\/de\/wp-json\/wp\/v2\/product"}],"about":[{"href":"https:\/\/pinedesign.nl\/de\/wp-json\/wp\/v2\/types\/product"}],"wp:featuredmedia":[{"embeddable":true,"href":"https:\/\/pinedesign.nl\/de\/wp-json\/wp\/v2\/media\/6069"}],"wp:attachment":[{"href":"https:\/\/pinedesign.nl\/de\/wp-json\/wp\/v2\/media?parent=7897"}],"wp:term":[{"taxonomy":"product_brand","embeddable":true,"href":"https:\/\/pinedesign.nl\/de\/wp-json\/wp\/v2\/product_brand?post=7897"},{"taxonomy":"product_cat","embeddable":true,"href":"https:\/\/pinedesign.nl\/de\/wp-json\/wp\/v2\/product_cat?post=7897"},{"taxonomy":"product_tag","embeddable":true,"href":"https:\/\/pinedesign.nl\/de\/wp-json\/wp\/v2\/product_tag?post=7897"}],"curies":[{"name":"wp","href":"https:\/\/api.w.org\/{rel}","templated":true}]}}