{"id":7883,"date":"2025-02-27T11:28:51","date_gmt":"2025-02-27T11:28:51","guid":{"rendered":"https:\/\/pinedesign.nl\/product\/schrank-helsinki\/"},"modified":"2025-02-27T11:28:51","modified_gmt":"2025-02-27T11:28:51","slug":"schrank-helsinki","status":"publish","type":"product","link":"https:\/\/pinedesign.nl\/de\/product\/schrank-helsinki\/","title":{"rendered":"Schrank Helsinki"},"content":{"rendered":"<p data-start=\"0\" data-end=\"53\"><strong data-start=\"0\" data-end=\"51\">Schrank Helsinki \u2013 Stilvoll, praktisch und zeitlos<\/strong><\/p>\n<p data-start=\"55\" data-end=\"511\">Der <strong data-start=\"58\" data-end=\"75\">Schrank Helsinki<\/strong> von <strong data-start=\"80\" data-end=\"92\">Eleonora<\/strong> ist die perfekte Kombination aus modernem Design und funktionalem Stauraum. Mit seinen klaren Linien und der warmen Ausstrahlung passt dieser niedrige Schrank m\u00fchelos in verschiedene Einrichtungsstile. Dank der <strong data-start=\"288\" data-end=\"303\">zwei T\u00fcren<\/strong> und <strong data-start=\"307\" data-end=\"327\">vier offenen F\u00e4cher<\/strong> bietet Helsinki ausreichend Platz, um deine Lieblingsdeko, B\u00fccher und Accessoires stilvoll zu pr\u00e4sentieren, w\u00e4hrend du andere Gegenst\u00e4nde ordentlich au\u00dfer Sichtweite verstauen kannst.  <\/p>\n<p data-start=\"513\" data-end=\"820\">Dieser vielseitige Schrank ist in <strong data-start=\"551\" data-end=\"577\">vier wundersch\u00f6nen Farben<\/strong> erh\u00e4ltlich \u2013 Braun, Hellbraun, Naturell und Taupe \u2013 sodass du immer eine Variante findest, die perfekt zu deiner Einrichtung passt. Mit den Ma\u00dfen <strong data-start=\"710\" data-end=\"727\">120x42x170 cm<\/strong> hat er ein kompaktes, aber ger\u00e4umiges Design, das ideal f\u00fcr das Wohnzimmer, Esszimmer oder den Flur ist. <\/p>\n<p data-start=\"822\" data-end=\"976\" data-is-last-node=\"\" data-is-only-node=\"\">Suchst du einen Schrank, der sowohl praktisch als auch elegant ist? Mit Helsinki f\u00fcgst du deiner Einrichtung ein zeitloses Designst\u00fcck hinzu, das Ruhe und W\u00e4rme ausstrahlt! <\/p>\n","protected":false},"excerpt":{"rendered":"<p data-start=\"0\" data-end=\"53\"><strong data-start=\"0\" data-end=\"51\">Schrank Helsinki \u2013 Stilvoll, praktisch und zeitlos<\/strong><\/p>\n<p data-start=\"55\" data-end=\"511\">Der <strong data-start=\"58\" data-end=\"75\">Schrank Helsinki<\/strong> von <strong data-start=\"80\" data-end=\"92\">Eleonora<\/strong> ist die perfekte Kombination aus modernem Design und funktionalem Stauraum. Mit seinen klaren Linien und der warmen Ausstrahlung passt dieser niedrige Schrank m\u00fchelos in verschiedene Einrichtungsstile. Dank der <strong data-start=\"288\" data-end=\"303\">zwei T\u00fcren<\/strong> und <strong data-start=\"307\" data-end=\"327\">vier offenen F\u00e4cher<\/strong> bietet Helsinki ausreichend Platz, um deine Lieblingsdeko, B\u00fccher und Accessoires stilvoll zu pr\u00e4sentieren, w\u00e4hrend du andere Gegenst\u00e4nde ordentlich au\u00dfer Sichtweite verstauen kannst.  <\/p>\n<p data-start=\"513\" data-end=\"820\">Dieser vielseitige Schrank ist in <strong data-start=\"551\" data-end=\"577\">vier wundersch\u00f6nen Farben<\/strong> erh\u00e4ltlich \u2013 Braun, Hellbraun, Naturell und Taupe \u2013 sodass du immer eine Variante findest, die perfekt zu deiner Einrichtung passt. Mit den Ma\u00dfen <strong data-start=\"710\" data-end=\"727\">120x42x170 cm<\/strong> hat er ein kompaktes, aber ger\u00e4umiges Design, das ideal f\u00fcr das Wohnzimmer, Esszimmer oder den Flur ist. <\/p>\n<p data-start=\"822\" data-end=\"976\" data-is-last-node=\"\" data-is-only-node=\"\">Suchst du einen Schrank, der sowohl praktisch als auch elegant ist? Mit Helsinki f\u00fcgst du deiner Einrichtung ein zeitloses Designst\u00fcck hinzu, das Ruhe und W\u00e4rme ausstrahlt! <\/p>\n","protected":false},"featured_media":6059,"template":"","meta":{"_joinchat":[]},"product_brand":[],"product_cat":[151,136,115,131],"product_tag":[],"class_list":{"0":"post-7883","1":"product","2":"type-product","3":"status-publish","4":"has-post-thumbnail","6":"product_cat-eleonora","7":"product_cat-marken","8":"product_cat-schranke","9":"product_cat-wandschranke","11":"first","12":"instock","13":"shipping-taxable","14":"product-type-simple"},"_links":{"self":[{"href":"https:\/\/pinedesign.nl\/de\/wp-json\/wp\/v2\/product\/7883","targetHints":{"allow":["GET"]}}],"collection":[{"href":"https:\/\/pinedesign.nl\/de\/wp-json\/wp\/v2\/product"}],"about":[{"href":"https:\/\/pinedesign.nl\/de\/wp-json\/wp\/v2\/types\/product"}],"wp:featuredmedia":[{"embeddable":true,"href":"https:\/\/pinedesign.nl\/de\/wp-json\/wp\/v2\/media\/6059"}],"wp:attachment":[{"href":"https:\/\/pinedesign.nl\/de\/wp-json\/wp\/v2\/media?parent=7883"}],"wp:term":[{"taxonomy":"product_brand","embeddable":true,"href":"https:\/\/pinedesign.nl\/de\/wp-json\/wp\/v2\/product_brand?post=7883"},{"taxonomy":"product_cat","embeddable":true,"href":"https:\/\/pinedesign.nl\/de\/wp-json\/wp\/v2\/product_cat?post=7883"},{"taxonomy":"product_tag","embeddable":true,"href":"https:\/\/pinedesign.nl\/de\/wp-json\/wp\/v2\/product_tag?post=7883"}],"curies":[{"name":"wp","href":"https:\/\/api.w.org\/{rel}","templated":true}]}}