{"id":7882,"date":"2025-02-08T10:30:02","date_gmt":"2025-02-08T10:30:02","guid":{"rendered":"https:\/\/pinedesign.nl\/product\/esszimmerbank-ness\/"},"modified":"2025-02-08T10:30:02","modified_gmt":"2025-02-08T10:30:02","slug":"esszimmerbank-ness","status":"publish","type":"product","link":"https:\/\/pinedesign.nl\/de\/product\/esszimmerbank-ness\/","title":{"rendered":"Esszimmerbank Ness"},"content":{"rendered":"<p><strong>Esszimmerbank Ness \u2013 Stilvoll, komfortabel &amp; vielseitig<\/strong><\/p>\n<p>Suchst du eine elegante und komfortable Esszimmerbank? Die <strong>Esszimmerbank Ness<\/strong> von <strong>Cartel Living<\/strong> kombiniert Stil und Funktionalit\u00e4t auf einzigartige Weise. Dank der <strong>sch\u00f6nen runden Formen, schlanken Beine und einer subtilen Rundung<\/strong> passt diese Bank perfekt in fast jedes Interieur.  <\/p>\n<p>Diese Esszimmerbank ist als <strong>gerades Modell<\/strong> in verschiedenen Gr\u00f6\u00dfen erh\u00e4ltlich, du kannst dich aber auch f\u00fcr eine <strong>Eckbank<\/strong> mit einer sch\u00f6nen Rundung entscheiden. So gestaltest du ganz einfach einen gem\u00fctlichen und einladenden Essbereich. <\/p>\n<p>Die <strong>Esszimmerbank Ness<\/strong> ist in einer breiten Palette an <strong>Stoffen und Lederarten<\/strong> lieferbar, sodass du die perfekte Erg\u00e4nzung f\u00fcr dein Interieur findest. <strong>Neugierig auf den ultimativen Sitzkomfort?<\/strong> Komm in unserem Gesch\u00e4ft vorbei und erlebe es selbst!<\/p>\n","protected":false},"excerpt":{"rendered":"<p><strong>Esszimmerbank Ness \u2013 Stilvoll, komfortabel &amp; vielseitig<\/strong><\/p>\n<p>Suchst du eine elegante und komfortable Esszimmerbank? Die <strong>Esszimmerbank Ness<\/strong> von <strong>Cartel Living<\/strong> kombiniert Stil und Funktionalit\u00e4t auf einzigartige Weise. Dank der <strong>sch\u00f6nen runden Formen, schlanken Beine und einer subtilen Rundung<\/strong> passt diese Bank perfekt in fast jedes Interieur.  <\/p>\n<p>Diese Esszimmerbank ist als <strong>gerades Modell<\/strong> in verschiedenen Gr\u00f6\u00dfen erh\u00e4ltlich, du kannst dich aber auch f\u00fcr eine <strong>Eckbank<\/strong> mit einer sch\u00f6nen Rundung entscheiden. So gestaltest du ganz einfach einen gem\u00fctlichen und einladenden Essbereich. <\/p>\n<p>Die <strong>Esszimmerbank Ness<\/strong> ist in einer breiten Palette an <strong>Stoffen und Lederarten<\/strong> lieferbar, sodass du die perfekte Erg\u00e4nzung f\u00fcr dein Interieur findest. <strong>Neugierig auf den ultimativen Sitzkomfort?<\/strong> Komm in unserem Gesch\u00e4ft vorbei und erlebe es selbst!<\/p>\n","protected":false},"featured_media":5929,"template":"","meta":{"_joinchat":[]},"product_brand":[],"product_cat":[133,127,136,124],"product_tag":[],"class_list":{"0":"post-7882","1":"product","2":"type-product","3":"status-publish","4":"has-post-thumbnail","6":"product_cat-cartel-living","7":"product_cat-esszimmerbanke","8":"product_cat-marken","9":"product_cat-sitzmobel","11":"first","12":"instock","13":"shipping-taxable","14":"product-type-simple"},"_links":{"self":[{"href":"https:\/\/pinedesign.nl\/de\/wp-json\/wp\/v2\/product\/7882","targetHints":{"allow":["GET"]}}],"collection":[{"href":"https:\/\/pinedesign.nl\/de\/wp-json\/wp\/v2\/product"}],"about":[{"href":"https:\/\/pinedesign.nl\/de\/wp-json\/wp\/v2\/types\/product"}],"wp:featuredmedia":[{"embeddable":true,"href":"https:\/\/pinedesign.nl\/de\/wp-json\/wp\/v2\/media\/5929"}],"wp:attachment":[{"href":"https:\/\/pinedesign.nl\/de\/wp-json\/wp\/v2\/media?parent=7882"}],"wp:term":[{"taxonomy":"product_brand","embeddable":true,"href":"https:\/\/pinedesign.nl\/de\/wp-json\/wp\/v2\/product_brand?post=7882"},{"taxonomy":"product_cat","embeddable":true,"href":"https:\/\/pinedesign.nl\/de\/wp-json\/wp\/v2\/product_cat?post=7882"},{"taxonomy":"product_tag","embeddable":true,"href":"https:\/\/pinedesign.nl\/de\/wp-json\/wp\/v2\/product_tag?post=7882"}],"curies":[{"name":"wp","href":"https:\/\/api.w.org\/{rel}","templated":true}]}}