{"id":7871,"date":"2024-11-15T11:51:33","date_gmt":"2024-11-15T11:51:33","guid":{"rendered":"https:\/\/pinedesign.nl\/product\/regal-helsinki\/"},"modified":"2024-11-15T11:51:33","modified_gmt":"2024-11-15T11:51:33","slug":"regal-helsinki","status":"publish","type":"product","link":"https:\/\/pinedesign.nl\/de\/product\/regal-helsinki\/","title":{"rendered":"Regal Helsinki"},"content":{"rendered":"<p>Das<strong> Regal Helsinki<\/strong> von Eleonora ist eine tolle Erg\u00e4nzung f\u00fcr jedes Interieur. Dieser stilvolle Schrank kombiniert Funktionalit\u00e4t mit schlichtem Design und bietet reichlich Stauraum im modernen Look. Er ist in vier Farben erh\u00e4ltlich, sodass du immer eine Variante findest, die perfekt zu deinem Stil passt. Das Helsinki passt sich m\u00fchelos deinen W\u00fcnschen an.   <\/p>\n<p>Das Regal ist in verschiedenen Gr\u00f6\u00dfen erh\u00e4ltlich. Ob kompakter Schrank f\u00fcr kleine Wohnungen oder eine gr\u00f6\u00dfere Variante \u2013 es gibt immer ein passendes Format. Die F\u00e4cher bieten viel Platz, um B\u00fccher und Accessoires organisiert zu verstauen.  <\/p>\n<p>Kurz gesagt: Das<strong> Regal Helsinki<\/strong> bietet die perfekte Balance zwischen Funktionalit\u00e4t, Design und Qualit\u00e4t \u2013 ein Must-have f\u00fcr ein stilvolles Zuhause.<\/p>\n","protected":false},"excerpt":{"rendered":"<p>Das<strong> Regal Helsinki<\/strong> von Eleonora ist eine tolle Erg\u00e4nzung f\u00fcr jedes Interieur. Dieser stilvolle Schrank kombiniert Funktionalit\u00e4t mit schlichtem Design und bietet reichlich Stauraum im modernen Look. Er ist in vier Farben erh\u00e4ltlich, sodass du immer eine Variante findest, die perfekt zu deinem Stil passt. Das Helsinki passt sich m\u00fchelos deinen W\u00fcnschen an.   <\/p>\n<p>Das Regal ist in verschiedenen Gr\u00f6\u00dfen erh\u00e4ltlich. Ob kompakter Schrank f\u00fcr kleine Wohnungen oder eine gr\u00f6\u00dfere Variante \u2013 es gibt immer ein passendes Format. Die F\u00e4cher bieten viel Platz, um B\u00fccher und Accessoires organisiert zu verstauen.  <\/p>\n<p>Kurz gesagt: Das<strong> Regal Helsinki<\/strong> bietet die perfekte Balance zwischen Funktionalit\u00e4t, Design und Qualit\u00e4t \u2013 ein Must-have f\u00fcr ein stilvolles Zuhause.<\/p>\n","protected":false},"featured_media":5793,"template":"","meta":{"_joinchat":[]},"product_brand":[],"product_cat":[115,131],"product_tag":[],"class_list":{"0":"post-7871","1":"product","2":"type-product","3":"status-publish","4":"has-post-thumbnail","6":"product_cat-schranke","7":"product_cat-wandschranke","9":"first","10":"instock","11":"shipping-taxable","12":"product-type-simple"},"_links":{"self":[{"href":"https:\/\/pinedesign.nl\/de\/wp-json\/wp\/v2\/product\/7871","targetHints":{"allow":["GET"]}}],"collection":[{"href":"https:\/\/pinedesign.nl\/de\/wp-json\/wp\/v2\/product"}],"about":[{"href":"https:\/\/pinedesign.nl\/de\/wp-json\/wp\/v2\/types\/product"}],"wp:featuredmedia":[{"embeddable":true,"href":"https:\/\/pinedesign.nl\/de\/wp-json\/wp\/v2\/media\/5793"}],"wp:attachment":[{"href":"https:\/\/pinedesign.nl\/de\/wp-json\/wp\/v2\/media?parent=7871"}],"wp:term":[{"taxonomy":"product_brand","embeddable":true,"href":"https:\/\/pinedesign.nl\/de\/wp-json\/wp\/v2\/product_brand?post=7871"},{"taxonomy":"product_cat","embeddable":true,"href":"https:\/\/pinedesign.nl\/de\/wp-json\/wp\/v2\/product_cat?post=7871"},{"taxonomy":"product_tag","embeddable":true,"href":"https:\/\/pinedesign.nl\/de\/wp-json\/wp\/v2\/product_tag?post=7871"}],"curies":[{"name":"wp","href":"https:\/\/api.w.org\/{rel}","templated":true}]}}