{"id":7861,"date":"2024-12-20T12:53:02","date_gmt":"2024-12-20T12:53:02","guid":{"rendered":"https:\/\/pinedesign.nl\/product\/regal-abstract\/"},"modified":"2024-12-20T12:53:02","modified_gmt":"2024-12-20T12:53:02","slug":"regal-abstract","status":"publish","type":"product","link":"https:\/\/pinedesign.nl\/de\/product\/regal-abstract\/","title":{"rendered":"Regal Abstract"},"content":{"rendered":"<p><strong>Abstract Regal von Ethnicraft: Ein Statement f\u00fcr Stil und Funktionalit\u00e4t<\/strong><\/p>\n<p>Das Abstract Regal von Ethnicraft ist weit mehr als nur ein Aufbewahrungsm\u00f6bel. Gefertigt aus nachhaltigem Teakholz und in einem modernen Schwarzton veredelt, kombiniert dieses Regal m\u00fchelos Eleganz mit Funktionalit\u00e4t. Mit den Ma\u00dfen 49x54x203 cm bietet es nicht nur reichlich Platz f\u00fcr all deine Sachen, sondern verleiht deiner Einrichtung auch ein k\u00fcnstlerisches Element.  <\/p>\n<p>Die klaren Linien und das raffinierte Finish offenbaren ein zeitgem\u00e4\u00dfes Design, das dazu einl\u00e4dt, neue Perspektiven zu entdecken. Das Abstract Regal belebt jeden Raum, egal ob im Wohn-, Schlaf- oder Arbeitszimmer. Das subtile Spiel von Schatten und Tiefe macht es zu einem echten Blickfang \u2013 ein M\u00f6belst\u00fcck, das ebenso praktisch wie dekorativ ist.  <\/p>\n<p>Dieses Regal ist mehr als nur Stauraum; es ist ein Statement. Das moderne Design und die hochwertigen Materialien machen es zu einem zeitlosen Objekt, das deine Einrichtung bereichert und eine einzigartige Atmosph\u00e4re schafft. Das Abstract Regal von Ethnicraft ist perfekt f\u00fcr alle, die eine Kombination aus Stil, Qualit\u00e4t und Funktionalit\u00e4t lieben.  <\/p>\n","protected":false},"excerpt":{"rendered":"<p><strong>Abstract Regal von Ethnicraft: Ein Statement f\u00fcr Stil und Funktionalit\u00e4t<\/strong><\/p>\n<p>Das Abstract Regal von Ethnicraft ist weit mehr als nur ein Aufbewahrungsm\u00f6bel. Gefertigt aus nachhaltigem Teakholz und in einem modernen Schwarzton veredelt, kombiniert dieses Regal m\u00fchelos Eleganz mit Funktionalit\u00e4t. Mit den Ma\u00dfen 123x35x210 cm bietet es nicht nur reichlich Platz f\u00fcr all deine Sachen, sondern verleiht deiner Einrichtung auch ein k\u00fcnstlerisches Element.  <\/p>\n<p>Die klaren Linien und das raffinierte Finish offenbaren ein zeitgem\u00e4\u00dfes Design, das dazu einl\u00e4dt, neue Perspektiven zu entdecken. Das Abstract Regal belebt jeden Raum, egal ob im Wohn-, Schlaf- oder Arbeitszimmer. Das subtile Spiel von Schatten und Tiefe macht es zu einem echten Blickfang \u2013 ein M\u00f6belst\u00fcck, das ebenso praktisch wie dekorativ ist.  <\/p>\n<p>Dieses Regal ist mehr als nur Stauraum; es ist ein statement. Das moderne Design und die hochwertigen Materialien machen es zu einem zeitlosen Objekt, das deine Einrichtung bereichert und eine einzigartige Atmosph\u00e4re schafft. Das Abstract Regal von Ethnicraft ist perfekt f\u00fcr alle, die eine Kombination aus Stil, Qualit\u00e4t und Funktionalit\u00e4t lieben.  <\/p>\n","protected":false},"featured_media":5862,"template":"","meta":{"_joinchat":[]},"product_brand":[],"product_cat":[145,136,115,131],"product_tag":[],"class_list":{"0":"post-7861","1":"product","2":"type-product","3":"status-publish","4":"has-post-thumbnail","6":"product_cat-ethnicraft","7":"product_cat-marken","8":"product_cat-schranke","9":"product_cat-wandschranke","11":"first","12":"instock","13":"shipping-taxable","14":"product-type-simple"},"_links":{"self":[{"href":"https:\/\/pinedesign.nl\/de\/wp-json\/wp\/v2\/product\/7861","targetHints":{"allow":["GET"]}}],"collection":[{"href":"https:\/\/pinedesign.nl\/de\/wp-json\/wp\/v2\/product"}],"about":[{"href":"https:\/\/pinedesign.nl\/de\/wp-json\/wp\/v2\/types\/product"}],"wp:featuredmedia":[{"embeddable":true,"href":"https:\/\/pinedesign.nl\/de\/wp-json\/wp\/v2\/media\/5862"}],"wp:attachment":[{"href":"https:\/\/pinedesign.nl\/de\/wp-json\/wp\/v2\/media?parent=7861"}],"wp:term":[{"taxonomy":"product_brand","embeddable":true,"href":"https:\/\/pinedesign.nl\/de\/wp-json\/wp\/v2\/product_brand?post=7861"},{"taxonomy":"product_cat","embeddable":true,"href":"https:\/\/pinedesign.nl\/de\/wp-json\/wp\/v2\/product_cat?post=7861"},{"taxonomy":"product_tag","embeddable":true,"href":"https:\/\/pinedesign.nl\/de\/wp-json\/wp\/v2\/product_tag?post=7861"}],"curies":[{"name":"wp","href":"https:\/\/api.w.org\/{rel}","templated":true}]}}