{"id":7860,"date":"2024-11-07T15:49:12","date_gmt":"2024-11-07T15:49:12","guid":{"rendered":"https:\/\/pinedesign.nl\/product\/sessel-jackie-swing\/"},"modified":"2024-11-07T15:49:12","modified_gmt":"2024-11-07T15:49:12","slug":"sessel-jackie-swing","status":"publish","type":"product","link":"https:\/\/pinedesign.nl\/de\/product\/sessel-jackie-swing\/","title":{"rendered":"Sessel Jackie Swing"},"content":{"rendered":"<p>Der <strong>Sessel Jackie Swing<\/strong> von <strong>Room108<\/strong> ist die perfekte Wahl f\u00fcr alle, die Luxus und Komfort mit einem stilvollen Design kombinieren m\u00f6chten. Dieser einzigartige Sessel verf\u00fcgt \u00fcber eine spezielle <strong>Swing-Funktion<\/strong>, mit der er sich nicht nur drehen, sondern auch sanft schaukeln l\u00e4sst. F\u00fcr alle, die lieber nur eine Drehfunktion w\u00fcnschen, ist auch eine Ausf\u00fchrung ohne Schaukelfunktion erh\u00e4ltlich.  <\/p>\n<p>Was am Jackie Swing sofort auff\u00e4llt, ist das <strong>moderne und zeitlose Design<\/strong>, das m\u00fchelos in jeden Einrichtungsstil passt. Die markanten vertikalen Steppn\u00e4hte an der R\u00fcckenlehne verleihen dem Sessel eine trendige und raffinierte Ausstrahlung. Zudem scheint der Sessel knapp \u00fcber dem Boden zu schweben, was einen luftigen und r\u00e4umlichen Effekt im Zimmer erzeugt.  <\/p>\n<p>Der Sessel l\u00e4sst sich zudem vollst\u00e4ndig an deinen pers\u00f6nlichen Geschmack und dein Interieur anpassen, da er in einer gro\u00dfen Auswahl an <strong>Stoffen<\/strong> und <strong>Farben<\/strong> lieferbar ist. So kannst du den Jackie Swing genau so zusammenstellen, wie du es m\u00f6chtest. <\/p>\n<p>Kurz gesagt: Der Jackie Swing von Room108 ist mehr als nur ein Stuhl; er ist eine stilvolle Erg\u00e4nzung f\u00fcr dein Interieur, die Komfort, Luxus und einen trendigen Look perfekt vereint.<\/p>\n","protected":false},"excerpt":{"rendered":"<p>Der <strong>Sessel Jackie Swing<\/strong> von <strong>Room108<\/strong> ist die perfekte Wahl f\u00fcr alle, die Luxus und Komfort mit einem stilvollen Design kombinieren m\u00f6chten. Dieser einzigartige Sessel verf\u00fcgt \u00fcber eine spezielle <strong>Swing-Funktion<\/strong>, mit der er sich nicht nur drehen, sondern auch sanft schaukeln l\u00e4sst. F\u00fcr alle, die lieber nur eine Drehfunktion w\u00fcnschen, ist auch eine Ausf\u00fchrung ohne Schaukelfunktion erh\u00e4ltlich.  <\/p>\n<p>Was am Jackie Swing sofort auff\u00e4llt, ist das <strong>moderne und zeitlose Design<\/strong>, das m\u00fchelos in jeden Einrichtungsstil passt. Die markanten vertikalen Steppn\u00e4hte an der R\u00fcckenlehne verleihen dem Sessel eine trendige und raffinierte Ausstrahlung. Zudem scheint der Sessel knapp \u00fcber dem Boden zu schweben, was einen luftigen und r\u00e4umlichen Effekt im Zimmer erzeugt.  <\/p>\n<p>Der Sessel l\u00e4sst sich zudem vollst\u00e4ndig an deinen pers\u00f6nlichen Geschmack und dein Interieur anpassen, da er in einer gro\u00dfen Auswahl an <strong>Stoffen<\/strong> und <strong>Farben<\/strong> lieferbar ist. So kannst du den Jackie Swing genau so zusammenstellen, wie du es m\u00f6chtest. <\/p>\n<p>Kurz gesagt: Der Jackie Swing von Room108 ist mehr als nur ein Stuhl; er ist eine stilvolle Erg\u00e4nzung f\u00fcr dein Interieur, die Komfort, Luxus und einen trendigen Look perfekt vereint.<\/p>\n","protected":false},"featured_media":5786,"template":"","meta":{"_joinchat":[]},"product_brand":[],"product_cat":[136,147,130,124],"product_tag":[],"class_list":{"0":"post-7860","1":"product","2":"type-product","3":"status-publish","4":"has-post-thumbnail","6":"product_cat-marken","7":"product_cat-room108","8":"product_cat-sessel","9":"product_cat-sitzmobel","11":"first","12":"instock","13":"shipping-taxable","14":"product-type-simple"},"_links":{"self":[{"href":"https:\/\/pinedesign.nl\/de\/wp-json\/wp\/v2\/product\/7860","targetHints":{"allow":["GET"]}}],"collection":[{"href":"https:\/\/pinedesign.nl\/de\/wp-json\/wp\/v2\/product"}],"about":[{"href":"https:\/\/pinedesign.nl\/de\/wp-json\/wp\/v2\/types\/product"}],"wp:featuredmedia":[{"embeddable":true,"href":"https:\/\/pinedesign.nl\/de\/wp-json\/wp\/v2\/media\/5786"}],"wp:attachment":[{"href":"https:\/\/pinedesign.nl\/de\/wp-json\/wp\/v2\/media?parent=7860"}],"wp:term":[{"taxonomy":"product_brand","embeddable":true,"href":"https:\/\/pinedesign.nl\/de\/wp-json\/wp\/v2\/product_brand?post=7860"},{"taxonomy":"product_cat","embeddable":true,"href":"https:\/\/pinedesign.nl\/de\/wp-json\/wp\/v2\/product_cat?post=7860"},{"taxonomy":"product_tag","embeddable":true,"href":"https:\/\/pinedesign.nl\/de\/wp-json\/wp\/v2\/product_tag?post=7860"}],"curies":[{"name":"wp","href":"https:\/\/api.w.org\/{rel}","templated":true}]}}