{"id":7854,"date":"2024-12-20T12:25:06","date_gmt":"2024-12-20T12:25:06","guid":{"rendered":"https:\/\/pinedesign.nl\/product\/schrank-abstract\/"},"modified":"2024-12-20T12:25:06","modified_gmt":"2024-12-20T12:25:06","slug":"schrank-abstract","status":"publish","type":"product","link":"https:\/\/pinedesign.nl\/de\/product\/schrank-abstract\/","title":{"rendered":"Schrank Abstract"},"content":{"rendered":"<p><strong>Abstract Schrank von Ethnicraft: Ein Statement f\u00fcr Stil und Funktionalit\u00e4t<\/strong><\/p>\n<p>Der Abstract Schrank von Ethnicraft ist weit mehr als nur ein Aufbewahrungsm\u00f6bel. Gefertigt aus nachhaltigem Teakholz und in einem modernen Schwarzton gehalten, kombiniert dieser Schrank m\u00fchelos Eleganz mit Funktionalit\u00e4t. Mit gro\u00dfz\u00fcgigen Ma\u00dfen von 123 x 35 x 210 cm bietet er nicht nur reichlich Platz f\u00fcr all deine Sachen, sondern verleiht deinem Interieur auch eine k\u00fcnstlerische Note.  <\/p>\n<p>Klare Linien und ein raffiniertes Finish offenbaren ein zeitgem\u00e4\u00dfes Design, das dazu einl\u00e4dt, neue Perspektiven zu entdecken. Der Abstract Schrank belebt jeden Raum, egal ob im Wohn-, Schlaf- oder Arbeitszimmer. Das subtile Spiel von Schatten und Tiefe macht ihn zu einem echten Blickfang \u2013 ein M\u00f6belst\u00fcck, das ebenso praktisch wie dekorativ ist.  <\/p>\n<p>Dieser Schrank ist mehr als nur Stauraum; er ist ein Statement. Das moderne Design und die hochwertigen Materialien machen ihn zu einem zeitlosen Objekt, das dein Interieur bereichert und eine einzigartige Atmosph\u00e4re schafft. Der Abstract Schrank von Ethnicraft ist perfekt f\u00fcr alle, die eine Kombination aus Stil, Qualit\u00e4t und Funktionalit\u00e4t lieben.  <\/p>\n","protected":false},"excerpt":{"rendered":"<p><strong>Abstract Schrank von Ethnicraft: Ein Statement f\u00fcr Stil und Funktionalit\u00e4t<\/strong><\/p>\n<p>Der Abstract Schrank von Ethnicraft ist weit mehr als nur ein Aufbewahrungsm\u00f6bel. Gefertigt aus nachhaltigem Teakholz und in einem modernen Schwarzton gehalten, kombiniert dieser Schrank m\u00fchelos Eleganz mit Funktionalit\u00e4t. Mit gro\u00dfz\u00fcgigen Ma\u00dfen von 123 x 35 x 210 cm bietet er nicht nur reichlich Platz f\u00fcr all deine Sachen, sondern verleiht deinem Interieur auch eine k\u00fcnstlerische Note.  <\/p>\n<p>Klare Linien und ein raffiniertes Finish offenbaren ein zeitgem\u00e4\u00dfes Design, das dazu einl\u00e4dt, neue Perspektiven zu entdecken. Der Abstract Schrank belebt jeden Raum, egal ob im Wohn-, Schlaf- oder Arbeitszimmer. Das subtile Spiel von Schatten und Tiefe macht ihn zu einem echten Blickfang \u2013 ein M\u00f6belst\u00fcck, das ebenso praktisch wie dekorativ ist.  <\/p>\n<p>Dieser Schrank ist mehr als nur Stauraum; er ist ein Statement. Das moderne Design und die hochwertigen Materialien machen ihn zu einem zeitlosen Objekt, das dein Interieur bereichert und eine einzigartige Atmosph\u00e4re schafft. Der Abstract Schrank von Ethnicraft ist perfekt f\u00fcr alle, die eine Kombination aus Stil, Qualit\u00e4t und Funktionalit\u00e4t lieben.  <\/p>\n","protected":false},"featured_media":5859,"template":"","meta":{"_joinchat":[]},"product_brand":[],"product_cat":[145,136,115,131],"product_tag":[],"class_list":{"0":"post-7854","1":"product","2":"type-product","3":"status-publish","4":"has-post-thumbnail","6":"product_cat-ethnicraft","7":"product_cat-marken","8":"product_cat-schranke","9":"product_cat-wandschranke","11":"first","12":"instock","13":"shipping-taxable","14":"product-type-simple"},"_links":{"self":[{"href":"https:\/\/pinedesign.nl\/de\/wp-json\/wp\/v2\/product\/7854","targetHints":{"allow":["GET"]}}],"collection":[{"href":"https:\/\/pinedesign.nl\/de\/wp-json\/wp\/v2\/product"}],"about":[{"href":"https:\/\/pinedesign.nl\/de\/wp-json\/wp\/v2\/types\/product"}],"wp:featuredmedia":[{"embeddable":true,"href":"https:\/\/pinedesign.nl\/de\/wp-json\/wp\/v2\/media\/5859"}],"wp:attachment":[{"href":"https:\/\/pinedesign.nl\/de\/wp-json\/wp\/v2\/media?parent=7854"}],"wp:term":[{"taxonomy":"product_brand","embeddable":true,"href":"https:\/\/pinedesign.nl\/de\/wp-json\/wp\/v2\/product_brand?post=7854"},{"taxonomy":"product_cat","embeddable":true,"href":"https:\/\/pinedesign.nl\/de\/wp-json\/wp\/v2\/product_cat?post=7854"},{"taxonomy":"product_tag","embeddable":true,"href":"https:\/\/pinedesign.nl\/de\/wp-json\/wp\/v2\/product_tag?post=7854"}],"curies":[{"name":"wp","href":"https:\/\/api.w.org\/{rel}","templated":true}]}}