{"id":7853,"date":"2024-10-22T14:24:56","date_gmt":"2024-10-22T14:24:56","guid":{"rendered":"https:\/\/pinedesign.nl\/product\/sofa-lars\/"},"modified":"2024-10-22T14:24:56","modified_gmt":"2024-10-22T14:24:56","slug":"sofa-lars","status":"publish","type":"product","link":"https:\/\/pinedesign.nl\/de\/product\/sofa-lars\/","title":{"rendered":"Sofa Lars"},"content":{"rendered":"<p>Das <strong>Sofa Lars<\/strong> der Marke <strong>Inno Living<\/strong> ist ein stilvolles und vielseitiges Sofa, das du ganz nach deinen W\u00fcnschen anpassen kannst. Dieses Sofa hat bequeme, lose Kissen, die nicht nur f\u00fcr einen luxuri\u00f6sen Look, sondern auch f\u00fcr optimalen Sitzkomfort sorgen. Dank der vielen Konfigurationsm\u00f6glichkeiten kannst du das Sofa Lars genau so zusammenstellen, wie du es m\u00f6chtest. Ob du dich f\u00fcr ein <strong>kompaktes festes Sofa<\/strong>, ein gro\u00dfz\u00fcgiges <strong>Ecksofa<\/strong> oder sogar eine ger\u00e4umige <strong>U-Form<\/strong> entscheidest \u2013 mit Lars hast du unendlich viele M\u00f6glichkeiten.   <\/p>\n<p>Lars ist in einer riesigen Auswahl an <strong>Stoff- und Lederarten<\/strong> erh\u00e4ltlich, sodass du das perfekte Finish f\u00fcr deinen Stil w\u00e4hlen kannst. Ob du luxuri\u00f6ses Leder oder einen weichen Stoff in einer Trendfarbe bevorzugst \u2013 die M\u00f6glichkeiten sind fast grenzenlos. <\/p>\n<p>Komm in unserem Showroom vorbei und <strong>entdecke das Sofa Lars selbst<\/strong>. Lass dich von den vielen Optionen \u00fcberraschen und stelle das Sofa zusammen, das perfekt in deine Einrichtung passt! <\/p>\n","protected":false},"excerpt":{"rendered":"<p>Das Sofa Lars der Marke Inno Living ist ein stilvolles und vielseitiges Sofa, das du ganz nach deinen W\u00fcnschen anpassen kannst. Dieses Sofa hat bequeme, lose Kissen, die nicht nur f\u00fcr einen luxuri\u00f6sen Look, sondern auch f\u00fcr optimalen Sitzkomfort sorgen. Dank der vielen Konfigurationsm\u00f6glichkeiten kannst du das Sofa Lars genau so zusammenstellen, wie du es&#8230;<\/p>\n","protected":false},"featured_media":5728,"template":"","meta":{"_joinchat":[]},"product_brand":[],"product_cat":[150,136,124,125,134],"product_tag":[],"class_list":{"0":"post-7853","1":"product","2":"type-product","3":"status-publish","4":"has-post-thumbnail","6":"product_cat-inno-living","7":"product_cat-marken","8":"product_cat-sitzmobel","9":"product_cat-sofa","10":"product_cat-sofas","12":"first","13":"instock","14":"shipping-taxable","15":"product-type-simple"},"_links":{"self":[{"href":"https:\/\/pinedesign.nl\/de\/wp-json\/wp\/v2\/product\/7853","targetHints":{"allow":["GET"]}}],"collection":[{"href":"https:\/\/pinedesign.nl\/de\/wp-json\/wp\/v2\/product"}],"about":[{"href":"https:\/\/pinedesign.nl\/de\/wp-json\/wp\/v2\/types\/product"}],"wp:featuredmedia":[{"embeddable":true,"href":"https:\/\/pinedesign.nl\/de\/wp-json\/wp\/v2\/media\/5728"}],"wp:attachment":[{"href":"https:\/\/pinedesign.nl\/de\/wp-json\/wp\/v2\/media?parent=7853"}],"wp:term":[{"taxonomy":"product_brand","embeddable":true,"href":"https:\/\/pinedesign.nl\/de\/wp-json\/wp\/v2\/product_brand?post=7853"},{"taxonomy":"product_cat","embeddable":true,"href":"https:\/\/pinedesign.nl\/de\/wp-json\/wp\/v2\/product_cat?post=7853"},{"taxonomy":"product_tag","embeddable":true,"href":"https:\/\/pinedesign.nl\/de\/wp-json\/wp\/v2\/product_tag?post=7853"}],"curies":[{"name":"wp","href":"https:\/\/api.w.org\/{rel}","templated":true}]}}