{"id":7845,"date":"2024-12-15T15:46:22","date_gmt":"2024-12-15T15:46:22","guid":{"rendered":"https:\/\/pinedesign.nl\/product\/regal-stairs-column\/"},"modified":"2024-12-15T15:46:22","modified_gmt":"2024-12-15T15:46:22","slug":"regal-stairs-column","status":"publish","type":"product","link":"https:\/\/pinedesign.nl\/de\/product\/regal-stairs-column\/","title":{"rendered":"Regal Stairs Column"},"content":{"rendered":"<div class=\"flex-shrink-0 flex flex-col relative items-end\">\n<div>\n<div class=\"pt-0\">\n<div class=\"gizmo-bot-avatar flex h-8 w-8 items-center justify-center overflow-hidden rounded-full\">\n<div class=\"relative p-1 rounded-sm flex items-center justify-center bg-token-main-surface-primary text-token-text-primary h-8 w-8\"><\/div>\n<\/div>\n<\/div>\n<\/div>\n<\/div>\n<div class=\"group\/conversation-turn relative flex w-full min-w-0 flex-col agent-turn\">\n<div class=\"flex-col gap-1 md:gap-3\">\n<div class=\"flex max-w-full flex-col flex-grow\">\n<div class=\"min-h-8 text-message flex w-full flex-col items-end gap-2 whitespace-normal break-words text-start [.text-message+&amp;]:mt-5\" dir=\"auto\" data-message-author-role=\"assistant\" data-message-id=\"ceeed32b-dc25-459f-84f7-1c1441c9184d\" data-message-model-slug=\"gpt-4o\">\n<div class=\"flex w-full flex-col gap-1 empty:hidden first:pt-[3px]\">\n<div class=\"markdown prose w-full break-words dark:prose-invert dark\">\n<p><strong>Komm und bewundere die Stars Column von Ethnicraft in unserem Gesch\u00e4ft!<\/strong><\/p>\n<p>Die <strong>Stars Column<\/strong> ist ein einzigartiges Regal, das sofort ins Auge f\u00e4llt. Mit seinen klaren Linien und dem verspielten, kantigen Design ist es ein echter Blickfang f\u00fcr jedes Interieur. Die perfekt ausgerichteten Ecken erzeugen ein sch\u00f6nes Spiel aus Tiefe und Bewegung, w\u00e4hrend das Design mit Licht und Schatten spielt.  <\/p>\n<p>Das Regal ist in zwei wundersch\u00f6nen Ausf\u00fchrungen erh\u00e4ltlich: massives Teakholz f\u00fcr eine warme, nat\u00fcrliche Ausstrahlung oder massives Eichenholz f\u00fcr einen modernen, zeitlosen Look. Beide Materialien sind hochwertig und verleihen deinem Interieur sofort Charakter. <\/p>\n<p>Dieses Regal ist mehr als nur funktional \u2013 es ist ein stilvolles Statement-Piece, das jedem Raum eine besondere Note verleiht. Komm vorbei und sieh dir die <strong>Stars Column<\/strong> selbst an. Wir beraten dich gerne!  <\/p>\n<\/div>\n<\/div>\n<\/div>\n<\/div>\n<\/div>\n<\/div>\n","protected":false},"excerpt":{"rendered":"<div class=\"flex-shrink-0 flex flex-col relative items-end\">\n<div>\n<div class=\"pt-0\">\n<div class=\"gizmo-bot-avatar flex h-8 w-8 items-center justify-center overflow-hidden rounded-full\">\n<div class=\"relative p-1 rounded-sm flex items-center justify-center bg-token-main-surface-primary text-token-text-primary h-8 w-8\"><\/div>\n<\/div>\n<\/div>\n<\/div>\n<\/div>\n<div class=\"group\/conversation-turn relative flex w-full min-w-0 flex-col agent-turn\">\n<div class=\"flex-col gap-1 md:gap-3\">\n<div class=\"flex max-w-full flex-col flex-grow\">\n<div class=\"min-h-8 text-message flex w-full flex-col items-end gap-2 whitespace-normal break-words text-start [.text-message+&amp;]:mt-5\" dir=\"auto\" data-message-author-role=\"assistant\" data-message-id=\"ceeed32b-dc25-459f-84f7-1c1441c9184d\" data-message-model-slug=\"gpt-4o\">\n<div class=\"flex w-full flex-col gap-1 empty:hidden first:pt-[3px]\">\n<div class=\"markdown prose w-full break-words dark:prose-invert dark\">\n<p><strong>Komm und bewundere die Stars Column von Ethnicraft in unserem Gesch\u00e4ft!<\/strong><\/p>\n<p>Die <strong>Stars Column<\/strong> ist ein einzigartiges Regal, das sofort ins Auge f\u00e4llt. Mit seinen klaren Linien und dem verspielten, kantigen Design ist es ein echter Blickfang f\u00fcr jedes Interieur. Die perfekt ausgerichteten Ecken erzeugen ein sch\u00f6nes Spiel aus Tiefe und Bewegung, w\u00e4hrend das Design mit Licht und Schatten spielt.  <\/p>\n<p>Das Regal ist in zwei wundersch\u00f6nen Ausf\u00fchrungen erh\u00e4ltlich: massives Teakholz f\u00fcr eine warme, nat\u00fcrliche Ausstrahlung oder massives Eichenholz f\u00fcr einen modernen, zeitlosen Look. Beide Materialien sind hochwertig und verleihen deinem Interieur sofort Charakter. <\/p>\n<p>Dieses Regal ist mehr als nur funktional \u2013 es ist ein stilvolles Statement-Piece, das jedem Raum eine besondere Note verleiht. Komm vorbei und sieh dir die <strong>Stars Column<\/strong> selbst an. Wir beraten dich gerne!  <\/p>\n<\/div>\n<\/div>\n<\/div>\n<\/div>\n<\/div>\n<\/div>\n","protected":false},"featured_media":5822,"template":"","meta":{"_joinchat":[]},"product_brand":[],"product_cat":[145,136,115,131],"product_tag":[],"class_list":{"0":"post-7845","1":"product","2":"type-product","3":"status-publish","4":"has-post-thumbnail","6":"product_cat-ethnicraft","7":"product_cat-marken","8":"product_cat-schranke","9":"product_cat-wandschranke","11":"first","12":"instock","13":"shipping-taxable","14":"product-type-simple"},"_links":{"self":[{"href":"https:\/\/pinedesign.nl\/de\/wp-json\/wp\/v2\/product\/7845","targetHints":{"allow":["GET"]}}],"collection":[{"href":"https:\/\/pinedesign.nl\/de\/wp-json\/wp\/v2\/product"}],"about":[{"href":"https:\/\/pinedesign.nl\/de\/wp-json\/wp\/v2\/types\/product"}],"wp:featuredmedia":[{"embeddable":true,"href":"https:\/\/pinedesign.nl\/de\/wp-json\/wp\/v2\/media\/5822"}],"wp:attachment":[{"href":"https:\/\/pinedesign.nl\/de\/wp-json\/wp\/v2\/media?parent=7845"}],"wp:term":[{"taxonomy":"product_brand","embeddable":true,"href":"https:\/\/pinedesign.nl\/de\/wp-json\/wp\/v2\/product_brand?post=7845"},{"taxonomy":"product_cat","embeddable":true,"href":"https:\/\/pinedesign.nl\/de\/wp-json\/wp\/v2\/product_cat?post=7845"},{"taxonomy":"product_tag","embeddable":true,"href":"https:\/\/pinedesign.nl\/de\/wp-json\/wp\/v2\/product_tag?post=7845"}],"curies":[{"name":"wp","href":"https:\/\/api.w.org\/{rel}","templated":true}]}}