{"id":7844,"date":"2024-10-22T14:17:25","date_gmt":"2024-10-22T14:17:25","guid":{"rendered":"https:\/\/pinedesign.nl\/product\/sofa-noah\/"},"modified":"2024-10-22T14:17:25","modified_gmt":"2024-10-22T14:17:25","slug":"sofa-noah","status":"publish","type":"product","link":"https:\/\/pinedesign.nl\/de\/product\/sofa-noah\/","title":{"rendered":"Sofa Noah"},"content":{"rendered":"<p>Das <strong>Sofa Noah<\/strong> der Marke <strong>Inno Living<\/strong> ist ein wundersch\u00f6nes und vielseitiges Sofa, das sich m\u00fchelos deinen W\u00fcnschen und deiner Einrichtung anpasst. Dieses Sofa ist mit komfortablen, losen Kissen ausgestattet, was f\u00fcr eine einladende und entspannte Ausstrahlung sorgt. Dank der vielen Optionen, die Noah bietet, kannst du das Sofa ganz nach deinem Geschmack zusammenstellen. Ob du nun ein <strong>festes Sofa<\/strong>, ein gro\u00dfz\u00fcgiges <strong>Ecksofa<\/strong> oder sogar eine ger\u00e4umige <strong>U-Wohnlandschaft<\/strong> suchst \u2013 mit Noah ist alles m\u00f6glich.   <\/p>\n<p>Zudem bietet Noah die M\u00f6glichkeit, <strong>zus\u00e4tzliche Kissen<\/strong> zu w\u00e4hlen, um noch mehr Komfort und Gem\u00fctlichkeit zu schaffen. Das Sofa ist in einem beeindruckenden Sortiment an <strong>Stoff- und Lederarten<\/strong> erh\u00e4ltlich, sodass du deinen idealen Bezug w\u00e4hlen kannst. Von luxuri\u00f6sem Leder bis hin zu weichen Stoffen in verschiedenen Farben und Texturen: Es ist f\u00fcr jeden etwas dabei.  <\/p>\n<p>Komm gerne bei uns vorbei und <strong>erlebe das Sofa Noah selbst<\/strong>. Lass dich von den vielen M\u00f6glichkeiten inspirieren und stelle dein perfektes Sofa zusammen! <\/p>\n","protected":false},"excerpt":{"rendered":"<p>Das <strong>Sofa Noah<\/strong> der Marke <strong>Inno Living<\/strong> ist ein wundersch\u00f6nes und vielseitiges Sofa, das sich m\u00fchelos deinen W\u00fcnschen und deiner Einrichtung anpasst. Dieses Sofa ist mit komfortablen, losen Kissen ausgestattet, was f\u00fcr eine einladende und entspannte Ausstrahlung sorgt. Dank der vielen Optionen, die Noah bietet, kannst du das Sofa ganz nach deinem Geschmack zusammenstellen. Ob du nun ein <strong>festes Sofa<\/strong>, ein gro\u00dfz\u00fcgiges <strong>Ecksofa<\/strong> oder sogar eine ger\u00e4umige <strong>U-Wohnlandschaft<\/strong> suchst \u2013 mit Noah ist alles m\u00f6glich.   <\/p>\n<p>Zudem bietet Noah die M\u00f6glichkeit, <strong>zus\u00e4tzliche Kissen<\/strong> zu w\u00e4hlen, um noch mehr Komfort und Gem\u00fctlichkeit zu schaffen. Das Sofa ist in einem beeindruckenden Sortiment an <strong>Stoff- und Lederarten<\/strong> erh\u00e4ltlich, sodass du deinen idealen Bezug w\u00e4hlen kannst. Von luxuri\u00f6sem Leder bis hin zu weichen Stoffen in verschiedenen Farben und Texturen: Es ist f\u00fcr jeden etwas dabei.  <\/p>\n<p>Komm gerne bei uns vorbei und <strong>erlebe das Sofa Noah selbst<\/strong>. Lass dich von den vielen M\u00f6glichkeiten inspirieren und stelle dein perfektes Sofa zusammen! <\/p>\n","protected":false},"featured_media":5724,"template":"","meta":{"_joinchat":[]},"product_brand":[],"product_cat":[150,136,124,125,134,107],"product_tag":[],"class_list":{"0":"post-7844","1":"product","2":"type-product","3":"status-publish","4":"has-post-thumbnail","6":"product_cat-inno-living","7":"product_cat-marken","8":"product_cat-sitzmobel","9":"product_cat-sofa","10":"product_cat-sofas","11":"product_cat-nicht-kategorisiert","13":"first","14":"instock","15":"shipping-taxable","16":"product-type-simple"},"_links":{"self":[{"href":"https:\/\/pinedesign.nl\/de\/wp-json\/wp\/v2\/product\/7844","targetHints":{"allow":["GET"]}}],"collection":[{"href":"https:\/\/pinedesign.nl\/de\/wp-json\/wp\/v2\/product"}],"about":[{"href":"https:\/\/pinedesign.nl\/de\/wp-json\/wp\/v2\/types\/product"}],"wp:featuredmedia":[{"embeddable":true,"href":"https:\/\/pinedesign.nl\/de\/wp-json\/wp\/v2\/media\/5724"}],"wp:attachment":[{"href":"https:\/\/pinedesign.nl\/de\/wp-json\/wp\/v2\/media?parent=7844"}],"wp:term":[{"taxonomy":"product_brand","embeddable":true,"href":"https:\/\/pinedesign.nl\/de\/wp-json\/wp\/v2\/product_brand?post=7844"},{"taxonomy":"product_cat","embeddable":true,"href":"https:\/\/pinedesign.nl\/de\/wp-json\/wp\/v2\/product_cat?post=7844"},{"taxonomy":"product_tag","embeddable":true,"href":"https:\/\/pinedesign.nl\/de\/wp-json\/wp\/v2\/product_tag?post=7844"}],"curies":[{"name":"wp","href":"https:\/\/api.w.org\/{rel}","templated":true}]}}