{"id":7836,"date":"2024-10-22T13:33:12","date_gmt":"2024-10-22T13:33:12","guid":{"rendered":"https:\/\/pinedesign.nl\/product\/esstisch-nantes\/"},"modified":"2024-10-22T13:33:12","modified_gmt":"2024-10-22T13:33:12","slug":"esstisch-nantes","status":"publish","type":"product","link":"https:\/\/pinedesign.nl\/de\/product\/esstisch-nantes\/","title":{"rendered":"Esstisch Nantes"},"content":{"rendered":"<p>Der <strong>Esstisch Nantes<\/strong> von Room108 ist ein stilvolles und vielseitiges M\u00f6belst\u00fcck, das dein Interieur auf ein neues Level hebt. Die <strong>massive Eichenholzplatte<\/strong> strahlt Qualit\u00e4t und Eleganz aus und ist in vielen Holzfarben erh\u00e4ltlich. So kannst du den Tisch perfekt auf deinen Wohnstil abstimmen, egal ob du einen warmen, dunklen Ton oder ein helles, nat\u00fcrliches Finish bevorzugst. Das sch\u00f6ne Eichenholz sorgt nicht nur f\u00fcr eine tolle Optik, sondern auch f\u00fcr jahrelange Freude.   <\/p>\n<p>Eines der markantesten Merkmale des Esstisches Nantes sind die <strong>sch\u00f6nen Holzbeine<\/strong>, die f\u00fcr eine starke, stabile Basis sorgen und gleichzeitig ein eleganter Blickfang sind. Diese Beine verleihen dem Tisch einen einzigartigen Charakter und machen ihn zum echten Eyecatcher in deinem Esszimmer. <\/p>\n<p>Zudem ist der <strong>Nantes<\/strong> Esstisch in <strong>verschiedenen Gr\u00f6\u00dfen<\/strong> erh\u00e4ltlich, sodass er perfekt in kleine R\u00e4ume sowie gro\u00dfz\u00fcgige Esszimmer passt. Ob du einen kompakten Tisch f\u00fcr gem\u00fctliche Dinner oder eine gro\u00dfe Tafel f\u00fcr Familienfeste suchst \u2013 der Nantes bietet dir die n\u00f6tige Flexibilit\u00e4t. <\/p>\n","protected":false},"excerpt":{"rendered":"<p>Der <strong>Esstisch Nantes<\/strong> von Room108 ist ein stilvolles und vielseitiges M\u00f6belst\u00fcck, das dein Interieur auf ein neues Level hebt. Die <strong>massive Eichenholzplatte<\/strong> strahlt Qualit\u00e4t und Eleganz aus und ist in vielen Holzfarben erh\u00e4ltlich. So kannst du den Tisch perfekt auf deinen Wohnstil abstimmen, egal ob du einen warmen, dunklen Ton oder ein helles, nat\u00fcrliches Finish bevorzugst. Das sch\u00f6ne Eichenholz sorgt nicht nur f\u00fcr eine tolle Optik, sondern auch f\u00fcr jahrelange Freude.   <\/p>\n<p>Eines der markantesten Merkmale des Esstisches Nantes sind die <strong>sch\u00f6nen Holzbeine<\/strong>, die f\u00fcr eine starke, stabile Basis sorgen und gleichzeitig ein eleganter Blickfang sind. Diese Beine verleihen dem Tisch einen einzigartigen Charakter und machen ihn zum echten Eyecatcher in deinem Esszimmer. <\/p>\n<p>Zudem ist der <strong>Nantes<\/strong> Esstisch in <strong>verschiedenen Gr\u00f6\u00dfen<\/strong> erh\u00e4ltlich, sodass er perfekt in kleine R\u00e4ume sowie gro\u00dfz\u00fcgige Esszimmer passt. Ob du einen kompakten Tisch f\u00fcr gem\u00fctliche Dinner oder eine gro\u00dfe Tafel f\u00fcr Familienfeste suchst \u2013 der Nantes bietet dir die n\u00f6tige Flexibilit\u00e4t. <\/p>\n","protected":false},"featured_media":5719,"template":"","meta":{"_joinchat":[]},"product_brand":[],"product_cat":[122,136,147,121],"product_tag":[],"class_list":{"0":"post-7836","1":"product","2":"type-product","3":"status-publish","4":"has-post-thumbnail","6":"product_cat-esstische","7":"product_cat-marken","8":"product_cat-room108","9":"product_cat-tische","11":"first","12":"instock","13":"shipping-taxable","14":"product-type-simple"},"_links":{"self":[{"href":"https:\/\/pinedesign.nl\/de\/wp-json\/wp\/v2\/product\/7836","targetHints":{"allow":["GET"]}}],"collection":[{"href":"https:\/\/pinedesign.nl\/de\/wp-json\/wp\/v2\/product"}],"about":[{"href":"https:\/\/pinedesign.nl\/de\/wp-json\/wp\/v2\/types\/product"}],"wp:featuredmedia":[{"embeddable":true,"href":"https:\/\/pinedesign.nl\/de\/wp-json\/wp\/v2\/media\/5719"}],"wp:attachment":[{"href":"https:\/\/pinedesign.nl\/de\/wp-json\/wp\/v2\/media?parent=7836"}],"wp:term":[{"taxonomy":"product_brand","embeddable":true,"href":"https:\/\/pinedesign.nl\/de\/wp-json\/wp\/v2\/product_brand?post=7836"},{"taxonomy":"product_cat","embeddable":true,"href":"https:\/\/pinedesign.nl\/de\/wp-json\/wp\/v2\/product_cat?post=7836"},{"taxonomy":"product_tag","embeddable":true,"href":"https:\/\/pinedesign.nl\/de\/wp-json\/wp\/v2\/product_tag?post=7836"}],"curies":[{"name":"wp","href":"https:\/\/api.w.org\/{rel}","templated":true}]}}