{"id":7829,"date":"2024-08-08T10:15:02","date_gmt":"2024-08-08T10:15:02","guid":{"rendered":"https:\/\/pinedesign.nl\/product\/esstisch-storq\/"},"modified":"2024-08-08T10:15:02","modified_gmt":"2024-08-08T10:15:02","slug":"esstisch-storq","status":"publish","type":"product","link":"https:\/\/pinedesign.nl\/de\/product\/esstisch-storq\/","title":{"rendered":"Esstisch Storq"},"content":{"rendered":"<div class=\"flex max-w-full flex-col flex-grow\">\n<div class=\"min-h-[20px] text-message flex w-full flex-col items-end gap-2 whitespace-pre-wrap break-words [.text-message+&amp;]:mt-5 overflow-x-auto\" dir=\"auto\" data-message-author-role=\"assistant\" data-message-id=\"10a368b2-7814-41de-ae53-bb4ad10e3a9f\">\n<div class=\"flex w-full flex-col gap-1 empty:hidden first:pt-[3px]\">\n<div class=\"markdown prose w-full break-words dark:prose-invert dark\">\n<p>Der Esstisch Storq von Bree\u2019s New World ist ein wunderbares Beispiel f\u00fcr kreatives Design, das die Funktionalit\u00e4t nicht aus den Augen verliert. Obwohl ein Mittelfu\u00df bei einem Esstisch an sich nicht neu ist, besticht der Storq durch seine markante konische S\u00e4ule aus gebogenem Holzfurnier. Diese S\u00e4ule verleiht dem Tisch eine ruhige und elegante Ausstrahlung. Die Tischplatte in einzigartiger Superellipsen-Form bietet eine frische Variante zu traditionellen ovalen Platten. Die passende Bodenplatte aus Metall, die nahtlos an die Form der Platte anschlie\u00dft, verst\u00e4rkt den harmonischen Look des Tisches.    <\/p>\n<p>Die Holzs\u00e4ule, erh\u00e4ltlich in Eiche oder Nussbaum, ist in verschiedenen Beizt\u00f6nen lieferbar und wird f\u00fcr ein langlebiges Finish sorgf\u00e4ltig lackiert. Zudem k\u00f6nnen die Metallteile des Gestells nach Wunsch in verschiedenen Farben pulverbeschichtet werden. <\/p>\n<p>Der Storq ist in verschiedenen Ma\u00dfen erh\u00e4ltlich, mit Tischplatten von 180 bis 260 cm, und bietet eine breite Auswahl an Materialien wie Keramik, HPL, Fenix und Massivholz. So kannst du den Tisch ganz an deinen eigenen Geschmack und dein Interieur anpassen. <\/p>\n<\/div>\n<\/div>\n<\/div>\n<\/div>\n","protected":false},"excerpt":{"rendered":"<p>Der Esstisch Storq von Bree\u2019s New World ist ein wunderbares Beispiel f\u00fcr kreatives Design, das die Funktionalit\u00e4t nicht aus den Augen verliert. Obwohl ein Mittelfu\u00df bei einem Esstisch an sich nicht neu ist, besticht der Storq durch seine markante konische S\u00e4ule aus gebogenem Holzfurnier. Diese S\u00e4ule verleiht dem Tisch eine ruhige und elegante Ausstrahlung. Die Tischplatte in einzigartiger Superellipsen-Form bietet eine frische Variante zu traditionellen ovalen Platten. Die passende Bodenplatte aus Metall, die nahtlos an die Form der Platte anschlie\u00dft, verst\u00e4rkt den harmonischen Look des Tisches.    <\/p>\n<p>Die Holzs\u00e4ule, erh\u00e4ltlich in Eiche oder Nussbaum, ist in verschiedenen Beizt\u00f6nen lieferbar und wird f\u00fcr ein langlebiges Finish sorgf\u00e4ltig lackiert. Zudem k\u00f6nnen die Metallteile des Gestells nach Wunsch in verschiedenen Farben pulverbeschichtet werden. <\/p>\n<p>Der Storq ist in verschiedenen Ma\u00dfen erh\u00e4ltlich, mit Tischplatten von 180 bis 260 cm, und bietet eine breite Auswahl an Materialien wie Keramik, HPL, Fenix und Massivholz. So kannst du den Tisch ganz an deinen eigenen Geschmack und dein Interieur anpassen. <\/p>\n","protected":false},"featured_media":5631,"template":"","meta":{"_joinchat":[]},"product_brand":[],"product_cat":[148,122,136,121,107],"product_tag":[],"class_list":{"0":"post-7829","1":"product","2":"type-product","3":"status-publish","4":"has-post-thumbnail","6":"product_cat-brees-new-world","7":"product_cat-esstische","8":"product_cat-marken","9":"product_cat-tische","10":"product_cat-nicht-kategorisiert","12":"first","13":"instock","14":"shipping-taxable","15":"product-type-simple"},"_links":{"self":[{"href":"https:\/\/pinedesign.nl\/de\/wp-json\/wp\/v2\/product\/7829","targetHints":{"allow":["GET"]}}],"collection":[{"href":"https:\/\/pinedesign.nl\/de\/wp-json\/wp\/v2\/product"}],"about":[{"href":"https:\/\/pinedesign.nl\/de\/wp-json\/wp\/v2\/types\/product"}],"wp:featuredmedia":[{"embeddable":true,"href":"https:\/\/pinedesign.nl\/de\/wp-json\/wp\/v2\/media\/5631"}],"wp:attachment":[{"href":"https:\/\/pinedesign.nl\/de\/wp-json\/wp\/v2\/media?parent=7829"}],"wp:term":[{"taxonomy":"product_brand","embeddable":true,"href":"https:\/\/pinedesign.nl\/de\/wp-json\/wp\/v2\/product_brand?post=7829"},{"taxonomy":"product_cat","embeddable":true,"href":"https:\/\/pinedesign.nl\/de\/wp-json\/wp\/v2\/product_cat?post=7829"},{"taxonomy":"product_tag","embeddable":true,"href":"https:\/\/pinedesign.nl\/de\/wp-json\/wp\/v2\/product_tag?post=7829"}],"curies":[{"name":"wp","href":"https:\/\/api.w.org\/{rel}","templated":true}]}}