{"id":7828,"date":"2024-10-17T14:10:55","date_gmt":"2024-10-17T14:10:55","guid":{"rendered":"https:\/\/pinedesign.nl\/product\/esszimmerstuhl-manon\/"},"modified":"2024-10-17T14:10:55","modified_gmt":"2024-10-17T14:10:55","slug":"esszimmerstuhl-manon","status":"publish","type":"product","link":"https:\/\/pinedesign.nl\/de\/product\/esszimmerstuhl-manon\/","title":{"rendered":"Esszimmerstuhl Manon"},"content":{"rendered":"<p><strong>Esszimmerst\u00fchle Manon<\/strong><\/p>\n<p>Die <strong>Manon Esszimmerst\u00fchle<\/strong> von <strong>HE Design<\/strong> sind die perfekte Kombination aus Stil und Komfort. Diese wundersch\u00f6nen St\u00fchle sind mit einem eleganten Metalldrehfu\u00df ausgestattet, der nicht nur funktional ist, sondern auch ein echter Blickfang in jedem Interieur. Das Gestell ist in verschiedenen Farben erh\u00e4ltlich, sodass du es perfekt auf deinen pers\u00f6nlichen Stil und deine Einrichtung abstimmen kannst.  <\/p>\n<p>Au\u00dferdem kannst du bei den <strong>Manon Esszimmerst\u00fchlen<\/strong> aus einer breiten Palette an hochwertigen Stoff- und Lederarten w\u00e4hlen. Ob du nun einen warmen, weichen Stoff oder eine luxuri\u00f6se Lederpolsterung suchst \u2013 die M\u00f6glichkeiten sind endlos. So kannst du den Stuhl ganz nach deinen eigenen W\u00fcnschen zusammenstellen.  <\/p>\n<p>Komm in unserem Gesch\u00e4ft vorbei und erlebe den unvergleichlichen Sitzkomfort der <strong>Manon Esszimmerst\u00fchle<\/strong> selbst. Lass dich inspirieren und gestalte ein Esszimmer, das ganz deinem pers\u00f6nlichen Geschmack entspricht! <\/p>\n<hr>\n","protected":false},"excerpt":{"rendered":"<p><strong>Esszimmerst\u00fchle Manon<\/strong><\/p>\n<p>Die <strong>Manon Esszimmerst\u00fchle<\/strong> von <strong>HE Design<\/strong> sind die perfekte Kombination aus Stil und Komfort. Diese wundersch\u00f6nen St\u00fchle sind mit einem eleganten Metalldrehfu\u00df ausgestattet, der nicht nur funktional ist, sondern auch ein echter Blickfang in jedem Interieur. Das Gestell ist in verschiedenen Farben erh\u00e4ltlich, sodass du es perfekt auf deinen pers\u00f6nlichen Stil und deine Einrichtung abstimmen kannst.  <\/p>\n<p>Au\u00dferdem kannst du bei den <strong>Manon Esszimmerst\u00fchlen<\/strong> aus einer breiten Palette an hochwertigen Stoff- und Lederarten w\u00e4hlen. Ob du nun einen warmen, weichen Stoff oder eine luxuri\u00f6se Lederpolsterung suchst \u2013 die M\u00f6glichkeiten sind endlos. So kannst du den Stuhl ganz nach deinen eigenen W\u00fcnschen zusammenstellen.  <\/p>\n<p>Komm in unserem Gesch\u00e4ft vorbei und erlebe den unvergleichlichen Sitzkomfort der <strong>Manon Esszimmerst\u00fchle<\/strong> selbst. Lass dich inspirieren und gestalte ein Esszimmer, das ganz deinem pers\u00f6nlichen Geschmack entspricht! <\/p>\n","protected":false},"featured_media":5717,"template":"","meta":{"_joinchat":[]},"product_brand":[],"product_cat":[128,143,136,124],"product_tag":[],"class_list":{"0":"post-7828","1":"product","2":"type-product","3":"status-publish","4":"has-post-thumbnail","6":"product_cat-esszimmerstuhle","7":"product_cat-he-design","8":"product_cat-marken","9":"product_cat-sitzmobel","11":"first","12":"instock","13":"shipping-taxable","14":"product-type-simple"},"_links":{"self":[{"href":"https:\/\/pinedesign.nl\/de\/wp-json\/wp\/v2\/product\/7828","targetHints":{"allow":["GET"]}}],"collection":[{"href":"https:\/\/pinedesign.nl\/de\/wp-json\/wp\/v2\/product"}],"about":[{"href":"https:\/\/pinedesign.nl\/de\/wp-json\/wp\/v2\/types\/product"}],"wp:featuredmedia":[{"embeddable":true,"href":"https:\/\/pinedesign.nl\/de\/wp-json\/wp\/v2\/media\/5717"}],"wp:attachment":[{"href":"https:\/\/pinedesign.nl\/de\/wp-json\/wp\/v2\/media?parent=7828"}],"wp:term":[{"taxonomy":"product_brand","embeddable":true,"href":"https:\/\/pinedesign.nl\/de\/wp-json\/wp\/v2\/product_brand?post=7828"},{"taxonomy":"product_cat","embeddable":true,"href":"https:\/\/pinedesign.nl\/de\/wp-json\/wp\/v2\/product_cat?post=7828"},{"taxonomy":"product_tag","embeddable":true,"href":"https:\/\/pinedesign.nl\/de\/wp-json\/wp\/v2\/product_tag?post=7828"}],"curies":[{"name":"wp","href":"https:\/\/api.w.org\/{rel}","templated":true}]}}