{"id":7822,"date":"2024-07-31T13:19:19","date_gmt":"2024-07-31T13:19:19","guid":{"rendered":"https:\/\/pinedesign.nl\/product\/sessel-madrid\/"},"modified":"2024-07-31T13:19:19","modified_gmt":"2024-07-31T13:19:19","slug":"sessel-madrid","status":"publish","type":"product","link":"https:\/\/pinedesign.nl\/de\/product\/sessel-madrid\/","title":{"rendered":"Sessel Madrid"},"content":{"rendered":"<p><strong>Entdecke den ultimativen Luxus mit dem Drehsessel Madrid!<\/strong><\/p>\n<p>Der Drehsessel Madrid ist eine perfekte Mischung aus modernem Stil und unvergleichlichem Komfort. Mit seinen markanten Linien und kubistischen Formen bringt er einen Hauch von k\u00fcnstlerischem Flair in jeden Raum. Die raffinierten Details, wie das elegant gestaltete Untergestell, verleihen diesem Sessel eine zeitlose Ausstrahlung. Dank der hohen R\u00fcckenlehne genie\u00dft du einen hervorragenden Sitzkomfort, der dich v\u00f6llig entspannen l\u00e4sst.   <\/p>\n<p>Madrid ist in verschiedenen Stoffen und Farben f\u00fcr die Beine erh\u00e4ltlich, sodass du ihn perfekt auf deine Einrichtung abstimmen kannst. Bist du neugierig auf diesen herrlichen Sitzkomfort? Komm bei uns vorbei und erlebe den Luxus und die Eleganz des Drehsessels Madrid selbst.  <\/p>\n","protected":false},"excerpt":{"rendered":"<p><strong>Entdecke den ultimativen Luxus mit dem Drehsessel Guus!<\/strong><\/p>\n<p>Der Drehsessel Guus ist eine perfekte Mischung aus modernem Stil und unvergleichlichem Komfort. Mit seinen markanten Linien und kubistischen Formen bringt er einen Hauch von k\u00fcnstlerischem Flair in jeden Raum. Die raffinierten Details, wie das elegant gestaltete Untergestell, verleihen diesem Sessel eine zeitlose Ausstrahlung. Dank der hohen R\u00fcckenlehne genie\u00dft du einen hervorragenden Sitzkomfort, der dich v\u00f6llig entspannen l\u00e4sst.   <\/p>\n<p>Guus ist in verschiedenen Stoffen und Farben f\u00fcr die Beine erh\u00e4ltlich, sodass du ihn perfekt auf deine Einrichtung abstimmen kannst. Bist du neugierig auf diesen herrlichen Sitzkomfort? Komm bei uns vorbei und erlebe den Luxus und die Eleganz des Drehsessels Guus selbst.  <\/p>\n","protected":false},"featured_media":5627,"template":"","meta":{"_joinchat":[]},"product_brand":[],"product_cat":[130,124],"product_tag":[],"class_list":{"0":"post-7822","1":"product","2":"type-product","3":"status-publish","4":"has-post-thumbnail","6":"product_cat-sessel","7":"product_cat-sitzmobel","9":"first","10":"instock","11":"shipping-taxable","12":"product-type-simple"},"_links":{"self":[{"href":"https:\/\/pinedesign.nl\/de\/wp-json\/wp\/v2\/product\/7822","targetHints":{"allow":["GET"]}}],"collection":[{"href":"https:\/\/pinedesign.nl\/de\/wp-json\/wp\/v2\/product"}],"about":[{"href":"https:\/\/pinedesign.nl\/de\/wp-json\/wp\/v2\/types\/product"}],"wp:featuredmedia":[{"embeddable":true,"href":"https:\/\/pinedesign.nl\/de\/wp-json\/wp\/v2\/media\/5627"}],"wp:attachment":[{"href":"https:\/\/pinedesign.nl\/de\/wp-json\/wp\/v2\/media?parent=7822"}],"wp:term":[{"taxonomy":"product_brand","embeddable":true,"href":"https:\/\/pinedesign.nl\/de\/wp-json\/wp\/v2\/product_brand?post=7822"},{"taxonomy":"product_cat","embeddable":true,"href":"https:\/\/pinedesign.nl\/de\/wp-json\/wp\/v2\/product_cat?post=7822"},{"taxonomy":"product_tag","embeddable":true,"href":"https:\/\/pinedesign.nl\/de\/wp-json\/wp\/v2\/product_tag?post=7822"}],"curies":[{"name":"wp","href":"https:\/\/api.w.org\/{rel}","templated":true}]}}