{"id":7821,"date":"2024-09-25T12:45:24","date_gmt":"2024-09-25T12:45:24","guid":{"rendered":"https:\/\/pinedesign.nl\/product\/esszimmerbank-solution\/"},"modified":"2024-09-25T12:45:24","modified_gmt":"2024-09-25T12:45:24","slug":"esszimmerbank-solution","status":"publish","type":"product","link":"https:\/\/pinedesign.nl\/de\/product\/esszimmerbank-solution\/","title":{"rendered":"Esszimmerbank Solution"},"content":{"rendered":"<div class=\"flex-shrink-0 flex flex-col relative items-end\">\n<div>\n<div class=\"pt-0\">\n<div class=\"gizmo-bot-avatar flex h-8 w-8 items-center justify-center overflow-hidden rounded-full\">\n<div class=\"relative p-1 rounded-sm flex items-center justify-center bg-token-main-surface-primary text-token-text-primary h-8 w-8\"><\/div>\n<\/div>\n<\/div>\n<\/div>\n<\/div>\n<div class=\"group\/conversation-turn relative flex w-full min-w-0 flex-col agent-turn\">\n<div class=\"flex-col gap-1 md:gap-3\">\n<div class=\"flex max-w-full flex-col flex-grow\">\n<div class=\"min-h-8 text-message flex w-full flex-col items-end gap-2 whitespace-normal break-words [.text-message+&amp;]:mt-5\" dir=\"auto\" data-message-author-role=\"assistant\" data-message-id=\"f2f1cc26-1293-4bcf-9fa8-b448a64d0126\">\n<div class=\"flex w-full flex-col gap-1 empty:hidden first:pt-[3px]\">\n<div class=\"markdown prose w-full break-words dark:prose-invert light\">\n<p>Mit der robusten <strong>Esszimmerbank Solution<\/strong> schaffst du eine vielseitige und industrielle Atmosph\u00e4re in deinem Esszimmer. Dank des modularen Aufbaus kannst du diese Bank in verschiedenen L\u00e4ngen zusammenstellen lassen, sodass sie perfekt in jeden Raum passt. Hast du eine Ecke, die du nutzen m\u00f6chtest? Kein Problem, die Solution ist auch als Eckbank erh\u00e4ltlich \u2013 ideal, um sie an einer Wand oder in einer gem\u00fctlichen Nische zu platzieren. So nutzt du jeden Zentimeter deines Esszimmers optimal aus, ohne Kompromisse bei Stil oder Komfort einzugehen.    <\/p>\n<p>Was diese Bank besonders macht, ist die M\u00f6glichkeit einer fr\u00f6hlichen Kombi-Polsterung dank der getrennten R\u00fcckenlehne und Sitzfl\u00e4che. Mixe und matche nach Herzenslust f\u00fcr einen spielerischen und pers\u00f6nlichen Effekt. Erschaffe deine ideale Atmosph\u00e4re, indem du mit Farben, Stoffen und Texturen spielst. M\u00f6chtest du eine ruhige und gelassene Ausstrahlung? W\u00e4hle Ton-in-Ton-Farben, die nahtlos ineinander \u00fcbergehen. Oder setze auf Kontraste mit auff\u00e4lligen Farben und Texturen, die dein Esszimmer zum Leben erwecken. Die M\u00f6glichkeiten sind endlos, sodass du die Solution ganz an deinen Geschmack und dein Interieur anpassen kannst.      <\/p>\n<p>Willst du es noch gem\u00fctlicher machen? Kombiniere <a href=\"http:\/\/www.breesnewworld.nl\" target=\"_blank\" rel=\"noopener\"><span style=\"color: #000000;\">die Solution<\/span><\/a> mit <a href=\"https:\/\/pinedesign.nl\/de\/sitzmoebel\/\">Esszimmerst\u00fchlen<\/a> in passender Polsterung f\u00fcr ein harmonisches Gesamtbild. Durch die Kombination einer Bank mit St\u00fchlen schaffst du einen spielerischen und dynamischen Look, der f\u00fcr einen einladenden Essbereich sorgt. Es bietet dir die Flexibilit\u00e4t, verschiedene Sitzpl\u00e4tze anzubieten, sodass bei gemeinsamen Mahlzeiten immer genug Platz f\u00fcr Familie und Freunde ist.   <\/p>\n<p>Und nicht zu vergessen: Die Bank ist auch noch <strong>herrlich bequem<\/strong>! Die feste, aber weiche Sitzfl\u00e4che und die gut geformte R\u00fcckenlehne sorgen f\u00fcr einen Sitzplatz, an dem du stundenlang verweilen kannst, ohne R\u00fcckenbeschwerden zu bekommen. Die Solution ist damit nicht nur ein Blickfang, sondern auch ein echtes Sitzvergn\u00fcgen. Ob beim ausgiebigen Abendessen, einem guten Gespr\u00e4ch oder einfach einer Tasse Kaffee \u2013 die Solution Esszimmerbank macht alles ein St\u00fcck angenehmer.  <\/p>\n<\/div>\n<\/div>\n<\/div>\n<\/div>\n<\/div>\n<\/div>\n","protected":false},"excerpt":{"rendered":"<p>Mit der robusten Esszimmerbank Solution schaffst du eine vielseitige und industrielle Atmosph\u00e4re in deinem Esszimmer. Dank des modularen Aufbaus kannst du diese Bank in verschiedenen L\u00e4ngen zusammenstellen lassen, sodass sie perfekt in jeden Raum passt. Hast du eine Ecke, die du nutzen m\u00f6chtest? Kein Problem, die Solution ist auch als Eckbank erh\u00e4ltlich \u2013 ideal f\u00fcr die Wand oder eine gem\u00fctliche Nische.   <\/p>\n<p>Was diese Bank besonders macht, ist die M\u00f6glichkeit einer fr\u00f6hlichen Kombi-Polsterung dank der getrennten R\u00fcckenlehne und Sitzfl\u00e4che. Mixe und matche nach Herzenslust f\u00fcr einen spielerischen Effekt. Willst du es noch gem\u00fctlicher machen? Kombiniere die Solution mit passenden Esszimmerst\u00fchlen f\u00fcr ein harmonisches Ganzes. Und nicht zu vergessen: Die Bank ist auch noch herrlich bequem!    <\/p>\n","protected":false},"featured_media":5692,"template":"","meta":{"_joinchat":[]},"product_brand":[],"product_cat":[148,149,127,136,124,107],"product_tag":[],"class_list":{"0":"post-7821","1":"product","2":"type-product","3":"status-publish","4":"has-post-thumbnail","6":"product_cat-brees-new-world","7":"product_cat-esszimmerbanke","9":"product_cat-marken","10":"product_cat-sitzmobel","11":"product_cat-nicht-kategorisiert","13":"first","14":"instock","15":"shipping-taxable","16":"product-type-simple"},"_links":{"self":[{"href":"https:\/\/pinedesign.nl\/de\/wp-json\/wp\/v2\/product\/7821","targetHints":{"allow":["GET"]}}],"collection":[{"href":"https:\/\/pinedesign.nl\/de\/wp-json\/wp\/v2\/product"}],"about":[{"href":"https:\/\/pinedesign.nl\/de\/wp-json\/wp\/v2\/types\/product"}],"wp:featuredmedia":[{"embeddable":true,"href":"https:\/\/pinedesign.nl\/de\/wp-json\/wp\/v2\/media\/5692"}],"wp:attachment":[{"href":"https:\/\/pinedesign.nl\/de\/wp-json\/wp\/v2\/media?parent=7821"}],"wp:term":[{"taxonomy":"product_brand","embeddable":true,"href":"https:\/\/pinedesign.nl\/de\/wp-json\/wp\/v2\/product_brand?post=7821"},{"taxonomy":"product_cat","embeddable":true,"href":"https:\/\/pinedesign.nl\/de\/wp-json\/wp\/v2\/product_cat?post=7821"},{"taxonomy":"product_tag","embeddable":true,"href":"https:\/\/pinedesign.nl\/de\/wp-json\/wp\/v2\/product_tag?post=7821"}],"curies":[{"name":"wp","href":"https:\/\/api.w.org\/{rel}","templated":true}]}}