{"id":7814,"date":"2024-07-25T12:07:26","date_gmt":"2024-07-25T12:07:26","guid":{"rendered":"https:\/\/pinedesign.nl\/product\/esszimmerstuhl-geneve\/"},"modified":"2024-07-25T12:07:26","modified_gmt":"2024-07-25T12:07:26","slug":"esszimmerstuhl-geneve","status":"publish","type":"product","link":"https:\/\/pinedesign.nl\/de\/product\/esszimmerstuhl-geneve\/","title":{"rendered":"Esszimmerstuhl Geneve"},"content":{"rendered":"<p>Der Esszimmerstuhl Eliza strahlt eine luftige und spielerische Eleganz aus. Zudem ist der Esszimmerstuhl Eliza in verschiedenen Stoffarten erh\u00e4ltlich, sodass du die Freiheit hast, den Bezug zu w\u00e4hlen, der am besten zu deinem pers\u00f6nlichen Geschmack und deinen Bed\u00fcrfnissen passt. <\/p>\n<p>neugierig auf alle M\u00f6glichkeiten. Besuche uns im Gesch\u00e4ft <\/p>\n","protected":false},"excerpt":{"rendered":"<p>Der Esszimmerstuhl Eliza strahlt eine luftige und spielerische Eleganz aus. Zudem ist der Esszimmerstuhl Eliza in verschiedenen Stoffarten erh\u00e4ltlich, sodass du die Freiheit hast, den Bezug zu w\u00e4hlen, der am besten zu deinem pers\u00f6nlichen Geschmack und deinen Bed\u00fcrfnissen passt. <\/p>\n<p>neugierig auf alle M\u00f6glichkeiten. Besuche uns im Gesch\u00e4ft <\/p>\n","protected":false},"featured_media":5622,"template":"","meta":{"_joinchat":[]},"product_brand":[],"product_cat":[128,124],"product_tag":[],"class_list":{"0":"post-7814","1":"product","2":"type-product","3":"status-publish","4":"has-post-thumbnail","6":"product_cat-esszimmerstuhle","7":"product_cat-sitzmobel","9":"first","10":"instock","11":"shipping-taxable","12":"product-type-simple"},"_links":{"self":[{"href":"https:\/\/pinedesign.nl\/de\/wp-json\/wp\/v2\/product\/7814","targetHints":{"allow":["GET"]}}],"collection":[{"href":"https:\/\/pinedesign.nl\/de\/wp-json\/wp\/v2\/product"}],"about":[{"href":"https:\/\/pinedesign.nl\/de\/wp-json\/wp\/v2\/types\/product"}],"wp:featuredmedia":[{"embeddable":true,"href":"https:\/\/pinedesign.nl\/de\/wp-json\/wp\/v2\/media\/5622"}],"wp:attachment":[{"href":"https:\/\/pinedesign.nl\/de\/wp-json\/wp\/v2\/media?parent=7814"}],"wp:term":[{"taxonomy":"product_brand","embeddable":true,"href":"https:\/\/pinedesign.nl\/de\/wp-json\/wp\/v2\/product_brand?post=7814"},{"taxonomy":"product_cat","embeddable":true,"href":"https:\/\/pinedesign.nl\/de\/wp-json\/wp\/v2\/product_cat?post=7814"},{"taxonomy":"product_tag","embeddable":true,"href":"https:\/\/pinedesign.nl\/de\/wp-json\/wp\/v2\/product_tag?post=7814"}],"curies":[{"name":"wp","href":"https:\/\/api.w.org\/{rel}","templated":true}]}}