{"id":7813,"date":"2024-09-25T12:32:17","date_gmt":"2024-09-25T12:32:17","guid":{"rendered":"https:\/\/pinedesign.nl\/product\/esszimmerstuhl-toby\/"},"modified":"2024-09-25T12:32:17","modified_gmt":"2024-09-25T12:32:17","slug":"esszimmerstuhl-toby","status":"publish","type":"product","link":"https:\/\/pinedesign.nl\/de\/product\/esszimmerstuhl-toby\/","title":{"rendered":"Esszimmerstuhl Toby"},"content":{"rendered":"<div class=\"flex-shrink-0 flex flex-col relative items-end\">\n<div>\n<div class=\"pt-0\">\n<div class=\"gizmo-bot-avatar flex h-8 w-8 items-center justify-center overflow-hidden rounded-full\"><\/div>\n<\/div>\n<\/div>\n<\/div>\n<div class=\"group\/conversation-turn relative flex w-full min-w-0 flex-col agent-turn\">\n<div class=\"flex-col gap-1 md:gap-3\">\n<div class=\"flex max-w-full flex-col flex-grow\">\n<div class=\"min-h-8 text-message flex w-full flex-col items-end gap-2 whitespace-normal break-words [.text-message+&amp;]:mt-5\" dir=\"auto\" data-message-author-role=\"assistant\" data-message-id=\"fbf296df-39b9-45bd-b1df-5a6fb7494a32\">\n<div class=\"flex w-full flex-col gap-1 empty:hidden first:pt-[3px]\">\n<div class=\"markdown prose w-full break-words dark:prose-invert light\">\n<p><strong>Esszimmerstuhl Toby<\/strong> ist die perfekte Wahl, wenn du einen stilvollen und luftigen Stuhl f\u00fcr dein Esszimmer suchst. Mit seinem schlanken Design und der feinen R\u00fcckenlehne strahlt Toby Eleganz aus und bietet gleichzeitig optimalen Sitzkomfort. Dank des leichten und subtilen Designs wirkt der Stuhl ger\u00e4umig und passt zu jedem Einrichtungsstil. Egal ob modern, skandinavisch oder klassisch \u2013 Toby verleiht stets einen Hauch von Raffinesse, ohne aufdringlich zu wirken.   <\/p>\n<h2>Ein echter Eyecatcher<\/h2>\n<p>Der Stuhl ist in verschiedenen Stoff- und Lederarten erh\u00e4ltlich, sodass du ihn ganz nach deinem Geschmack personalisieren kannst. Von warmen, weichen Stoffen bis hin zu luxuri\u00f6sen Lederoptionen bietet Toby zahlreiche M\u00f6glichkeiten, deinem Esszimmer das gewisse Extra zu verleihen. Mit einem Stoff in einer auff\u00e4lligen Farbe oder einer gewagten Textur machst du den Stuhl zu einem echten Eyecatcher. Bevorzugst du einen dezenten Look? Dann w\u00e4hle neutrale T\u00f6ne, die sich perfekt einf\u00fcgen und eine ruhige Atmosph\u00e4re schaffen.    <\/p>\n<p>Zudem ist Toby auch mit einer praktischen Drehfunktion erh\u00e4ltlich \u2013 f\u00fcr extra Flexibilit\u00e4t und Komfort am <a href=\"https:\/\/pinedesign.nl\/de\/tische\/\">Tisch<\/a>. Das macht das Aufstehen oder das Zuwenden zu anderen w\u00e4hrend eines gem\u00fctlichen Essens noch einfacher. Die Drehfunktion macht Toby nicht nur funktional, sondern auch ideal f\u00fcr einen dynamischen Essbereich, in dem Interaktion und Komfort im Mittelpunkt stehen. Du kannst m\u00fchelos die Richtung \u00e4ndern, ohne den Stuhl r\u00fccken zu m\u00fcssen, was besonders in kleineren R\u00e4umen oder bei vielen G\u00e4sten praktisch ist.   <\/p>\n<p>Kurz gesagt: ein vielseitiger und zeitloser Esszimmerstuhl, der Komfort und Stil nahtlos vereint. Ob bei einem ausgiebigen Abendessen, einem Spieleabend mit Freunden oder dem ruhigen Kaffee am Morgen \u2013 mit dem Esszimmerstuhl Toby sitzt du immer richtig. Dank langlebiger Materialien und hochwertiger Verarbeitung bleibt Toby \u00fcber Jahre hinweg ein fester Bestandteil deiner Einrichtung, ohne an Charme zu verlieren. Eine Investition in den Esszimmerstuhl Toby ist somit eine Investition in stilvolles und sorgenfreies Sitzvergn\u00fcgen auf lange Sicht.   <\/p>\n<\/div>\n<\/div>\n<\/div>\n<\/div>\n<\/div>\n<\/div>\n","protected":false},"excerpt":{"rendered":"<p>Esszimmerstuhl Toby ist die perfekte Wahl, wenn du einen stilvollen und luftigen Stuhl f\u00fcr dein Esszimmer suchst. Mit seinem schlanken Design und der feinen R\u00fcckenlehne strahlt Toby Eleganz aus und bietet gleichzeitig optimalen Sitzkomfort. Dank des leichten und subtilen Designs wirkt der Stuhl ger\u00e4umig und passt zu jedem Einrichtungsstil.  <\/p>\n<p>Der Stuhl ist in verschiedenen Stoff- und Lederarten erh\u00e4ltlich, sodass du ihn ganz nach deinem Geschmack personalisieren kannst. Zudem ist Toby mit einer praktischen Drehfunktion lieferbar \u2013 f\u00fcr extra Flexibilit\u00e4t und Komfort am Tisch. Kurzum: ein vielseitiger und zeitloser Esszimmerstuhl!  <\/p>\n","protected":false},"featured_media":5686,"template":"","meta":{"_joinchat":[]},"product_brand":[],"product_cat":[128,124,107],"product_tag":[],"class_list":{"0":"post-7813","1":"product","2":"type-product","3":"status-publish","4":"has-post-thumbnail","6":"product_cat-esszimmerstuhle","7":"product_cat-sitzmobel","8":"product_cat-nicht-kategorisiert","10":"first","11":"instock","12":"shipping-taxable","13":"product-type-simple"},"_links":{"self":[{"href":"https:\/\/pinedesign.nl\/de\/wp-json\/wp\/v2\/product\/7813","targetHints":{"allow":["GET"]}}],"collection":[{"href":"https:\/\/pinedesign.nl\/de\/wp-json\/wp\/v2\/product"}],"about":[{"href":"https:\/\/pinedesign.nl\/de\/wp-json\/wp\/v2\/types\/product"}],"wp:featuredmedia":[{"embeddable":true,"href":"https:\/\/pinedesign.nl\/de\/wp-json\/wp\/v2\/media\/5686"}],"wp:attachment":[{"href":"https:\/\/pinedesign.nl\/de\/wp-json\/wp\/v2\/media?parent=7813"}],"wp:term":[{"taxonomy":"product_brand","embeddable":true,"href":"https:\/\/pinedesign.nl\/de\/wp-json\/wp\/v2\/product_brand?post=7813"},{"taxonomy":"product_cat","embeddable":true,"href":"https:\/\/pinedesign.nl\/de\/wp-json\/wp\/v2\/product_cat?post=7813"},{"taxonomy":"product_tag","embeddable":true,"href":"https:\/\/pinedesign.nl\/de\/wp-json\/wp\/v2\/product_tag?post=7813"}],"curies":[{"name":"wp","href":"https:\/\/api.w.org\/{rel}","templated":true}]}}