{"id":7806,"date":"2024-07-23T11:42:43","date_gmt":"2024-07-23T11:42:43","guid":{"rendered":"https:\/\/pinedesign.nl\/product\/sideboard-utah\/"},"modified":"2024-07-23T11:42:43","modified_gmt":"2024-07-23T11:42:43","slug":"sideboard-utah","status":"publish","type":"product","link":"https:\/\/pinedesign.nl\/de\/product\/sideboard-utah\/","title":{"rendered":"Sideboard Utah"},"content":{"rendered":"<div class=\"flex flex-grow flex-col max-w-full\">\n<div class=\"min-h-[20px] text-message flex w-full flex-col items-end gap-2 whitespace-pre-wrap break-words [.text-message+&amp;]:mt-5 overflow-x-auto\" dir=\"auto\" data-message-author-role=\"assistant\" data-message-id=\"27e252b9-5b57-41a5-9e22-93b26b361120\">\n<div class=\"flex w-full flex-col gap-1 empty:hidden first:pt-[3px]\">\n<div class=\"markdown prose w-full break-words dark:prose-invert dark\">\n<p>Lerne das Metall-Sideboard Utah der Marke New Routz kennen<\/p>\n<p>Das Metall-Sideboard Utah ist handgefertigt, was f\u00fcr unvergleichliche Qualit\u00e4t und Liebe zum Detail sorgt. Jedes Sideboard wird mit Sorgfalt und Handwerkskunst hergestellt. <\/p>\n<p>Das Utah kombiniert moderne Funktionalit\u00e4t mit einem charmanten Vintage-Look. Erh\u00e4ltlich in den wundersch\u00f6nen Farben Olivgr\u00fcn und Sand, verleiht dieses Sideboard deinem Interieur einen Hauch von Retro-Eleganz. Die subtilen Farbt\u00f6ne verleihen deinem Raum eine warme, einladende Atmosph\u00e4re.  <\/p>\n<p>Dieses Sideboard bietet nicht nur \u00e4sthetischen Wert, sondern auch praktischen Stauraum. Mit drei ger\u00e4umigen T\u00fcren und offenen F\u00e4chern hast du genug Platz, um all deine Sachen ordentlich zu verstauen. Ob du deine Lieblingsb\u00fccher, Deko-Artikel oder Geschirr pr\u00e4sentieren m\u00f6chtest, das Utah bietet die perfekte L\u00f6sung.  <\/p>\n<p>Lass dich vom zeitlosen Charme des Metall-Sideboards Utah von New Routz verzaubern und verleihe deinem Interieur einen einzigartigen, stilvollen Touch.<\/p>\n<\/div>\n<\/div>\n<\/div>\n<\/div>\n","protected":false},"excerpt":{"rendered":"<p>Lerne das Metall-Sideboard Utah der Marke New Routz kennen<\/p>\n<p>Das Metall-Sideboard Utah ist handgefertigt, was f\u00fcr unvergleichliche Qualit\u00e4t und Liebe zum Detail sorgt. Jedes Sideboard wird mit Sorgfalt und Handwerkskunst hergestellt. <\/p>\n<p>Das Utah kombiniert moderne Funktionalit\u00e4t mit einem charmanten Vintage-Look. Erh\u00e4ltlich in den wundersch\u00f6nen Farben Olivgr\u00fcn und Sand, verleiht dieses Sideboard deinem Interieur einen Hauch von Retro-Eleganz. Die subtilen Farbt\u00f6ne verleihen deinem Raum eine warme, einladende Atmosph\u00e4re.  <\/p>\n<p>Dieses Sideboard bietet nicht nur \u00e4sthetischen Wert, sondern auch praktischen Stauraum. Mit drei ger\u00e4umigen T\u00fcren und offenen F\u00e4chern hast du genug Platz, um all deine Sachen ordentlich zu verstauen. Ob du deine Lieblingsb\u00fccher, Deko-Artikel oder Geschirr pr\u00e4sentieren m\u00f6chtest, das Utah bietet die perfekte L\u00f6sung.  <\/p>\n<p>Lass dich vom zeitlosen Charme des Metall-Sideboards Utah von New Routz verzaubern und verleihe deinem Interieur einen einzigartigen, stilvollen Touch.<\/p>\n","protected":false},"featured_media":5619,"template":"","meta":{"_joinchat":[]},"product_brand":[],"product_cat":[136,138,115,117,107],"product_tag":[],"class_list":{"0":"post-7806","1":"product","2":"type-product","3":"status-publish","4":"has-post-thumbnail","6":"product_cat-marken","7":"product_cat-new-routz","8":"product_cat-schranke","9":"product_cat-sideboard","10":"product_cat-nicht-kategorisiert","12":"first","13":"instock","14":"shipping-taxable","15":"product-type-simple"},"_links":{"self":[{"href":"https:\/\/pinedesign.nl\/de\/wp-json\/wp\/v2\/product\/7806","targetHints":{"allow":["GET"]}}],"collection":[{"href":"https:\/\/pinedesign.nl\/de\/wp-json\/wp\/v2\/product"}],"about":[{"href":"https:\/\/pinedesign.nl\/de\/wp-json\/wp\/v2\/types\/product"}],"wp:featuredmedia":[{"embeddable":true,"href":"https:\/\/pinedesign.nl\/de\/wp-json\/wp\/v2\/media\/5619"}],"wp:attachment":[{"href":"https:\/\/pinedesign.nl\/de\/wp-json\/wp\/v2\/media?parent=7806"}],"wp:term":[{"taxonomy":"product_brand","embeddable":true,"href":"https:\/\/pinedesign.nl\/de\/wp-json\/wp\/v2\/product_brand?post=7806"},{"taxonomy":"product_cat","embeddable":true,"href":"https:\/\/pinedesign.nl\/de\/wp-json\/wp\/v2\/product_cat?post=7806"},{"taxonomy":"product_tag","embeddable":true,"href":"https:\/\/pinedesign.nl\/de\/wp-json\/wp\/v2\/product_tag?post=7806"}],"curies":[{"name":"wp","href":"https:\/\/api.w.org\/{rel}","templated":true}]}}