{"id":7801,"date":"2024-09-25T12:23:40","date_gmt":"2024-09-25T12:23:40","guid":{"rendered":"https:\/\/pinedesign.nl\/product\/esstisch-le-mans\/"},"modified":"2024-09-25T12:23:40","modified_gmt":"2024-09-25T12:23:40","slug":"esstisch-le-mans","status":"publish","type":"product","link":"https:\/\/pinedesign.nl\/de\/product\/esstisch-le-mans\/","title":{"rendered":"Esstisch Le Mans"},"content":{"rendered":"<p>Esstisch Le Mans ist ein vielseitiger Esstisch, der sich perfekt an deine W\u00fcnsche und dein Interieur anpasst. Die Platte hat eine wundersch\u00f6ne, organische Form, die f\u00fcr eine subtile und freundliche Ausstrahlung in jedem Raum sorgt. Die flie\u00dfenden Linien und abgerundeten Ecken machen den Tisch nicht nur \u00e4sthetisch ansprechend, sondern auch praktisch. Sie sorgen daf\u00fcr, dass der Esstisch eine einladende Atmosph\u00e4re ausstrahlt und so zu einem zentralen Ort im Haus wird, an dem man gerne mit Familie und Freunden zusammenkommt. Dar\u00fcber hinaus bietet Le Mans zahlreiche M\u00f6glichkeiten, den Tisch ganz nach deinem Geschmack zu gestalten.    <\/p>\n<h3>Verschiedene Oberfl\u00e4chen und Ma\u00dfe<\/h3>\n<p>Die Tischplatte ist in verschiedenen Ausf\u00fchrungen, Farben und Gr\u00f6\u00dfen erh\u00e4ltlich, sodass du immer den richtigen Look kreieren kannst. W\u00e4hle zum Beispiel ein warmes Holzfinish f\u00fcr eine nat\u00fcrliche Ausstrahlung oder entscheide dich f\u00fcr eine robuste Betonoptik, um ein industrielles Flair in dein Interieur zu bringen. Auch moderne Optionen wie Mattschwarz oder Wei\u00df sind m\u00f6glich, wodurch du den Tisch nahtlos in verschiedene Wohnstile integrieren kannst, von l\u00e4ndlich bis minimalistisch. Die Vielfalt an Gr\u00f6\u00dfen erm\u00f6glicht es, sowohl kleine Essecken als auch ger\u00e4umige Esszimmer mit dem Le Mans Tisch einzurichten, von kompakten Zweisitzer-Modellen bis hin zu gro\u00dfz\u00fcgigen Esstischen f\u00fcr gro\u00dfe Gesellschaften.   <\/p>\n<h3>Flexible Tischbeine f\u00fcr jeden Stil<\/h3>\n<p>Auch bei den Tischbeinen hast du eine gro\u00dfe Auswahl: Es stehen verschiedene Modelle zur Verf\u00fcgung, wie gerade Beine f\u00fcr einen cleanen Look, Kreuzbeine f\u00fcr ein robustes Auftreten oder elegant ausgestellte Beine f\u00fcr einen raffinierten Touch. Diese Beine k\u00f6nnen in zahlreichen Metallfarben wie Schwarz, Anthrazit oder Goldoptik ausgef\u00fchrt werden. So kannst du die Tischbeine auf den Rest deines Interieurs abstimmen und ein perfektes Ganzes schaffen. Diese Flexibilit\u00e4t macht es einfach, den Tisch an deinen einzigartigen Stil und deine W\u00fcnsche anzupassen.   <\/p>\n<h3>Erlebe den Le Mans Esstisch in unserem Showroom<\/h3>\n<p>Bist du neugierig auf die vielen Optionen f\u00fcr den <a href=\"https:\/\/pinedesign.nl\/de\/tische\/\">Esstisch<\/a> Le Mans? Dann besuche uns gerne im Showroom. Hier kannst du die verschiedenen Materialien, Oberfl\u00e4chen und Beinmodelle in echt ansehen und erleben. Unsere fachkundigen Berater stehen bereit, um dir bei der Zusammenstellung deines idealen Esstisches zu helfen, damit dieser perfekt zu deinem Geschmack und Wohnstil passt. Sie k\u00f6nnen dich \u00fcber die besten Kombinationen von Platte und Beinen beraten und dir helfen, einen Tisch zusammenzustellen, der ganz deinen Erwartungen entspricht.    <\/p>\n<h3>Esstisch Le Mans: Die perfekte Mischung aus Form und Funktion<\/h3>\n<p>Mit dem Esstisch Le Mans entscheidest du dich f\u00fcr ein St\u00fcck, das nicht nur sch\u00f6n, sondern auch funktional und langlebig ist. Dank hochwertiger Materialien und handwerklicher Verarbeitung h\u00e4lt der Tisch jahrelang, selbst bei intensiver Nutzung. Ob du ein gro\u00dfes Abendessen organisierst, gem\u00fctlich mit Freunden etwas trinkst oder den Tisch als Arbeitsplatz nutzt \u2013 der Le Mans Tisch bietet immer den Platz und Komfort, den du brauchst. Mach dein Esszimmer mit dem Le Mans Esstisch zu einem echten Blickfang und genie\u00dfe jeden Tag stilvolles Beisammensein.   <\/p>\n<p>Kurz gesagt, der Esstisch Le Mans ist die Wahl f\u00fcr alle, die Flexibilit\u00e4t, Stil und Qualit\u00e4t suchen. <strong>Komm in unserem Showroom vorbei und entdecke selbst die M\u00f6glichkeiten!<\/strong><\/p>\n","protected":false},"excerpt":{"rendered":"<p>Esstisch Le Mans ist ein vielseitiger Esstisch. Die Platte hat eine wundersch\u00f6ne, organische Form, die f\u00fcr eine subtile und freundliche Ausstrahlung in jedem Raum sorgt. Dar\u00fcber hinaus bietet Le Mans zahlreiche M\u00f6glichkeiten, den Tisch ganz nach deinem Geschmack anzupassen.  <\/p>\n<p>Die Tischplatte ist in verschiedenen Ausf\u00fchrungen, Farben und Gr\u00f6\u00dfen erh\u00e4ltlich, sodass du immer den richtigen Look kreieren kannst. Auch bei den Tischbeinen hast du eine gro\u00dfe Auswahl: Es sind verschiedene Modelle verf\u00fcgbar, die in zahlreichen Metallfarben ausgef\u00fchrt werden k\u00f6nnen. Dadurch kannst du den Tisch perfekt auf deinen Stil und dein Interieur abstimmen.  <\/p>\n<p>Bist du neugierig auf die vielen Optionen f\u00fcr den Esstisch Le Mans? Dann besuche uns gerne im Showroom. Wir helfen dir gerne bei der Zusammenstellung deines idealen Esstisches!  <\/p>\n","protected":false},"featured_media":5680,"template":"","meta":{"_joinchat":[]},"product_brand":[],"product_cat":[122,136,147,121],"product_tag":[],"class_list":{"0":"post-7801","1":"product","2":"type-product","3":"status-publish","4":"has-post-thumbnail","6":"product_cat-esstische","7":"product_cat-marken","8":"product_cat-room108","9":"product_cat-tische","11":"first","12":"instock","13":"shipping-taxable","14":"product-type-simple"},"_links":{"self":[{"href":"https:\/\/pinedesign.nl\/de\/wp-json\/wp\/v2\/product\/7801","targetHints":{"allow":["GET"]}}],"collection":[{"href":"https:\/\/pinedesign.nl\/de\/wp-json\/wp\/v2\/product"}],"about":[{"href":"https:\/\/pinedesign.nl\/de\/wp-json\/wp\/v2\/types\/product"}],"wp:featuredmedia":[{"embeddable":true,"href":"https:\/\/pinedesign.nl\/de\/wp-json\/wp\/v2\/media\/5680"}],"wp:attachment":[{"href":"https:\/\/pinedesign.nl\/de\/wp-json\/wp\/v2\/media?parent=7801"}],"wp:term":[{"taxonomy":"product_brand","embeddable":true,"href":"https:\/\/pinedesign.nl\/de\/wp-json\/wp\/v2\/product_brand?post=7801"},{"taxonomy":"product_cat","embeddable":true,"href":"https:\/\/pinedesign.nl\/de\/wp-json\/wp\/v2\/product_cat?post=7801"},{"taxonomy":"product_tag","embeddable":true,"href":"https:\/\/pinedesign.nl\/de\/wp-json\/wp\/v2\/product_tag?post=7801"}],"curies":[{"name":"wp","href":"https:\/\/api.w.org\/{rel}","templated":true}]}}