{"id":7792,"date":"2024-07-23T11:12:29","date_gmt":"2024-07-23T11:12:29","guid":{"rendered":"https:\/\/pinedesign.nl\/product\/sofa-shadow\/"},"modified":"2024-07-23T11:12:29","modified_gmt":"2024-07-23T11:12:29","slug":"sofa-shadow","status":"publish","type":"product","link":"https:\/\/pinedesign.nl\/de\/product\/sofa-shadow\/","title":{"rendered":"Sofa Shadow"},"content":{"rendered":"<div class=\"flex flex-grow flex-col max-w-full\">\n<div class=\"min-h-[20px] text-message flex w-full flex-col items-end gap-2 whitespace-pre-wrap break-words [.text-message+&amp;]:mt-5 overflow-x-auto\" dir=\"auto\" data-message-author-role=\"assistant\" data-message-id=\"19947f63-0ff9-4398-943d-4b6ff1334b18\">\n<div class=\"flex w-full flex-col gap-1 empty:hidden first:pt-[3px]\">\n<div class=\"markdown prose w-full break-words dark:prose-invert dark\">\n<h4>Entdecke das Sofa Shadow von Het Anker<\/h4>\n<p>Willkommen an deinem neuen Lieblingsplatz: dem Sofa Shadow der Marke Het Anker. Dieses Sofa ist mehr als nur ein Sitzm\u00f6bel; es ist ein Statement f\u00fcr Stil und Komfort. <\/p>\n<p>Das Sofa Shadow bietet ein unvergleichliches Sitzerlebnis. Mit seiner festen Polsterung und der sorgf\u00e4ltig gestalteten Sitzfl\u00e4che genie\u00dft du immer wieder ultimativen Komfort. Ob bei einem gem\u00fctlichen Abend mit einem Buch oder beim Filmeschauen mit Freunden \u2013 das Sofa Shadow sorgt daf\u00fcr, dass du immer perfekt sitzt.  <\/p>\n<p>Wir wissen, dass jede Einrichtung einzigartig ist. Deshalb ist das Sofa Shadow in vielen Stoff- und Lederarten erh\u00e4ltlich. W\u00e4hle aus zahlreichen Farben und Texturen, um das Sofa perfekt auf deinen Geschmack und dein Interieur abzustimmen. Ob weicher Luxusstoff oder robustes Leder \u2013 es gibt immer eine passende Option f\u00fcr dich.   <\/p>\n<p>Das Sofa Shadow strahlt nicht nur Komfort aus, sondern auch Raffinesse. Die sch\u00f6nen Details, wie die stilvollen N\u00e4hte und die hochwertige Verarbeitung, machen dieses Sofa zu einem echten Highlight in deinem Wohnzimmer. <\/p>\n<p>Flexibilit\u00e4t ist eine der St\u00e4rken des Sofas Shadow. Ob kompaktes Sofa oder gro\u00dfz\u00fcgige Wohnlandschaft \u2013 es ist in verschiedenen Konfigurationen erh\u00e4ltlich. Stelle dein ideales Sitzm\u00f6bel zusammen und schaffe die perfekte L\u00f6sung f\u00fcr deinen Wohnraum.  <\/p>\n<p>Besuche uns, um alle M\u00f6glichkeiten zu entdecken.<\/p>\n<\/div>\n<\/div>\n<\/div>\n<\/div>\n","protected":false},"excerpt":{"rendered":"<h4>Entdecke das Sofa Shadow von Het Anker<\/h4>\n<p>Willkommen an deinem neuen Lieblingsplatz: dem Sofa Shadow der Marke Het Anker. Dieses Sofa ist mehr als nur ein Sitzm\u00f6bel; es ist ein Statement f\u00fcr Stil und Komfort. <\/p>\n<p>Das Sofa Shadow bietet ein unvergleichliches Sitzerlebnis. Mit seiner festen Polsterung und der sorgf\u00e4ltig gestalteten Sitzfl\u00e4che genie\u00dft du immer wieder ultimativen Komfort. Ob bei einem gem\u00fctlichen Abend mit einem Buch oder beim Filmeschauen mit Freunden \u2013 das Sofa Shadow sorgt daf\u00fcr, dass du immer perfekt sitzt.  <\/p>\n<p>Wir wissen, dass jede Einrichtung einzigartig ist. Deshalb ist das Sofa Shadow in vielen Stoff- und Lederarten erh\u00e4ltlich. W\u00e4hle aus zahlreichen Farben und Texturen, um das Sofa perfekt auf deinen Geschmack und dein Interieur abzustimmen. Ob weicher Luxusstoff oder robustes Leder \u2013 es gibt immer eine passende Option f\u00fcr dich.   <\/p>\n<p>Das Sofa Shadow strahlt nicht nur Komfort aus, sondern auch Raffinesse. Die sch\u00f6nen Details, wie die stilvollen N\u00e4hte und die hochwertige Verarbeitung, machen dieses Sofa zu einem echten Highlight in deinem Wohnzimmer. <\/p>\n<p>Flexibilit\u00e4t ist eine der St\u00e4rken des Sofas Shadow. Ob kompaktes Sofa oder gro\u00dfz\u00fcgige Wohnlandschaft \u2013 es ist in verschiedenen Konfigurationen erh\u00e4ltlich. Stelle dein ideales Sitzm\u00f6bel zusammen und schaffe die perfekte L\u00f6sung f\u00fcr deinen Wohnraum.  <\/p>\n<p>Besuche uns, um alle M\u00f6glichkeiten zu entdecken.<\/p>\n","protected":false},"featured_media":5602,"template":"","meta":{"_joinchat":[]},"product_brand":[],"product_cat":[142,136,124,125,134],"product_tag":[],"class_list":{"0":"post-7792","1":"product","2":"type-product","3":"status-publish","4":"has-post-thumbnail","6":"product_cat-het-anker","7":"product_cat-marken","8":"product_cat-sitzmobel","9":"product_cat-sofa","10":"product_cat-sofas","12":"first","13":"instock","14":"shipping-taxable","15":"product-type-simple"},"_links":{"self":[{"href":"https:\/\/pinedesign.nl\/de\/wp-json\/wp\/v2\/product\/7792","targetHints":{"allow":["GET"]}}],"collection":[{"href":"https:\/\/pinedesign.nl\/de\/wp-json\/wp\/v2\/product"}],"about":[{"href":"https:\/\/pinedesign.nl\/de\/wp-json\/wp\/v2\/types\/product"}],"wp:featuredmedia":[{"embeddable":true,"href":"https:\/\/pinedesign.nl\/de\/wp-json\/wp\/v2\/media\/5602"}],"wp:attachment":[{"href":"https:\/\/pinedesign.nl\/de\/wp-json\/wp\/v2\/media?parent=7792"}],"wp:term":[{"taxonomy":"product_brand","embeddable":true,"href":"https:\/\/pinedesign.nl\/de\/wp-json\/wp\/v2\/product_brand?post=7792"},{"taxonomy":"product_cat","embeddable":true,"href":"https:\/\/pinedesign.nl\/de\/wp-json\/wp\/v2\/product_cat?post=7792"},{"taxonomy":"product_tag","embeddable":true,"href":"https:\/\/pinedesign.nl\/de\/wp-json\/wp\/v2\/product_tag?post=7792"}],"curies":[{"name":"wp","href":"https:\/\/api.w.org\/{rel}","templated":true}]}}