{"id":7789,"date":"2024-09-05T13:42:57","date_gmt":"2024-09-05T13:42:57","guid":{"rendered":"https:\/\/pinedesign.nl\/product\/tv-lowboard-calgary\/"},"modified":"2024-09-05T13:42:57","modified_gmt":"2024-09-05T13:42:57","slug":"tv-lowboard-calgary","status":"publish","type":"product","link":"https:\/\/pinedesign.nl\/de\/product\/tv-lowboard-calgary\/","title":{"rendered":"TV-Lowboard Calgary"},"content":{"rendered":"<p>Entdecke das stylische TV-Lowboard Calgary aus Metall von New Routz. Dieses handgefertigte M\u00f6belst\u00fcck strahlt einen einzigartigen Vintage-Look aus und ist in den Trendfarben Sand oder Olivgr\u00fcn erh\u00e4ltlich. Mit einem praktischen offenen Fach und vier T\u00fcren bietet das Sideboard nicht nur eine coole Optik, sondern auch reichlich Stauraum f\u00fcr all deine Sachen.  <\/p>\n<p>H 54 x B 200 x T 33,5 cm<\/p>\n","protected":false},"excerpt":{"rendered":"<p>Entdecke das stylische TV-Lowboard Calgary aus Metall von New Routz. Dieses handgefertigte M\u00f6belst\u00fcck strahlt einen einzigartigen Vintage-Look aus und ist in den Trendfarben Sand oder Olivgr\u00fcn erh\u00e4ltlich. Mit einem praktischen offenen Fach und vier T\u00fcren bietet das Sideboard nicht nur eine coole Optik, sondern auch reichlich Stauraum f\u00fcr all deine Sachen.  <\/p>\n<p>H 54 x B 200 x T 33,5 cm<\/p>\n","protected":false},"featured_media":5644,"template":"","meta":{"_joinchat":[]},"product_brand":[],"product_cat":[136,138,115,120],"product_tag":[],"class_list":{"0":"post-7789","1":"product","2":"type-product","3":"status-publish","4":"has-post-thumbnail","6":"product_cat-marken","7":"product_cat-new-routz","8":"product_cat-schranke","9":"product_cat-tv-mobel","11":"first","12":"instock","13":"shipping-taxable","14":"product-type-simple"},"_links":{"self":[{"href":"https:\/\/pinedesign.nl\/de\/wp-json\/wp\/v2\/product\/7789","targetHints":{"allow":["GET"]}}],"collection":[{"href":"https:\/\/pinedesign.nl\/de\/wp-json\/wp\/v2\/product"}],"about":[{"href":"https:\/\/pinedesign.nl\/de\/wp-json\/wp\/v2\/types\/product"}],"wp:featuredmedia":[{"embeddable":true,"href":"https:\/\/pinedesign.nl\/de\/wp-json\/wp\/v2\/media\/5644"}],"wp:attachment":[{"href":"https:\/\/pinedesign.nl\/de\/wp-json\/wp\/v2\/media?parent=7789"}],"wp:term":[{"taxonomy":"product_brand","embeddable":true,"href":"https:\/\/pinedesign.nl\/de\/wp-json\/wp\/v2\/product_brand?post=7789"},{"taxonomy":"product_cat","embeddable":true,"href":"https:\/\/pinedesign.nl\/de\/wp-json\/wp\/v2\/product_cat?post=7789"},{"taxonomy":"product_tag","embeddable":true,"href":"https:\/\/pinedesign.nl\/de\/wp-json\/wp\/v2\/product_tag?post=7789"}],"curies":[{"name":"wp","href":"https:\/\/api.w.org\/{rel}","templated":true}]}}