{"id":7772,"date":"2024-07-18T13:45:29","date_gmt":"2024-07-18T13:45:29","guid":{"rendered":"https:\/\/pinedesign.nl\/product\/esszimmerstuhl-love\/"},"modified":"2024-07-18T13:45:29","modified_gmt":"2024-07-18T13:45:29","slug":"esszimmerstuhl-love","status":"publish","type":"product","link":"https:\/\/pinedesign.nl\/de\/product\/esszimmerstuhl-love\/","title":{"rendered":"Esszimmerstuhl Love"},"content":{"rendered":"<div class=\"flex flex-grow flex-col max-w-full\">\n<div class=\"min-h-[20px] text-message flex w-full flex-col items-end gap-2 whitespace-pre-wrap break-words [.text-message+&amp;]:mt-5 overflow-x-auto\" dir=\"auto\" data-message-author-role=\"assistant\" data-message-id=\"7976efca-d959-4414-8758-317c4abef116\">\n<div class=\"flex w-full flex-col gap-1 empty:hidden first:pt-[3px]\">\n<div class=\"markdown prose w-full break-words dark:prose-invert dark\">\n<p>Lerne den Esszimmerstuhl Love kennen \u2013 die perfekte Verbindung aus stilvollem Design und unvergleichlichem Komfort. Dieser wundersch\u00f6ne Stuhl ist nicht nur ein Blickfang, sondern bietet auch praktische Vorteile, die den t\u00e4glichen Gebrauch zum Vergn\u00fcgen machen. <\/p>\n<ul>\n<li><strong>Praktische Drehfunktion:<\/strong> Ob beim Essen, in einem Meeting oder beim gem\u00fctlichen Plaudern \u2013 die Drehfunktion des Esszimmerstuhls Love sorgt daf\u00fcr, dass du dich m\u00fchelos bewegen kannst und alles bequem erreichst.<\/li>\n<li><strong>Personalisiere deinen Stuhl:<\/strong> Mit dem Esszimmerstuhl Love stimmst du deine Einrichtung perfekt auf deinen Geschmack ab. W\u00e4hle aus verschiedenen Beinfarben und entdecke eine gro\u00dfe Auswahl an Bezugsstoffen. So gestaltest du einen einzigartigen Stuhl, der nahtlos in dein Esszimmer passt.  <\/li>\n<li><strong>Hervorragender Sitzkomfort:<\/strong> Komm vorbei und erlebe den au\u00dfergew\u00f6hnlichen Sitzkomfort des Esszimmerstuhls Love selbst.<\/li>\n<\/ul>\n<p>&nbsp;<\/p>\n<\/div>\n<\/div>\n<\/div>\n<\/div>\n","protected":false},"excerpt":{"rendered":"<p>Lerne den Esszimmerstuhl Love kennen \u2013 die perfekte Verbindung aus stilvollem Design und unvergleichlichem Komfort. Dieser wundersch\u00f6ne Stuhl ist nicht nur ein Blickfang, sondern bietet auch praktische Vorteile, die den t\u00e4glichen Gebrauch zum Vergn\u00fcgen machen. <\/p>\n<ul>\n<li><strong>Praktische Drehfunktion:<\/strong> Ob beim Essen, in einem Meeting oder beim gem\u00fctlichen Plaudern \u2013 die Drehfunktion des Esszimmerstuhls Love sorgt daf\u00fcr, dass du dich m\u00fchelos bewegen kannst und alles bequem erreichst.<\/li>\n<li><strong>Personalisiere deinen Stuhl:<\/strong> Mit dem Esszimmerstuhl Love stimmst du deine Einrichtung perfekt auf deinen Geschmack ab. W\u00e4hle aus verschiedenen Beinfarben und entdecke eine gro\u00dfe Auswahl an Bezugsstoffen. So gestaltest du einen einzigartigen Stuhl, der nahtlos in dein Esszimmer passt.  <\/li>\n<li><strong>Hervorragender Sitzkomfort:<\/strong> Komm vorbei und erlebe den au\u00dfergew\u00f6hnlichen Sitzkomfort des Esszimmerstuhls Love selbst.<\/li>\n<\/ul>\n<p>&nbsp;<\/p>\n","protected":false},"featured_media":5593,"template":"","meta":{"_joinchat":[]},"product_brand":[],"product_cat":[128,124],"product_tag":[],"class_list":{"0":"post-7772","1":"product","2":"type-product","3":"status-publish","4":"has-post-thumbnail","6":"product_cat-esszimmerstuhle","7":"product_cat-sitzmobel","9":"first","10":"instock","11":"shipping-taxable","12":"product-type-simple"},"_links":{"self":[{"href":"https:\/\/pinedesign.nl\/de\/wp-json\/wp\/v2\/product\/7772","targetHints":{"allow":["GET"]}}],"collection":[{"href":"https:\/\/pinedesign.nl\/de\/wp-json\/wp\/v2\/product"}],"about":[{"href":"https:\/\/pinedesign.nl\/de\/wp-json\/wp\/v2\/types\/product"}],"wp:featuredmedia":[{"embeddable":true,"href":"https:\/\/pinedesign.nl\/de\/wp-json\/wp\/v2\/media\/5593"}],"wp:attachment":[{"href":"https:\/\/pinedesign.nl\/de\/wp-json\/wp\/v2\/media?parent=7772"}],"wp:term":[{"taxonomy":"product_brand","embeddable":true,"href":"https:\/\/pinedesign.nl\/de\/wp-json\/wp\/v2\/product_brand?post=7772"},{"taxonomy":"product_cat","embeddable":true,"href":"https:\/\/pinedesign.nl\/de\/wp-json\/wp\/v2\/product_cat?post=7772"},{"taxonomy":"product_tag","embeddable":true,"href":"https:\/\/pinedesign.nl\/de\/wp-json\/wp\/v2\/product_tag?post=7772"}],"curies":[{"name":"wp","href":"https:\/\/api.w.org\/{rel}","templated":true}]}}