{"id":7771,"date":"2024-07-05T13:09:19","date_gmt":"2024-07-05T13:09:19","guid":{"rendered":"https:\/\/pinedesign.nl\/product\/esszimmerstuehle-zita\/"},"modified":"2024-07-05T13:09:19","modified_gmt":"2024-07-05T13:09:19","slug":"esszimmerstuehle-zita","status":"publish","type":"product","link":"https:\/\/pinedesign.nl\/de\/product\/esszimmerstuehle-zita\/","title":{"rendered":"Esszimmerst\u00fchle Zita"},"content":{"rendered":"<p>Die Esszimmerst\u00fchle Zita verleihen deinem Esszimmer einen modernen und raffinierten Look.<\/p>\n<p>Wir bieten die Esszimmerst\u00fchle Zita in zwei Varianten an: mit und ohne Armlehnen.<\/p>\n<p>Personalisiere deinen Esszimmerstuhl mit unserer gro\u00dfen Auswahl an Farben und Materialien. Die Esszimmerst\u00fchle Zita sind in verschiedenen Stoff- und Lederarten erh\u00e4ltlich, damit du die perfekte Erg\u00e4nzung f\u00fcr deine Einrichtung findest \u2013 egal, ob du einen warmen, weichen Stoff oder ein luxuri\u00f6ses, langlebiges Leder suchst.  <\/p>\n<p>Zudem kannst du die Farbe des Gestells anpassen. Mit verschiedenen Farboptionen f\u00fcr das Gestell stimmst du die Zita-St\u00fchle perfekt auf deine Einrichtung und deinen pers\u00f6nlichen Geschmack ab. <\/p>\n","protected":false},"excerpt":{"rendered":"<p>Die Esszimmerst\u00fchle Zita verleihen deinem Esszimmer einen modernen und raffinierten Look.<\/p>\n<p>Wir bieten die Esszimmerst\u00fchle Zita in zwei Varianten an: mit und ohne Armlehnen.<\/p>\n<p>Personalisiere deinen Esszimmerstuhl mit unserer gro\u00dfen Auswahl an Farben und Materialien. Die Esszimmerst\u00fchle Zita sind in verschiedenen Stoff- und Lederarten erh\u00e4ltlich, damit du die perfekte Erg\u00e4nzung f\u00fcr deine Einrichtung findest \u2013 egal, ob du einen warmen, weichen Stoff oder ein luxuri\u00f6ses, langlebiges Leder suchst.  <\/p>\n<p>Zudem kannst du die Farbe des Gestells anpassen. Mit verschiedenen Farboptionen f\u00fcr das Gestell stimmst du die Zita-St\u00fchle perfekt auf deine Einrichtung und deinen pers\u00f6nlichen Geschmack ab. <\/p>\n","protected":false},"featured_media":5565,"template":"","meta":{"_joinchat":[]},"product_brand":[],"product_cat":[128,143,136,124],"product_tag":[],"class_list":{"0":"post-7771","1":"product","2":"type-product","3":"status-publish","4":"has-post-thumbnail","6":"product_cat-esszimmerstuhle","7":"product_cat-he-design","8":"product_cat-marken","9":"product_cat-sitzmobel","11":"first","12":"instock","13":"shipping-taxable","14":"product-type-simple"},"_links":{"self":[{"href":"https:\/\/pinedesign.nl\/de\/wp-json\/wp\/v2\/product\/7771","targetHints":{"allow":["GET"]}}],"collection":[{"href":"https:\/\/pinedesign.nl\/de\/wp-json\/wp\/v2\/product"}],"about":[{"href":"https:\/\/pinedesign.nl\/de\/wp-json\/wp\/v2\/types\/product"}],"wp:featuredmedia":[{"embeddable":true,"href":"https:\/\/pinedesign.nl\/de\/wp-json\/wp\/v2\/media\/5565"}],"wp:attachment":[{"href":"https:\/\/pinedesign.nl\/de\/wp-json\/wp\/v2\/media?parent=7771"}],"wp:term":[{"taxonomy":"product_brand","embeddable":true,"href":"https:\/\/pinedesign.nl\/de\/wp-json\/wp\/v2\/product_brand?post=7771"},{"taxonomy":"product_cat","embeddable":true,"href":"https:\/\/pinedesign.nl\/de\/wp-json\/wp\/v2\/product_cat?post=7771"},{"taxonomy":"product_tag","embeddable":true,"href":"https:\/\/pinedesign.nl\/de\/wp-json\/wp\/v2\/product_tag?post=7771"}],"curies":[{"name":"wp","href":"https:\/\/api.w.org\/{rel}","templated":true}]}}