{"id":7762,"date":"2024-07-05T12:55:49","date_gmt":"2024-07-05T12:55:49","guid":{"rendered":"https:\/\/pinedesign.nl\/product\/esszimmerstuhl-city\/"},"modified":"2024-07-05T12:55:49","modified_gmt":"2024-07-05T12:55:49","slug":"esszimmerstuhl-city","status":"publish","type":"product","link":"https:\/\/pinedesign.nl\/de\/product\/esszimmerstuhl-city\/","title":{"rendered":"Esszimmerstuhl City"},"content":{"rendered":"<p>Die Esszimmerst\u00fchle City wurden mit Liebe zum Detail und Komfort entworfen. Ob du ein formelles Esszimmer oder eine gem\u00fctliche Wohnk\u00fcche hast, diese St\u00fchle passen nahtlos in jede Umgebung. Die Esszimmerst\u00fchle City sind in zwei Varianten erh\u00e4ltlich: mit und ohne Armlehne.  <\/p>\n<p>Die Esszimmerst\u00fchle City sind in einer Vielzahl von Farben erh\u00e4ltlich, sodass du immer die passende Erg\u00e4nzung f\u00fcr deine Einrichtung findest. Auch das Gestell ist in verschiedenen Farben bestellbar. So kannst du die Esszimmerst\u00fchle City perfekt auf dein Interieur abstimmen \u2013 f\u00fcr eine harmonische und stilvolle Essgruppe.  <\/p>\n","protected":false},"excerpt":{"rendered":"<p>Die Esszimmerst\u00fchle City wurden mit Liebe zum Detail und Komfort entworfen. Ob du ein formelles Esszimmer oder eine gem\u00fctliche Wohnk\u00fcche hast, diese St\u00fchle passen nahtlos in jede Umgebung. Die Esszimmerst\u00fchle City sind in zwei Varianten erh\u00e4ltlich: mit und ohne Armlehne.  <\/p>\n<p>Die Esszimmerst\u00fchle City sind in einer Vielzahl von Farben erh\u00e4ltlich, sodass du immer die passende Erg\u00e4nzung f\u00fcr deine Einrichtung findest. Auch das Gestell ist in verschiedenen Farben bestellbar. So kannst du die Esszimmerst\u00fchle City perfekt auf dein Interieur abstimmen \u2013 f\u00fcr eine harmonische und stilvolle Essgruppe.  <\/p>\n","protected":false},"featured_media":5558,"template":"","meta":{"_joinchat":[]},"product_brand":[],"product_cat":[128,143,136,124],"product_tag":[],"class_list":{"0":"post-7762","1":"product","2":"type-product","3":"status-publish","4":"has-post-thumbnail","6":"product_cat-esszimmerstuhle","7":"product_cat-he-design","8":"product_cat-marken","9":"product_cat-sitzmobel","11":"first","12":"instock","13":"shipping-taxable","14":"product-type-simple"},"_links":{"self":[{"href":"https:\/\/pinedesign.nl\/de\/wp-json\/wp\/v2\/product\/7762","targetHints":{"allow":["GET"]}}],"collection":[{"href":"https:\/\/pinedesign.nl\/de\/wp-json\/wp\/v2\/product"}],"about":[{"href":"https:\/\/pinedesign.nl\/de\/wp-json\/wp\/v2\/types\/product"}],"wp:featuredmedia":[{"embeddable":true,"href":"https:\/\/pinedesign.nl\/de\/wp-json\/wp\/v2\/media\/5558"}],"wp:attachment":[{"href":"https:\/\/pinedesign.nl\/de\/wp-json\/wp\/v2\/media?parent=7762"}],"wp:term":[{"taxonomy":"product_brand","embeddable":true,"href":"https:\/\/pinedesign.nl\/de\/wp-json\/wp\/v2\/product_brand?post=7762"},{"taxonomy":"product_cat","embeddable":true,"href":"https:\/\/pinedesign.nl\/de\/wp-json\/wp\/v2\/product_cat?post=7762"},{"taxonomy":"product_tag","embeddable":true,"href":"https:\/\/pinedesign.nl\/de\/wp-json\/wp\/v2\/product_tag?post=7762"}],"curies":[{"name":"wp","href":"https:\/\/api.w.org\/{rel}","templated":true}]}}