{"id":7739,"date":"2024-06-13T12:11:07","date_gmt":"2024-06-13T12:11:07","guid":{"rendered":"https:\/\/pinedesign.nl\/product\/sofa-elle-curve\/"},"modified":"2024-06-13T12:11:07","modified_gmt":"2024-06-13T12:11:07","slug":"sofa-elle-curve","status":"publish","type":"product","link":"https:\/\/pinedesign.nl\/de\/product\/sofa-elle-curve\/","title":{"rendered":"Sofa Elle Curve"},"content":{"rendered":"<p>Loungesofa Elle Curve von Room108. Das Elle ist durch die horizontalen Steppn\u00e4hte an der R\u00fcckenlehne etwas ganz Besonderes. Eine wirklich sch\u00f6ne Erg\u00e4nzung f\u00fcr dein Interieur! Dank der runden Formen passt es perfekt zum aktuellen organischen Einrichtungstrend. Das Loungesofa wird standardm\u00e4\u00dfig mit den passenden losen R\u00fcckenkissen geliefert. Auch der Komfort des Elle Curve ist sehr angenehm. Die Kurve ist hier davorstehend rechts, sie kann auch davorstehend links gew\u00e4hlt werden, wodurch der tiefere Teil der Sitzfl\u00e4che gespiegelt wird. Nat\u00fcrlich ist es in all unseren Stoffen und Farben aus der Stoffkollektion lieferbar.       <\/p>\n","protected":false},"excerpt":{"rendered":"<p>Loungesofa Elle Curve von Room108. Das Elle ist durch die horizontalen Steppn\u00e4hte an der R\u00fcckenlehne etwas ganz Besonderes. Eine wirklich sch\u00f6ne Erg\u00e4nzung f\u00fcr dein Interieur! Dank der runden Formen passt es perfekt zum aktuellen organischen Einrichtungstrend. Das Loungesofa wird standardm\u00e4\u00dfig mit den passenden losen R\u00fcckenkissen geliefert. Auch der Komfort des Elle Curve ist sehr angenehm. Die Kurve ist hier davorstehend rechts, sie kann auch davorstehend links gew\u00e4hlt werden, wodurch der tiefere Teil der Sitzfl\u00e4che gespiegelt wird. Nat\u00fcrlich ist es in all unseren Stoffen und Farben aus der Stoffkollektion lieferbar.       <\/p>\n","protected":false},"featured_media":5514,"template":"","meta":{"_joinchat":[]},"product_brand":[],"product_cat":[136,147,124,125,134],"product_tag":[],"class_list":{"0":"post-7739","1":"product","2":"type-product","3":"status-publish","4":"has-post-thumbnail","6":"product_cat-marken","7":"product_cat-room108","8":"product_cat-sitzmobel","9":"product_cat-sofa","10":"product_cat-sofas","12":"first","13":"instock","14":"shipping-taxable","15":"product-type-simple"},"_links":{"self":[{"href":"https:\/\/pinedesign.nl\/de\/wp-json\/wp\/v2\/product\/7739","targetHints":{"allow":["GET"]}}],"collection":[{"href":"https:\/\/pinedesign.nl\/de\/wp-json\/wp\/v2\/product"}],"about":[{"href":"https:\/\/pinedesign.nl\/de\/wp-json\/wp\/v2\/types\/product"}],"wp:featuredmedia":[{"embeddable":true,"href":"https:\/\/pinedesign.nl\/de\/wp-json\/wp\/v2\/media\/5514"}],"wp:attachment":[{"href":"https:\/\/pinedesign.nl\/de\/wp-json\/wp\/v2\/media?parent=7739"}],"wp:term":[{"taxonomy":"product_brand","embeddable":true,"href":"https:\/\/pinedesign.nl\/de\/wp-json\/wp\/v2\/product_brand?post=7739"},{"taxonomy":"product_cat","embeddable":true,"href":"https:\/\/pinedesign.nl\/de\/wp-json\/wp\/v2\/product_cat?post=7739"},{"taxonomy":"product_tag","embeddable":true,"href":"https:\/\/pinedesign.nl\/de\/wp-json\/wp\/v2\/product_tag?post=7739"}],"curies":[{"name":"wp","href":"https:\/\/api.w.org\/{rel}","templated":true}]}}