{"id":7731,"date":"2024-06-04T13:12:55","date_gmt":"2024-06-04T13:12:55","guid":{"rendered":"https:\/\/pinedesign.nl\/product\/sessel-emanuelle\/"},"modified":"2024-06-04T13:12:55","modified_gmt":"2024-06-04T13:12:55","slug":"sessel-emanuelle","status":"publish","type":"product","link":"https:\/\/pinedesign.nl\/de\/product\/sessel-emanuelle\/","title":{"rendered":"Sessel Emanuelle"},"content":{"rendered":"<p>Entdecke den Emanuelle Twist Sessel: Stilvoll und komfortabel<\/p>\n<p>Bist du auf der Suche nach einem herrlich bequemen, drehbaren Sessel, der deine Einrichtung vervollst\u00e4ndigt? Dann ist der Emanuelle Twist genau das Richtige! Dieser Sessel passt perfekt zum Trend der runden und organischen Formen, mit abgerundeten R\u00fccken- und Armlehnen und einer komfortablen Sitzfl\u00e4che.  <\/p>\n<p>Die Drehfunktion des Emanuelle Twist sorgt f\u00fcr ultimativen Komfort, sodass du dich m\u00fchelos drehen und entspannen kannst. Ob du ein Buch liest, fernsiehst oder einfach einen Moment f\u00fcr dich genie\u00dft \u2013 dieser Sessel bietet alles, was du brauchst. <\/p>\n<p>Bevorzugst du einen anderen Stoff oder eine andere Farbe? Kein Problem! W\u00e4hle aus unserer umfangreichen Stoffkollektion genau den Stoff und die Farbe aus, die am besten zu deinem Wohnzimmer passen. Vervollst\u00e4ndige deine Einrichtung mit dem Emanuelle Twist Sessel.   <\/p>\n<p>Besuche unser Gesch\u00e4ft und erlebe den Komfort und Stil des Emanuelle Twist selbst. Dein perfekter Sessel wartet auf dich! <\/p>\n","protected":false},"excerpt":{"rendered":"<p>Entdecke den Emanuelle Twist Sessel: Stilvoll und komfortabel<\/p>\n<p>Bist du auf der Suche nach einem herrlich bequemen, drehbaren Sessel, der deine Einrichtung vervollst\u00e4ndigt? Dann ist der Emanuelle Twist genau das Richtige! Dieser Sessel passt perfekt zum Trend der runden und organischen Formen, mit abgerundeten R\u00fccken- und Armlehnen und einer komfortablen Sitzfl\u00e4che.  <\/p>\n<p>Die Drehfunktion des Emanuelle Twist sorgt f\u00fcr ultimativen Komfort, sodass du dich m\u00fchelos drehen und entspannen kannst. Ob du ein Buch liest, fernsiehst oder einfach einen Moment f\u00fcr dich genie\u00dft \u2013 dieser Sessel bietet alles, was du brauchst. <\/p>\n<p>Bevorzugst du einen anderen Stoff oder eine andere Farbe? Kein Problem! W\u00e4hle aus unserer umfangreichen Stoffkollektion genau den Stoff und die Farbe aus, die am besten zu deinem Wohnzimmer passen. Vervollst\u00e4ndige deine Einrichtung mit dem Emanuelle Twist Sessel.   <\/p>\n<p>Besuche unser Gesch\u00e4ft und erlebe den Komfort und Stil des Emanuelle Twist selbst. Dein perfekter Sessel wartet auf dich! <\/p>\n","protected":false},"featured_media":5509,"template":"","meta":{"_joinchat":[]},"product_brand":[],"product_cat":[147,130,124],"product_tag":[],"class_list":{"0":"post-7731","1":"product","2":"type-product","3":"status-publish","4":"has-post-thumbnail","6":"product_cat-room108","7":"product_cat-sessel","8":"product_cat-sitzmobel","10":"first","11":"instock","12":"shipping-taxable","13":"product-type-simple"},"_links":{"self":[{"href":"https:\/\/pinedesign.nl\/de\/wp-json\/wp\/v2\/product\/7731","targetHints":{"allow":["GET"]}}],"collection":[{"href":"https:\/\/pinedesign.nl\/de\/wp-json\/wp\/v2\/product"}],"about":[{"href":"https:\/\/pinedesign.nl\/de\/wp-json\/wp\/v2\/types\/product"}],"wp:featuredmedia":[{"embeddable":true,"href":"https:\/\/pinedesign.nl\/de\/wp-json\/wp\/v2\/media\/5509"}],"wp:attachment":[{"href":"https:\/\/pinedesign.nl\/de\/wp-json\/wp\/v2\/media?parent=7731"}],"wp:term":[{"taxonomy":"product_brand","embeddable":true,"href":"https:\/\/pinedesign.nl\/de\/wp-json\/wp\/v2\/product_brand?post=7731"},{"taxonomy":"product_cat","embeddable":true,"href":"https:\/\/pinedesign.nl\/de\/wp-json\/wp\/v2\/product_cat?post=7731"},{"taxonomy":"product_tag","embeddable":true,"href":"https:\/\/pinedesign.nl\/de\/wp-json\/wp\/v2\/product_tag?post=7731"}],"curies":[{"name":"wp","href":"https:\/\/api.w.org\/{rel}","templated":true}]}}