{"id":7721,"date":"2024-04-25T11:59:04","date_gmt":"2024-04-25T11:59:04","guid":{"rendered":"https:\/\/pinedesign.nl\/product\/sofa-bilbao\/"},"modified":"2024-04-25T11:59:04","modified_gmt":"2024-04-25T11:59:04","slug":"sofa-bilbao","status":"publish","type":"product","link":"https:\/\/pinedesign.nl\/de\/product\/sofa-bilbao\/","title":{"rendered":"Sofa Bilbao"},"content":{"rendered":"<p>Stell dir vor: eine luxuri\u00f6se Oase aus Komfort und Stil, direkt aus einer Traumwelt. Genau das bietet unser wundersch\u00f6nes Sofa Bilbao. Mit einer Tiefe von 110 cm l\u00e4dt dich dieses Sofa zu purer Entspannung ein. Die herrlichen Lendenkissen bieten die perfekte Unterst\u00fctzung, egal ob du gem\u00fctlich loungen oder aktiver sitzen m\u00f6chtest.   <\/p>\n<p>Doch es geht nicht nur um Komfort; das Sofa Bilbao ist auch eine Augenweide. Die sch\u00f6nen runden Formen sorgen f\u00fcr eine verspielte Ausstrahlung und verhindern, dass das Sofa wuchtig wirkt. Das Design reicht nahtlos bis zum Boden, was f\u00fcr einen stromlinienf\u00f6rmigen und eleganten Look in jedem Raum sorgt.  <\/p>\n<p>Und es gibt noch mehr! Zu diesem Sofa ist auch ein passender Hocker erh\u00e4ltlich, der dir noch mehr Flexibilit\u00e4t bei der Gestaltung deines Raumes bietet, damit du deine Entspannungsmomente optimal genie\u00dfen kannst. <\/p>\n<p>Aber verlass dich nicht nur auf unser Wort. Komm vorbei und erlebe den Sitzkomfort des Sofas Bilbao selbst. Mit einer gro\u00dfen Auswahl an Stoffen findest du garantiert die perfekte Erg\u00e4nzung f\u00fcr deinen Stil und dein Interieur. Worauf wartest du noch? Entdecke das Sofa Bilbao noch heute und lass dich von unvergleichlichem Komfort und zeitloser Eleganz verw\u00f6hnen.    <\/p>\n","protected":false},"excerpt":{"rendered":"<p>Stell dir vor: eine luxuri\u00f6se Oase aus Komfort und Stil, direkt aus einer Traumwelt. Genau das bietet unser wundersch\u00f6nes Sofa Bilbao. Mit einer Tiefe von 110 cm l\u00e4dt dich dieses Sofa zu purer Entspannung ein. Die herrlichen Lendenkissen bieten die perfekte Unterst\u00fctzung, egal ob du gem\u00fctlich loungen oder aktiver sitzen m\u00f6chtest.   <\/p>\n<p>Doch es geht nicht nur um Komfort; das Sofa Bilbao ist auch eine Augenweide. Die sch\u00f6nen runden Formen sorgen f\u00fcr eine verspielte Ausstrahlung und verhindern, dass das Sofa wuchtig wirkt. Das Design reicht nahtlos bis zum Boden, was f\u00fcr einen stromlinienf\u00f6rmigen und eleganten Look in jedem Raum sorgt.  <\/p>\n<p>Und es gibt noch mehr! Zu diesem Sofa ist auch ein passender Hocker erh\u00e4ltlich, der dir noch mehr Flexibilit\u00e4t bei der Gestaltung deines Raumes bietet, damit du deine Entspannungsmomente optimal genie\u00dfen kannst. <\/p>\n<p>Aber verlass dich nicht nur auf unser Wort. Komm vorbei und erlebe den Sitzkomfort des Sofas Bilbao selbst. Mit einer gro\u00dfen Auswahl an Stoffen findest du garantiert die perfekte Erg\u00e4nzung f\u00fcr deinen Stil und dein Interieur. Worauf wartest du noch? Entdecke das Sofa Bilbao noch heute und lass dich von unvergleichlichem Komfort und zeitloser Eleganz verw\u00f6hnen.    <\/p>\n","protected":false},"featured_media":5322,"template":"","meta":{"_joinchat":[]},"product_brand":[],"product_cat":[107],"product_tag":[],"class_list":{"0":"post-7721","1":"product","2":"type-product","3":"status-publish","4":"has-post-thumbnail","6":"product_cat-nicht-kategorisiert","8":"first","9":"instock","10":"shipping-taxable","11":"product-type-simple"},"_links":{"self":[{"href":"https:\/\/pinedesign.nl\/de\/wp-json\/wp\/v2\/product\/7721","targetHints":{"allow":["GET"]}}],"collection":[{"href":"https:\/\/pinedesign.nl\/de\/wp-json\/wp\/v2\/product"}],"about":[{"href":"https:\/\/pinedesign.nl\/de\/wp-json\/wp\/v2\/types\/product"}],"wp:featuredmedia":[{"embeddable":true,"href":"https:\/\/pinedesign.nl\/de\/wp-json\/wp\/v2\/media\/5322"}],"wp:attachment":[{"href":"https:\/\/pinedesign.nl\/de\/wp-json\/wp\/v2\/media?parent=7721"}],"wp:term":[{"taxonomy":"product_brand","embeddable":true,"href":"https:\/\/pinedesign.nl\/de\/wp-json\/wp\/v2\/product_brand?post=7721"},{"taxonomy":"product_cat","embeddable":true,"href":"https:\/\/pinedesign.nl\/de\/wp-json\/wp\/v2\/product_cat?post=7721"},{"taxonomy":"product_tag","embeddable":true,"href":"https:\/\/pinedesign.nl\/de\/wp-json\/wp\/v2\/product_tag?post=7721"}],"curies":[{"name":"wp","href":"https:\/\/api.w.org\/{rel}","templated":true}]}}