{"id":7718,"date":"2024-05-17T17:22:57","date_gmt":"2024-05-17T17:22:57","guid":{"rendered":"https:\/\/pinedesign.nl\/product\/modulsofa-emanuelle\/"},"modified":"2024-05-17T17:22:57","modified_gmt":"2024-05-17T17:22:57","slug":"modulsofa-emanuelle","status":"publish","type":"product","link":"https:\/\/pinedesign.nl\/de\/product\/modulsofa-emanuelle\/","title":{"rendered":"Modulsofa Emanuelle"},"content":{"rendered":"<p>Modulsofa Emanuelle von Room108<\/p>\n<p>Vielseitigkeit mit Stil<\/p>\n<p>Das Modulsofa Emanuelle von Room108 bietet unvergleichliche Flexibilit\u00e4t dank einzelner Elemente, die sich einfach kombinieren lassen. So passt du das Sofa perfekt an dein Interieur und deinen pers\u00f6nlichen Stil an. <\/p>\n<p>Organische Formen und moderne Eleganz<\/p>\n<p>Emanuelle passt perfekt zum Trend runder und organischer Formen. Die abgerundeten R\u00fccken- und Armlehnen sowie die weichen Kurven der Sitzfl\u00e4chen verleihen diesem Sofa eine einzigartige, moderne Ausstrahlung. Die vertikalen Ziern\u00e4hte an der R\u00fcckenlehne sorgen f\u00fcr zus\u00e4tzliche Raffinesse, die Emanuelle in jedem Raum zum Blickfang macht.  <\/p>\n<p>Spielerische Erg\u00e4nzung: Der Hocker<\/p>\n<p>F\u00fcr zus\u00e4tzliche Vielseitigkeit und einen spielerischen Effekt f\u00fcgst du den Hocker zwischen zwei Elementen ein. Diese praktische Erg\u00e4nzung bietet nicht nur extra Sitzkomfort, sondern schafft auch eine dynamische und einladende Atmosph\u00e4re. <\/p>\n<p>Unendliche M\u00f6glichkeiten<\/p>\n<p>Mit den vielen Kombinationsm\u00f6glichkeiten und den organischen Formen der Emanuelle gestaltest du m\u00fchelos eine Sitzlandschaft, die perfekt zu deiner Einrichtung passt. Entdecke die Vielseitigkeit und Eleganz der Emanuelle und verwandle dein Wohnzimmer in einen stilvollen und gem\u00fctlichen R\u00fcckzugsort. <\/p>\n<p>Vervollst\u00e4ndige dein Wohnzimmer mit dem vielseitigen Modulsofa Emanuelle von Room108!<\/p>\n<p>In verschiedenen Stoffen und Farben erh\u00e4ltlich<\/p>\n","protected":false},"excerpt":{"rendered":"<p>Modulsofa Emanuelle von Room108<\/p>\n<p>Vielseitigkeit mit Stil<\/p>\n<p>Das Modulsofa Emanuelle von Room108 bietet unvergleichliche Flexibilit\u00e4t dank einzelner Elemente, die sich einfach kombinieren lassen. So passt du das Sofa perfekt an dein Interieur und deinen pers\u00f6nlichen Stil an. <\/p>\n<p>Organische Formen und moderne Eleganz<\/p>\n<p>Emanuelle passt perfekt zum Trend runder und organischer Formen. Die abgerundeten R\u00fccken- und Armlehnen sowie die weichen Kurven der Sitzfl\u00e4chen verleihen diesem Sofa eine einzigartige, moderne Ausstrahlung. Die vertikalen Ziern\u00e4hte an der R\u00fcckenlehne sorgen f\u00fcr zus\u00e4tzliche Raffinesse, die Emanuelle in jedem Raum zum Blickfang macht.  <\/p>\n<p>Spielerische Erg\u00e4nzung: Der Hocker<\/p>\n<p>F\u00fcr zus\u00e4tzliche Vielseitigkeit und einen spielerischen Effekt f\u00fcgst du den Hocker zwischen zwei Elementen ein. Diese praktische Erg\u00e4nzung bietet nicht nur extra Sitzkomfort, sondern schafft auch eine dynamische und einladende Atmosph\u00e4re. <\/p>\n<p>Unendliche M\u00f6glichkeiten<\/p>\n<p>Mit den vielen Kombinationsm\u00f6glichkeiten und den organischen Formen der Emanuelle gestaltest du m\u00fchelos eine Sitzlandschaft, die perfekt zu deiner Einrichtung passt. Entdecke die Vielseitigkeit und Eleganz der Emanuelle und verwandle dein Wohnzimmer in einen stilvollen und gem\u00fctlichen R\u00fcckzugsort. <\/p>\n<p>Vervollst\u00e4ndige dein Wohnzimmer mit dem vielseitigen Modulsofa Emanuelle von Room108!<\/p>\n<p>In verschiedenen Stoffen und Farben erh\u00e4ltlich<\/p>\n","protected":false},"featured_media":5480,"template":"","meta":{"_joinchat":[]},"product_brand":[],"product_cat":[136,147,124,125,134],"product_tag":[],"class_list":{"0":"post-7718","1":"product","2":"type-product","3":"status-publish","4":"has-post-thumbnail","6":"product_cat-marken","7":"product_cat-room108","8":"product_cat-sitzmobel","9":"product_cat-sofa","10":"product_cat-sofas","12":"first","13":"instock","14":"shipping-taxable","15":"product-type-simple"},"_links":{"self":[{"href":"https:\/\/pinedesign.nl\/de\/wp-json\/wp\/v2\/product\/7718","targetHints":{"allow":["GET"]}}],"collection":[{"href":"https:\/\/pinedesign.nl\/de\/wp-json\/wp\/v2\/product"}],"about":[{"href":"https:\/\/pinedesign.nl\/de\/wp-json\/wp\/v2\/types\/product"}],"wp:featuredmedia":[{"embeddable":true,"href":"https:\/\/pinedesign.nl\/de\/wp-json\/wp\/v2\/media\/5480"}],"wp:attachment":[{"href":"https:\/\/pinedesign.nl\/de\/wp-json\/wp\/v2\/media?parent=7718"}],"wp:term":[{"taxonomy":"product_brand","embeddable":true,"href":"https:\/\/pinedesign.nl\/de\/wp-json\/wp\/v2\/product_brand?post=7718"},{"taxonomy":"product_cat","embeddable":true,"href":"https:\/\/pinedesign.nl\/de\/wp-json\/wp\/v2\/product_cat?post=7718"},{"taxonomy":"product_tag","embeddable":true,"href":"https:\/\/pinedesign.nl\/de\/wp-json\/wp\/v2\/product_tag?post=7718"}],"curies":[{"name":"wp","href":"https:\/\/api.w.org\/{rel}","templated":true}]}}