{"id":7712,"date":"2024-04-17T09:58:45","date_gmt":"2024-04-17T09:58:45","guid":{"rendered":"https:\/\/pinedesign.nl\/product\/sofa-ark\/"},"modified":"2024-04-17T09:58:45","modified_gmt":"2024-04-17T09:58:45","slug":"sofa-ark","status":"publish","type":"product","link":"https:\/\/pinedesign.nl\/de\/product\/sofa-ark\/","title":{"rendered":"Sofa Ark"},"content":{"rendered":"<p>Entdecke die Eleganz des Ark Sofas von Cartel Living. Mit seinen erh\u00f6hten F\u00fc\u00dfen strahlt dieses Sofa Leichtigkeit aus, w\u00e4hrend die losen Sitzkissen f\u00fcr eine gem\u00fctliche Optik sorgen. Verleihe deiner Einrichtung mit den abgerundeten Ecken dieses Sofas ein spielerisches Element. Personalisiere dein Ark Sofa mit einem optionalen Beistelltisch f\u00fcr zus\u00e4tzlichen Komfort. Erh\u00e4ltlich in verschiedenen Stoffen und Lederarten sowie in unterschiedlichen Konfigurationen \u2013 vom charmanten 3-Sitzer bis zur gro\u00dfz\u00fcgigen U-Form. Lass dich inspirieren und gestalte den perfekten Sitzbereich f\u00fcr dein Zuhause.     <\/p>\n","protected":false},"excerpt":{"rendered":"<p>Entdecke die Eleganz des Ark Sofas von Cartel Living. Mit seinen erh\u00f6hten F\u00fc\u00dfen strahlt dieses Sofa Leichtigkeit aus, w\u00e4hrend die losen Sitzkissen f\u00fcr eine gem\u00fctliche Optik sorgen. Verleihe deiner Einrichtung mit den abgerundeten Ecken dieses Sofas ein spielerisches Element. Personalisiere dein Ark Sofa mit einem optionalen Beistelltisch f\u00fcr zus\u00e4tzlichen Komfort. Erh\u00e4ltlich in verschiedenen Stoffen und Lederarten sowie in unterschiedlichen Konfigurationen \u2013 vom charmanten 3-Sitzer bis zur gro\u00dfz\u00fcgigen U-Form. Lass dich inspirieren und gestalte den perfekten Sitzbereich f\u00fcr dein Zuhause.     <\/p>\n","protected":false},"featured_media":5299,"template":"","meta":{"_joinchat":[]},"product_brand":[],"product_cat":[136,124,125,134],"product_tag":[],"class_list":{"0":"post-7712","1":"product","2":"type-product","3":"status-publish","4":"has-post-thumbnail","6":"product_cat-marken","7":"product_cat-sitzmobel","8":"product_cat-sofa","9":"product_cat-sofas","11":"first","12":"instock","13":"shipping-taxable","14":"product-type-simple"},"_links":{"self":[{"href":"https:\/\/pinedesign.nl\/de\/wp-json\/wp\/v2\/product\/7712","targetHints":{"allow":["GET"]}}],"collection":[{"href":"https:\/\/pinedesign.nl\/de\/wp-json\/wp\/v2\/product"}],"about":[{"href":"https:\/\/pinedesign.nl\/de\/wp-json\/wp\/v2\/types\/product"}],"wp:featuredmedia":[{"embeddable":true,"href":"https:\/\/pinedesign.nl\/de\/wp-json\/wp\/v2\/media\/5299"}],"wp:attachment":[{"href":"https:\/\/pinedesign.nl\/de\/wp-json\/wp\/v2\/media?parent=7712"}],"wp:term":[{"taxonomy":"product_brand","embeddable":true,"href":"https:\/\/pinedesign.nl\/de\/wp-json\/wp\/v2\/product_brand?post=7712"},{"taxonomy":"product_cat","embeddable":true,"href":"https:\/\/pinedesign.nl\/de\/wp-json\/wp\/v2\/product_cat?post=7712"},{"taxonomy":"product_tag","embeddable":true,"href":"https:\/\/pinedesign.nl\/de\/wp-json\/wp\/v2\/product_tag?post=7712"}],"curies":[{"name":"wp","href":"https:\/\/api.w.org\/{rel}","templated":true}]}}