{"id":7706,"date":"2024-04-17T09:43:18","date_gmt":"2024-04-17T09:43:18","guid":{"rendered":"https:\/\/pinedesign.nl\/product\/sofa-hampton\/"},"modified":"2024-04-17T09:43:18","modified_gmt":"2024-04-17T09:43:18","slug":"sofa-hampton","status":"publish","type":"product","link":"https:\/\/pinedesign.nl\/de\/product\/sofa-hampton\/","title":{"rendered":"Sofa Hampton"},"content":{"rendered":"<p>Das Sofa Hampton hat von Natur aus eine sanfte Ausstrahlung, deren gem\u00fctlicher Look dich direkt einl\u00e4dt. Hampton eignet sich perfekt f\u00fcr das ultimative Lounge-Erlebnis. W\u00e4hle einen Hocker und erweitere deine Sitzm\u00f6glichkeiten. In verschiedenen Stoffen und Gr\u00f6\u00dfen erh\u00e4ltlich. Komm bei uns vorbei, um alle M\u00f6glichkeiten zu entdecken.    <\/p>\n","protected":false},"excerpt":{"rendered":"<p>Das Sofa Hampton hat von Natur aus eine sanfte Ausstrahlung, deren gem\u00fctlicher Look dich direkt einl\u00e4dt. Hampton eignet sich perfekt f\u00fcr das ultimative Lounge-Erlebnis. W\u00e4hle einen Hocker und erweitere deine Sitzm\u00f6glichkeiten. In verschiedenen Stoffen und Gr\u00f6\u00dfen erh\u00e4ltlich. Komm bei uns vorbei, um alle M\u00f6glichkeiten zu entdecken.    <\/p>\n","protected":false},"featured_media":5295,"template":"","meta":{"_joinchat":[]},"product_brand":[],"product_cat":[137,136,124,125,134,107],"product_tag":[],"class_list":{"0":"post-7706","1":"product","2":"type-product","3":"status-publish","4":"has-post-thumbnail","6":"product_cat-dyyk","7":"product_cat-marken","8":"product_cat-sitzmobel","9":"product_cat-sofa","10":"product_cat-sofas","11":"product_cat-nicht-kategorisiert","13":"first","14":"instock","15":"shipping-taxable","16":"product-type-simple"},"_links":{"self":[{"href":"https:\/\/pinedesign.nl\/de\/wp-json\/wp\/v2\/product\/7706","targetHints":{"allow":["GET"]}}],"collection":[{"href":"https:\/\/pinedesign.nl\/de\/wp-json\/wp\/v2\/product"}],"about":[{"href":"https:\/\/pinedesign.nl\/de\/wp-json\/wp\/v2\/types\/product"}],"wp:featuredmedia":[{"embeddable":true,"href":"https:\/\/pinedesign.nl\/de\/wp-json\/wp\/v2\/media\/5295"}],"wp:attachment":[{"href":"https:\/\/pinedesign.nl\/de\/wp-json\/wp\/v2\/media?parent=7706"}],"wp:term":[{"taxonomy":"product_brand","embeddable":true,"href":"https:\/\/pinedesign.nl\/de\/wp-json\/wp\/v2\/product_brand?post=7706"},{"taxonomy":"product_cat","embeddable":true,"href":"https:\/\/pinedesign.nl\/de\/wp-json\/wp\/v2\/product_cat?post=7706"},{"taxonomy":"product_tag","embeddable":true,"href":"https:\/\/pinedesign.nl\/de\/wp-json\/wp\/v2\/product_tag?post=7706"}],"curies":[{"name":"wp","href":"https:\/\/api.w.org\/{rel}","templated":true}]}}