{"id":7702,"date":"2024-04-17T09:34:10","date_gmt":"2024-04-17T09:34:10","guid":{"rendered":"https:\/\/pinedesign.nl\/product\/sofa-sophie\/"},"modified":"2024-04-17T09:34:10","modified_gmt":"2024-04-17T09:34:10","slug":"sofa-sophie","status":"publish","type":"product","link":"https:\/\/pinedesign.nl\/de\/product\/sofa-sophie\/","title":{"rendered":"Sofa Sophie"},"content":{"rendered":"<p>Das Ecksofa Sophie hat feste Sitzfl\u00e4chen und klare Linien, die f\u00fcr einen modernen Look sorgen. Die robuste Form kombiniert mit hohen, schwarzen Metallf\u00fc\u00dfen sorgt f\u00fcr einen coolen und luftigen Effekt. Dieses Ecksofa ist ideal zum zeitlosen Entspannen! Komm bei uns vorbei, um alle M\u00f6glichkeiten zu entdecken.  <\/p>\n","protected":false},"excerpt":{"rendered":"<p>Das Ecksofa Sophie hat feste Sitzfl\u00e4chen und klare Linien, die f\u00fcr einen modernen Look sorgen. Die robuste Form kombiniert mit hohen, schwarzen Metallf\u00fc\u00dfen sorgt f\u00fcr einen coolen und luftigen Effekt. Dieses Ecksofa ist ideal zum zeitlosen Entspannen! Komm bei uns vorbei, um alle M\u00f6glichkeiten zu entdecken.  <\/p>\n","protected":false},"featured_media":3676,"template":"","meta":{"_joinchat":[]},"product_brand":[],"product_cat":[136,147,124,125],"product_tag":[],"class_list":{"0":"post-7702","1":"product","2":"type-product","3":"status-publish","4":"has-post-thumbnail","6":"product_cat-marken","7":"product_cat-room108","8":"product_cat-sitzmobel","9":"product_cat-sofa","11":"first","12":"instock","13":"shipping-taxable","14":"product-type-simple"},"_links":{"self":[{"href":"https:\/\/pinedesign.nl\/de\/wp-json\/wp\/v2\/product\/7702","targetHints":{"allow":["GET"]}}],"collection":[{"href":"https:\/\/pinedesign.nl\/de\/wp-json\/wp\/v2\/product"}],"about":[{"href":"https:\/\/pinedesign.nl\/de\/wp-json\/wp\/v2\/types\/product"}],"wp:featuredmedia":[{"embeddable":true,"href":"https:\/\/pinedesign.nl\/de\/wp-json\/wp\/v2\/media\/3676"}],"wp:attachment":[{"href":"https:\/\/pinedesign.nl\/de\/wp-json\/wp\/v2\/media?parent=7702"}],"wp:term":[{"taxonomy":"product_brand","embeddable":true,"href":"https:\/\/pinedesign.nl\/de\/wp-json\/wp\/v2\/product_brand?post=7702"},{"taxonomy":"product_cat","embeddable":true,"href":"https:\/\/pinedesign.nl\/de\/wp-json\/wp\/v2\/product_cat?post=7702"},{"taxonomy":"product_tag","embeddable":true,"href":"https:\/\/pinedesign.nl\/de\/wp-json\/wp\/v2\/product_tag?post=7702"}],"curies":[{"name":"wp","href":"https:\/\/api.w.org\/{rel}","templated":true}]}}