{"id":7701,"date":"2024-03-30T14:56:22","date_gmt":"2024-03-30T14:56:22","guid":{"rendered":"https:\/\/pinedesign.nl\/product\/sofa-vigo\/"},"modified":"2024-03-30T14:56:22","modified_gmt":"2024-03-30T14:56:22","slug":"sofa-vigo","status":"publish","type":"product","link":"https:\/\/pinedesign.nl\/de\/product\/sofa-vigo\/","title":{"rendered":"Sofa Vigo"},"content":{"rendered":"<p>Entdecke die perfekte Kombination aus Eleganz und Funktionalit\u00e4t mit dem Sofa Vigo. Dieses wundersch\u00f6ne Modulsofa verleiht jedem Raum eine stilvolle Note. Die luftigen F\u00fc\u00dfe verleihen ihm einen leichten, modernen Charakter, w\u00e4hrend verschiedene Stoffe und Gr\u00f6\u00dfen garantieren, dass es perfekt in dein Interieur passt. F\u00fcr extra Komfort ist das Sofa auch mit einer bequemen Kopfst\u00fctze erh\u00e4ltlich, damit du optimal entspannen kannst. Entscheide dich f\u00fcr das Sofa Vigo und schaffe eine gem\u00fctliche, stilvolle Sitzecke, die du immer wieder genie\u00dfen wirst.    <\/p>\n","protected":false},"excerpt":{"rendered":"<p>Entdecke die perfekte Kombination aus Eleganz und Funktionalit\u00e4t mit dem Sofa Vigo. Dieses wundersch\u00f6ne Modulsofa verleiht jedem Raum eine stilvolle Note. Die luftigen F\u00fc\u00dfe verleihen ihm einen leichten, modernen Charakter, w\u00e4hrend verschiedene Stoffe und Gr\u00f6\u00dfen garantieren, dass es perfekt in dein Interieur passt. F\u00fcr extra Komfort ist das Sofa auch mit einer bequemen Kopfst\u00fctze erh\u00e4ltlich, damit du optimal entspannen kannst. Entscheide dich f\u00fcr das Sofa Vigo und schaffe eine gem\u00fctliche, stilvolle Sitzecke, die du immer wieder genie\u00dfen wirst.    <\/p>\n","protected":false},"featured_media":5264,"template":"","meta":{"_joinchat":[]},"product_brand":[],"product_cat":[124,125,134],"product_tag":[],"class_list":{"0":"post-7701","1":"product","2":"type-product","3":"status-publish","4":"has-post-thumbnail","6":"product_cat-sitzmobel","7":"product_cat-sofa","8":"product_cat-sofas","10":"first","11":"instock","12":"shipping-taxable","13":"product-type-simple"},"_links":{"self":[{"href":"https:\/\/pinedesign.nl\/de\/wp-json\/wp\/v2\/product\/7701","targetHints":{"allow":["GET"]}}],"collection":[{"href":"https:\/\/pinedesign.nl\/de\/wp-json\/wp\/v2\/product"}],"about":[{"href":"https:\/\/pinedesign.nl\/de\/wp-json\/wp\/v2\/types\/product"}],"wp:featuredmedia":[{"embeddable":true,"href":"https:\/\/pinedesign.nl\/de\/wp-json\/wp\/v2\/media\/5264"}],"wp:attachment":[{"href":"https:\/\/pinedesign.nl\/de\/wp-json\/wp\/v2\/media?parent=7701"}],"wp:term":[{"taxonomy":"product_brand","embeddable":true,"href":"https:\/\/pinedesign.nl\/de\/wp-json\/wp\/v2\/product_brand?post=7701"},{"taxonomy":"product_cat","embeddable":true,"href":"https:\/\/pinedesign.nl\/de\/wp-json\/wp\/v2\/product_cat?post=7701"},{"taxonomy":"product_tag","embeddable":true,"href":"https:\/\/pinedesign.nl\/de\/wp-json\/wp\/v2\/product_tag?post=7701"}],"curies":[{"name":"wp","href":"https:\/\/api.w.org\/{rel}","templated":true}]}}